{"id":1518,"date":"2023-10-20T01:27:05","date_gmt":"2023-10-20T04:27:05","guid":{"rendered":"https:\/\/bemfeitos.com.br\/?page_id=1518"},"modified":"2023-11-25T03:27:02","modified_gmt":"2023-11-25T06:27:02","slug":"politica-de-devolucao","status":"publish","type":"page","link":"https:\/\/bemfeitos.com.br\/index.php\/politica-de-devolucao\/","title":{"rendered":"Pol\u00edtica de Devolu\u00e7\u00e3o"},"content":{"rendered":"<p>Nossa pol\u00edtica de trocas dos produtos visa proporcionar ao cliente total seguran\u00e7a em rela\u00e7\u00e3o aos produtos adquiridos em nossa loja.\u00a0Todos nossos\u00a0produtos possuem\u00a0garantia contra defeitos de fabrica\u00e7\u00e3o.<\/p>\n<p>Para troca de produtos com <strong>DEFEITOS <\/strong>ou<strong> V\u00cdCIOS<\/strong><\/p>\n<p>Se voc\u00ea recebeu seu produto com defeito, \u00e9 necess\u00e1rio enviar e-mail com foto do produto com defeito ou v\u00edcio + o n\u00famero do pedido para o endere\u00e7o eletr\u00f4nico: atendimento@bemfeitos.com.br dentro do prazo m\u00e1ximo de at\u00e9 90 (trinta) dias corridos ap\u00f3s o seu recebimento &#8211; conforme C\u00f3digo de Defesa do Consumidor.<\/p>\n<p>Se o defeito for de fabrica\u00e7\u00e3o ou por v\u00edcio, voc\u00ea poder\u00e1 escolher uma das seguintes alternativas:<\/p>\n<ul>\n<li>Receber o reembolso do valor pago.<\/li>\n<li>Receber um novo produto igual o encomendado.<\/li>\n<li>Receber um produto de valor semelhante.<\/li>\n<li>Receber um cupom com o valor do produto para utilizar em compras futuras.<\/li>\n<\/ul>\n<p>Lembre-se: esta troca n\u00e3o inclui mau uso.<\/p>\n<p>DEVOLU\u00c7\u00c3O DE PRODUTO POR ARREPENDIMENTO DE COMPRA<\/p>\n<p>Caso voc\u00ea tenha feito o pedido, mas o produto n\u00e3o \u00e9 exatamente como voc\u00ea imaginava ou at\u00e9 mesmo voc\u00ea se arrependeu e n\u00e3o quer mais ficar com ele, n\u00e3o se preocupe! Voc\u00ea pode desistir da compra no prazo de at\u00e9 7 (sete) dias corridos. Lembramos que:<br \/>\n&#8211; N\u00e3o devem ter sinais de uso no produto;<br \/>\n&#8211; A embalagem n\u00e3o deve estar violada ou de qualquer maneira prejudicada.<br \/>\n&#8211; O produto deve conter todas as pe\u00e7as\/componentes originais;<br \/>\n&#8211; O frete da devolu\u00e7\u00e3o \u00e9 por conta do cliente.<\/p>\n<p>Lembre-se: Produtos e embalagens devem estar INTACTOS, sem marcas de uso ou qualquer danifica\u00e7\u00e3o.<\/p>\n<p>Se tudo est\u00e1 de acordo para proceder com a troca envie um e-mail para atendimento@bemfeitos.com.br, com o numero do seu pedido ou a foto da nota fiscal para identificarmos sua compra e retornaremos com orienta\u00e7\u00f5es em at\u00e9 3 dias \u00fateis. Uma vez recebida a sua devolu\u00e7\u00e3o em nosso endere\u00e7o, o produto passa por uma avalia\u00e7\u00e3o, e se estiver tudo de acordo com as condi\u00e7\u00f5es informadas acima geramos um cr\u00e9dito em at\u00e9 3 dias \u00fateis ou devolvemos o dinheiro:<br \/>\n&#8211; Cart\u00e3o de cr\u00e9dito &#8211; estornado na fatura em at\u00e9 30 (trinta) dias.<br \/>\n&#8211; Boleto ou dep\u00f3sito banc\u00e1rio: valor ser\u00e1 devolvido integral em at\u00e9 7 dias \u00fateis.<\/p>\n<p>Disponibilizamos nossos contatos para qualquer d\u00favida:<\/p>\n<p>atendimento@bemfeitos.com.br | (21) 98015-6441 Whatsapp<\/p>\n<p>OBS: Todas as garantias s\u00e3o dadas pelos fabricantes e variam de produto para produto.<\/p>\n","protected":false},"excerpt":{"rendered":"<p>Nossa pol\u00edtica de trocas dos produtos visa proporcionar ao cliente total seguran\u00e7a em rela\u00e7\u00e3o aos produtos adquiridos em nossa loja.\u00a0Todos nossos\u00a0produtos possuem\u00a0garantia contra defeitos de fabrica\u00e7\u00e3o. Para troca de produtos com DEFEITOS ou V\u00cdCIOS Se voc\u00ea recebeu seu produto com defeito, \u00e9 necess\u00e1rio enviar e-mail com foto do produto com defeito ou v\u00edcio + o &hellip;<\/p>\n<p class=\"read-more\"> <a class=\"\" href=\"https:\/\/bemfeitos.com.br\/index.php\/politica-de-devolucao\/\"> <span class=\"screen-reader-text\">Pol\u00edtica de Devolu\u00e7\u00e3o<\/span> Leia mais &raquo;<\/a><\/p>\n","protected":false},"author":1,"featured_media":0,"parent":0,"menu_order":0,"comment_status":"closed","ping_status":"closed","template":"","meta":{"_monsterinsights_skip_tracking":false,"_monsterinsights_sitenote_active":false,"_monsterinsights_sitenote_note":"","_monsterinsights_sitenote_category":0,"site-sidebar-layout":"default","site-content-layout":"","ast-site-content-layout":"","site-content-style":"default","site-sidebar-style":"default","ast-global-header-display":"","ast-banner-title-visibility":"","ast-main-header-display":"","ast-hfb-above-header-display":"","ast-hfb-below-header-display":"","ast-hfb-mobile-header-display":"","site-post-title":"","ast-breadcrumbs-content":"","ast-featured-img":"","footer-sml-layout":"","theme-transparent-header-meta":"","adv-header-id-meta":"","stick-header-meta":"","header-above-stick-meta":"","header-main-stick-meta":"","header-below-stick-meta":"","astra-migrate-meta-layouts":"","footnotes":""},"class_list":["post-1518","page","type-page","status-publish","hentry"],"aioseo_notices":[],"_links":{"self":[{"href":"https:\/\/bemfeitos.com.br\/index.php\/wp-json\/wp\/v2\/pages\/1518"}],"collection":[{"href":"https:\/\/bemfeitos.com.br\/index.php\/wp-json\/wp\/v2\/pages"}],"about":[{"href":"https:\/\/bemfeitos.com.br\/index.php\/wp-json\/wp\/v2\/types\/page"}],"author":[{"embeddable":true,"href":"https:\/\/bemfeitos.com.br\/index.php\/wp-json\/wp\/v2\/users\/1"}],"replies":[{"embeddable":true,"href":"https:\/\/bemfeitos.com.br\/index.php\/wp-json\/wp\/v2\/comments?post=1518"}],"version-history":[{"count":9,"href":"https:\/\/bemfeitos.com.br\/index.php\/wp-json\/wp\/v2\/pages\/1518\/revisions"}],"predecessor-version":[{"id":1617,"href":"https:\/\/bemfeitos.com.br\/index.php\/wp-json\/wp\/v2\/pages\/1518\/revisions\/1617"}],"wp:attachment":[{"href":"https:\/\/bemfeitos.com.br\/index.php\/wp-json\/wp\/v2\/media?parent=1518"}],"curies":[{"name":"wp","href":"https:\/\/api.w.org\/{rel}","templated":true}]}}