{"id":1556,"date":"2023-11-24T04:11:10","date_gmt":"2023-11-24T07:11:10","guid":{"rendered":"https:\/\/bemfeitos.com.br\/?page_id=1556"},"modified":"2023-11-25T02:12:40","modified_gmt":"2023-11-25T05:12:40","slug":"fale-conosco","status":"publish","type":"page","link":"https:\/\/bemfeitos.com.br\/index.php\/fale-conosco\/","title":{"rendered":"Fale Conosco"},"content":{"rendered":"<p>Estamos a sua disposi\u00e7\u00e3o para esclarecimento de d\u00favidas, reclama\u00e7\u00f5es e sugest\u00f5es.<br \/>\nEntre em contato conosco atrav\u00e9s de um dos nossos canais de atendimento:<br \/>\nWhatsapp (21) 98015-6441, Instagram @bemfeitobf, pelo formul\u00e1rio abaixo ou no endere\u00e7o em que estamos localizados, na Avenida Mirandela N\u00ba1255, Loja D &#8211; Nil\u00f3polis &#8211; RJ.<\/p>\n<p>[wpforms id=&#8221;1599&#8243;]<\/p>\n","protected":false},"excerpt":{"rendered":"<p>Estamos a sua disposi\u00e7\u00e3o para esclarecimento de d\u00favidas, reclama\u00e7\u00f5es e sugest\u00f5es. Entre em contato conosco atrav\u00e9s de um dos nossos canais de atendimento: Whatsapp (21) 98015-6441, Instagram @bemfeitobf, pelo formul\u00e1rio abaixo ou no endere\u00e7o em que estamos localizados, na Avenida Mirandela N\u00ba1255, Loja D &#8211; Nil\u00f3polis &#8211; RJ. [wpforms id=&#8221;1599&#8243;]<\/p>\n","protected":false},"author":1,"featured_media":0,"parent":0,"menu_order":0,"comment_status":"closed","ping_status":"closed","template":"","meta":{"_monsterinsights_skip_tracking":false,"_monsterinsights_sitenote_active":false,"_monsterinsights_sitenote_note":"","_monsterinsights_sitenote_category":0,"site-sidebar-layout":"default","site-content-layout":"","ast-site-content-layout":"","site-content-style":"default","site-sidebar-style":"default","ast-global-header-display":"","ast-banner-title-visibility":"","ast-main-header-display":"","ast-hfb-above-header-display":"","ast-hfb-below-header-display":"","ast-hfb-mobile-header-display":"","site-post-title":"","ast-breadcrumbs-content":"","ast-featured-img":"","footer-sml-layout":"","theme-transparent-header-meta":"","adv-header-id-meta":"","stick-header-meta":"","header-above-stick-meta":"","header-main-stick-meta":"","header-below-stick-meta":"","astra-migrate-meta-layouts":"","footnotes":""},"class_list":["post-1556","page","type-page","status-publish","hentry"],"aioseo_notices":[],"_links":{"self":[{"href":"https:\/\/bemfeitos.com.br\/index.php\/wp-json\/wp\/v2\/pages\/1556"}],"collection":[{"href":"https:\/\/bemfeitos.com.br\/index.php\/wp-json\/wp\/v2\/pages"}],"about":[{"href":"https:\/\/bemfeitos.com.br\/index.php\/wp-json\/wp\/v2\/types\/page"}],"author":[{"embeddable":true,"href":"https:\/\/bemfeitos.com.br\/index.php\/wp-json\/wp\/v2\/users\/1"}],"replies":[{"embeddable":true,"href":"https:\/\/bemfeitos.com.br\/index.php\/wp-json\/wp\/v2\/comments?post=1556"}],"version-history":[{"count":5,"href":"https:\/\/bemfeitos.com.br\/index.php\/wp-json\/wp\/v2\/pages\/1556\/revisions"}],"predecessor-version":[{"id":1605,"href":"https:\/\/bemfeitos.com.br\/index.php\/wp-json\/wp\/v2\/pages\/1556\/revisions\/1605"}],"wp:attachment":[{"href":"https:\/\/bemfeitos.com.br\/index.php\/wp-json\/wp\/v2\/media?parent=1556"}],"curies":[{"name":"wp","href":"https:\/\/api.w.org\/{rel}","templated":true}]}}