{"id":1608,"date":"2023-11-25T02:21:04","date_gmt":"2023-11-25T05:21:04","guid":{"rendered":"https:\/\/bemfeitos.com.br\/?page_id=1608"},"modified":"2023-11-25T02:45:24","modified_gmt":"2023-11-25T05:45:24","slug":"formas-de-pagamento","status":"publish","type":"page","link":"https:\/\/bemfeitos.com.br\/index.php\/formas-de-pagamento\/","title":{"rendered":"Formas de Pagamento"},"content":{"rendered":"<p>Voc\u00ea pode fazer o pagamento da sua compra utilizando boleto, cart\u00e3o de cr\u00e9dito, em at\u00e9 12x, ou Pix.<\/p>\n<p>Boleto banc\u00e1rio<br \/>N\u00f3s emitimos e enviamos um boleto banc\u00e1rio para voc\u00ea por e-mail, que deve ser pago at\u00e9 a data de vencimento indicada. Se o pagamento n\u00e3o for realizado dentro desse prazo, a sua compra ser\u00e1 automaticamente cancelada. As compras realizadas via boleto banc\u00e1rio, podem demorar at\u00e9 72 horas \u00fateis para serem aprovadas, pois esse \u00e9 o prazo para a compensa\u00e7\u00e3o banc\u00e1ria.<\/p>\n<p>Cart\u00e3o de cr\u00e9dito<br \/>Aceitamos as principais bandeiras &#8211; Visa, Mastercard, Elo, Hipercard e Amex. A Bem-Feito Presentes e Papelaria n\u00e3o ter\u00e1 acesso aos n\u00fameros e demais informa\u00e7\u00f5es do cart\u00e3o de cr\u00e9dito que voc\u00ea utilizar. Esses dados ser\u00e3o transmitidos de maneira criptografada e sem interfer\u00eancia de terceiros para a administradora do cart\u00e3o de cr\u00e9dito.<\/p>\n<p>Lembramos que as compras podem ser parceladas em at\u00e9 12 vezes, e que o prazo de entrega inicia-se ap\u00f3s a identifica\u00e7\u00e3o e aprova\u00e7\u00e3o do pagamento. N\u00e3o \u00e9 poss\u00edvel alterar a forma de pagamento ap\u00f3s sele\u00e7\u00e3o e finaliza\u00e7\u00e3o da compra. Todas as compras realizadas via cart\u00e3o de cr\u00e9dito passar\u00e3o por uma an\u00e1lise, e, por isso, podem demorar at\u00e9 48 horas para serem aprovadas.<\/p>\n<p>Pix<br \/>Ao selecionar essa op\u00e7\u00e3o de pagamento, um QR code ser\u00e1 gerado para que voc\u00ea possa realizar o seu pagamento. Abra o app do seu banco e, na op\u00e7\u00e3o Pix, aponte a c\u00e2mera do celular para o c\u00f3digo, ou copie e cole a sequ\u00eancia num\u00e9rica se preferir. Confira os dados e confirme seu pagamento pelo app do banco.<\/p><figure class=\"wp-block-image size-full is-resized\"><img fetchpriority=\"high\" decoding=\"async\" width=\"1024\" height=\"360\" src=\"https:\/\/bemfeitos.com.br\/wp-content\/uploads\/2023\/11\/pagamento01.webp\" alt=\"\" class=\"wp-image-1613\" style=\"width:413px;height:auto\" srcset=\"https:\/\/bemfeitos.com.br\/wp-content\/uploads\/2023\/11\/pagamento01.webp 1024w, https:\/\/bemfeitos.com.br\/wp-content\/uploads\/2023\/11\/pagamento01-300x105.webp 300w, https:\/\/bemfeitos.com.br\/wp-content\/uploads\/2023\/11\/pagamento01-768x270.webp 768w, https:\/\/bemfeitos.com.br\/wp-content\/uploads\/2023\/11\/pagamento01-600x211.webp 600w\" sizes=\"(max-width: 1024px) 100vw, 1024px\" \/><\/figure>","protected":false},"excerpt":{"rendered":"<p>Voc\u00ea pode fazer o pagamento da sua compra utilizando boleto, cart\u00e3o de cr\u00e9dito, em at\u00e9 12x, ou Pix. Boleto banc\u00e1rioN\u00f3s emitimos e enviamos um boleto banc\u00e1rio para voc\u00ea por e-mail, que deve ser pago at\u00e9 a data de vencimento indicada. Se o pagamento n\u00e3o for realizado dentro desse prazo, a sua compra ser\u00e1 automaticamente cancelada. &hellip;<\/p>\n<p class=\"read-more\"> <a class=\"\" href=\"https:\/\/bemfeitos.com.br\/index.php\/formas-de-pagamento\/\"> <span class=\"screen-reader-text\">Formas de Pagamento<\/span> Leia mais &raquo;<\/a><\/p>\n","protected":false},"author":1,"featured_media":0,"parent":0,"menu_order":0,"comment_status":"closed","ping_status":"closed","template":"","meta":{"_monsterinsights_skip_tracking":false,"_monsterinsights_sitenote_active":false,"_monsterinsights_sitenote_note":"","_monsterinsights_sitenote_category":0,"site-sidebar-layout":"default","site-content-layout":"","ast-site-content-layout":"","site-content-style":"default","site-sidebar-style":"default","ast-global-header-display":"","ast-banner-title-visibility":"","ast-main-header-display":"","ast-hfb-above-header-display":"","ast-hfb-below-header-display":"","ast-hfb-mobile-header-display":"","site-post-title":"","ast-breadcrumbs-content":"","ast-featured-img":"","footer-sml-layout":"","theme-transparent-header-meta":"","adv-header-id-meta":"","stick-header-meta":"","header-above-stick-meta":"","header-main-stick-meta":"","header-below-stick-meta":"","astra-migrate-meta-layouts":"","footnotes":""},"class_list":["post-1608","page","type-page","status-publish","hentry"],"aioseo_notices":[],"_links":{"self":[{"href":"https:\/\/bemfeitos.com.br\/index.php\/wp-json\/wp\/v2\/pages\/1608"}],"collection":[{"href":"https:\/\/bemfeitos.com.br\/index.php\/wp-json\/wp\/v2\/pages"}],"about":[{"href":"https:\/\/bemfeitos.com.br\/index.php\/wp-json\/wp\/v2\/types\/page"}],"author":[{"embeddable":true,"href":"https:\/\/bemfeitos.com.br\/index.php\/wp-json\/wp\/v2\/users\/1"}],"replies":[{"embeddable":true,"href":"https:\/\/bemfeitos.com.br\/index.php\/wp-json\/wp\/v2\/comments?post=1608"}],"version-history":[{"count":5,"href":"https:\/\/bemfeitos.com.br\/index.php\/wp-json\/wp\/v2\/pages\/1608\/revisions"}],"predecessor-version":[{"id":1615,"href":"https:\/\/bemfeitos.com.br\/index.php\/wp-json\/wp\/v2\/pages\/1608\/revisions\/1615"}],"wp:attachment":[{"href":"https:\/\/bemfeitos.com.br\/index.php\/wp-json\/wp\/v2\/media?parent=1608"}],"curies":[{"name":"wp","href":"https:\/\/api.w.org\/{rel}","templated":true}]}}