{"id":1004,"date":"2023-09-21T16:31:52","date_gmt":"2023-09-21T19:31:52","guid":{"rendered":"https:\/\/bemfeitos.com.br\/?post_type=product&#038;p=1004"},"modified":"2023-09-23T02:40:31","modified_gmt":"2023-09-23T05:40:31","slug":"marca-pagina-melhor-professora-do-mundo","status":"publish","type":"product","link":"https:\/\/bemfeitos.com.br\/index.php\/product\/marca-pagina-melhor-professora-do-mundo\/","title":{"rendered":"Marca P\u00e1gina Melhor Professora do Mundo"},"content":{"rendered":"<p>Todo mundo tem uma professora que marcou a sua vida e por isso preparamos esse marca p\u00e1gina para que voc\u00ea possa presente\u00e1-la nessa data t\u00e3o especial.<\/p>\n<p>Marca p\u00e1gina DIA DOS PROFESSORES<\/p>\n<p>Com calend\u00e1rio 2024 no verso e el\u00e1stico para fixar em cadernos, pastas ou livros.<\/p>\n<p>Pr\u00e1tico e super \u00fatil.<\/p>\n<p>Personalizamos com o nome do (a) professor (a).<\/p>\n<p>Incluir nome no campo observa\u00e7\u00e3o na hora do pedido.<\/p>\n<p>&nbsp;<\/p>\n<p><a href=\"https:\/\/bemfeitos.com.br\">Bem-Feito Presentes e Papelaria<\/a><\/p>\n<p>&nbsp;<\/p>\n","protected":false},"excerpt":{"rendered":"<p>Nesse dia t\u00e3o especial, presenteie a sua professora com um presente \u00fatil, charmoso e encantador!<\/p>\n","protected":false},"featured_media":1005,"comment_status":"open","ping_status":"closed","template":"","meta":{"_monsterinsights_skip_tracking":false,"_monsterinsights_sitenote_active":false,"_monsterinsights_sitenote_note":"","_monsterinsights_sitenote_category":0,"site-sidebar-layout":"default","site-content-layout":"","ast-site-content-layout":"default","site-content-style":"default","site-sidebar-style":"default","ast-global-header-display":"","ast-banner-title-visibility":"","ast-main-header-display":"","ast-hfb-above-header-display":"","ast-hfb-below-header-display":"","ast-hfb-mobile-header-display":"","site-post-title":"","ast-breadcrumbs-content":"","ast-featured-img":"","footer-sml-layout":"","theme-transparent-header-meta":"default","adv-header-id-meta":"","stick-header-meta":"","header-above-stick-meta":"","header-main-stick-meta":"","header-below-stick-meta":"","astra-migrate-meta-layouts":"set"},"product_cat":[50],"product_tag":[],"class_list":{"0":"post-1004","1":"product","2":"type-product","3":"status-publish","4":"has-post-thumbnail","6":"product_cat-dia-dos-professores","7":"desktop-align-left","8":"tablet-align-left","9":"mobile-align-left","11":"first","12":"instock","13":"purchasable","14":"product-type-simple"},"aioseo_notices":[],"_links":{"self":[{"href":"https:\/\/bemfeitos.com.br\/index.php\/wp-json\/wp\/v2\/product\/1004"}],"collection":[{"href":"https:\/\/bemfeitos.com.br\/index.php\/wp-json\/wp\/v2\/product"}],"about":[{"href":"https:\/\/bemfeitos.com.br\/index.php\/wp-json\/wp\/v2\/types\/product"}],"replies":[{"embeddable":true,"href":"https:\/\/bemfeitos.com.br\/index.php\/wp-json\/wp\/v2\/comments?post=1004"}],"version-history":[{"count":1,"href":"https:\/\/bemfeitos.com.br\/index.php\/wp-json\/wp\/v2\/product\/1004\/revisions"}],"predecessor-version":[{"id":1130,"href":"https:\/\/bemfeitos.com.br\/index.php\/wp-json\/wp\/v2\/product\/1004\/revisions\/1130"}],"wp:featuredmedia":[{"embeddable":true,"href":"https:\/\/bemfeitos.com.br\/index.php\/wp-json\/wp\/v2\/media\/1005"}],"wp:attachment":[{"href":"https:\/\/bemfeitos.com.br\/index.php\/wp-json\/wp\/v2\/media?parent=1004"}],"wp:term":[{"taxonomy":"product_cat","embeddable":true,"href":"https:\/\/bemfeitos.com.br\/index.php\/wp-json\/wp\/v2\/product_cat?post=1004"},{"taxonomy":"product_tag","embeddable":true,"href":"https:\/\/bemfeitos.com.br\/index.php\/wp-json\/wp\/v2\/product_tag?post=1004"}],"curies":[{"name":"wp","href":"https:\/\/api.w.org\/{rel}","templated":true}]}}