{"id":1008,"date":"2023-09-21T17:38:01","date_gmt":"2023-09-21T20:38:01","guid":{"rendered":"https:\/\/bemfeitos.com.br\/?post_type=product&#038;p=1008"},"modified":"2024-03-07T13:34:12","modified_gmt":"2024-03-07T16:34:12","slug":"caderno-coracao-a5","status":"publish","type":"product","link":"https:\/\/bemfeitos.com.br\/index.php\/product\/caderno-coracao-a5\/","title":{"rendered":"Caderno Cora\u00e7\u00e3o A5"},"content":{"rendered":"<p>Caderno Cora\u00e7\u00e3o A5 com capa dura e el\u00e1stico de fechamento.<\/p>\n<p>Acabamento em Hotstamp e Wire-o metalizado.<\/p>\n<p>100 folhas pautadas.<\/p>\n<p>&nbsp;<\/p>\n<p><a href=\"https:\/\/bemfeitos.com.br\">Bem-Feito Presentes e Papelaria<\/a><\/p>\n","protected":false},"excerpt":{"rendered":"<p>Caderno Cora\u00e7\u00e3o A5 com capa dura e el\u00e1stico de fechamento acabamento em Hotstamp e Wire-o metalizado.<\/p>\n","protected":false},"featured_media":1010,"comment_status":"open","ping_status":"closed","template":"","meta":{"_monsterinsights_skip_tracking":false,"_monsterinsights_sitenote_active":false,"_monsterinsights_sitenote_note":"","_monsterinsights_sitenote_category":0,"site-sidebar-layout":"default","site-content-layout":"","ast-site-content-layout":"default","site-content-style":"default","site-sidebar-style":"default","ast-global-header-display":"","ast-banner-title-visibility":"","ast-main-header-display":"","ast-hfb-above-header-display":"","ast-hfb-below-header-display":"","ast-hfb-mobile-header-display":"","site-post-title":"","ast-breadcrumbs-content":"","ast-featured-img":"","footer-sml-layout":"","theme-transparent-header-meta":"default","adv-header-id-meta":"","stick-header-meta":"","header-above-stick-meta":"","header-main-stick-meta":"","header-below-stick-meta":"","astra-migrate-meta-layouts":"set"},"product_cat":[142,50],"product_tag":[],"class_list":{"0":"post-1008","1":"product","2":"type-product","3":"status-publish","4":"has-post-thumbnail","6":"product_cat-caderno","7":"product_cat-dia-dos-professores","8":"desktop-align-left","9":"tablet-align-left","10":"mobile-align-left","12":"first","13":"instock","14":"purchasable","15":"product-type-variable"},"aioseo_notices":[],"_links":{"self":[{"href":"https:\/\/bemfeitos.com.br\/index.php\/wp-json\/wp\/v2\/product\/1008"}],"collection":[{"href":"https:\/\/bemfeitos.com.br\/index.php\/wp-json\/wp\/v2\/product"}],"about":[{"href":"https:\/\/bemfeitos.com.br\/index.php\/wp-json\/wp\/v2\/types\/product"}],"replies":[{"embeddable":true,"href":"https:\/\/bemfeitos.com.br\/index.php\/wp-json\/wp\/v2\/comments?post=1008"}],"version-history":[{"count":1,"href":"https:\/\/bemfeitos.com.br\/index.php\/wp-json\/wp\/v2\/product\/1008\/revisions"}],"predecessor-version":[{"id":1158,"href":"https:\/\/bemfeitos.com.br\/index.php\/wp-json\/wp\/v2\/product\/1008\/revisions\/1158"}],"wp:featuredmedia":[{"embeddable":true,"href":"https:\/\/bemfeitos.com.br\/index.php\/wp-json\/wp\/v2\/media\/1010"}],"wp:attachment":[{"href":"https:\/\/bemfeitos.com.br\/index.php\/wp-json\/wp\/v2\/media?parent=1008"}],"wp:term":[{"taxonomy":"product_cat","embeddable":true,"href":"https:\/\/bemfeitos.com.br\/index.php\/wp-json\/wp\/v2\/product_cat?post=1008"},{"taxonomy":"product_tag","embeddable":true,"href":"https:\/\/bemfeitos.com.br\/index.php\/wp-json\/wp\/v2\/product_tag?post=1008"}],"curies":[{"name":"wp","href":"https:\/\/api.w.org\/{rel}","templated":true}]}}