{"id":1100,"date":"2023-09-22T16:52:35","date_gmt":"2023-09-22T19:52:35","guid":{"rendered":"https:\/\/bemfeitos.com.br\/?post_type=product&#038;p=1100"},"modified":"2024-11-07T12:13:22","modified_gmt":"2024-11-07T15:13:22","slug":"caneta-fofa-gatinho-lantejoula","status":"publish","type":"product","link":"https:\/\/bemfeitos.com.br\/index.php\/product\/caneta-fofa-gatinho-lantejoula\/","title":{"rendered":"Caneta Fofa Melancia"},"content":{"rendered":"<div class=\"aioseo-row aioseo-settings-row snippet-preview-row\">\n<div class=\"aioseo-col col-xs-12 col-md-9 text-xs-left\">\n<div class=\"settings-content\">\n<div class=\"aioseo-google-search-preview\" data-v-7978e031=\"\">\n<div class=\"google-post\" data-v-7978e031=\"\">\n<div class=\"meta-description\" data-v-7978e031=\"\">Caneta fofa Melancia com qualidade e beleza que voc\u00ea merece, voc\u00ea n\u00e3o pode deixar essa linda caneta <span style=\"font-size: 16px;\">de fora da sua cole\u00e7\u00e3o.<\/span><\/div>\n<div class=\"meta-description\" data-v-7978e031=\"\"><span style=\"font-size: 16px;\">Com tra\u00e7ado fino e tinta em gel ela proporciona uma escrita macia e confort\u00e1vel.<\/span><\/div>\n<div data-v-7978e031=\"\"><\/div>\n<div data-v-7978e031=\"\">Caracter\u00edsticas:<\/div>\n<div data-v-7978e031=\"\"><span style=\"font-size: 16px;\">Ponta de escrita: 0.5mm<\/span><\/div>\n<div data-v-7978e031=\"\"><span style=\"font-size: 16px;\">Caneta de tinta em gel<\/span><\/div>\n<div data-v-7978e031=\"\"><span style=\"font-size: 16px;\">C<\/span><span style=\"font-size: 16px;\">or da tinta: preta<\/span><\/div>\n<\/div>\n<\/div>\n<\/div>\n<\/div>\n<\/div>\n<p>&nbsp;<\/p>\n<p><a href=\"https:\/\/bemfeitos.com.br\">Bem-Feito Presentes e Papelaria<\/a><\/p>\n","protected":false},"excerpt":{"rendered":"<p>Caneta fofa melancia com qualidade e beleza, possui escrita fina e macia. Excelente para compor a sua cole\u00e7\u00e3o.<\/p>\n<p>Voc\u00ea n\u00e3o pode ficar sem a sua.<\/p>\n","protected":false},"featured_media":1113,"comment_status":"open","ping_status":"closed","template":"","meta":{"_monsterinsights_skip_tracking":false,"_monsterinsights_sitenote_active":false,"_monsterinsights_sitenote_note":"","_monsterinsights_sitenote_category":0,"site-sidebar-layout":"default","site-content-layout":"","ast-site-content-layout":"default","site-content-style":"default","site-sidebar-style":"default","ast-global-header-display":"","ast-banner-title-visibility":"","ast-main-header-display":"","ast-hfb-above-header-display":"","ast-hfb-below-header-display":"","ast-hfb-mobile-header-display":"","site-post-title":"","ast-breadcrumbs-content":"","ast-featured-img":"","footer-sml-layout":"","theme-transparent-header-meta":"default","adv-header-id-meta":"","stick-header-meta":"","header-above-stick-meta":"","header-main-stick-meta":"","header-below-stick-meta":"","astra-migrate-meta-layouts":"set"},"product_cat":[20],"product_tag":[],"class_list":{"0":"post-1100","1":"product","2":"type-product","3":"status-publish","4":"has-post-thumbnail","6":"product_cat-canetas","7":"desktop-align-left","8":"tablet-align-left","9":"mobile-align-left","11":"first","12":"instock","13":"purchasable","14":"product-type-variable"},"aioseo_notices":[],"_links":{"self":[{"href":"https:\/\/bemfeitos.com.br\/index.php\/wp-json\/wp\/v2\/product\/1100"}],"collection":[{"href":"https:\/\/bemfeitos.com.br\/index.php\/wp-json\/wp\/v2\/product"}],"about":[{"href":"https:\/\/bemfeitos.com.br\/index.php\/wp-json\/wp\/v2\/types\/product"}],"replies":[{"embeddable":true,"href":"https:\/\/bemfeitos.com.br\/index.php\/wp-json\/wp\/v2\/comments?post=1100"}],"version-history":[{"count":2,"href":"https:\/\/bemfeitos.com.br\/index.php\/wp-json\/wp\/v2\/product\/1100\/revisions"}],"predecessor-version":[{"id":2785,"href":"https:\/\/bemfeitos.com.br\/index.php\/wp-json\/wp\/v2\/product\/1100\/revisions\/2785"}],"wp:featuredmedia":[{"embeddable":true,"href":"https:\/\/bemfeitos.com.br\/index.php\/wp-json\/wp\/v2\/media\/1113"}],"wp:attachment":[{"href":"https:\/\/bemfeitos.com.br\/index.php\/wp-json\/wp\/v2\/media?parent=1100"}],"wp:term":[{"taxonomy":"product_cat","embeddable":true,"href":"https:\/\/bemfeitos.com.br\/index.php\/wp-json\/wp\/v2\/product_cat?post=1100"},{"taxonomy":"product_tag","embeddable":true,"href":"https:\/\/bemfeitos.com.br\/index.php\/wp-json\/wp\/v2\/product_tag?post=1100"}],"curies":[{"name":"wp","href":"https:\/\/api.w.org\/{rel}","templated":true}]}}