{"id":1149,"date":"2023-09-26T15:12:17","date_gmt":"2023-09-26T18:12:17","guid":{"rendered":"https:\/\/bemfeitos.com.br\/?post_type=product&#038;p=1149"},"modified":"2023-09-26T23:35:16","modified_gmt":"2023-09-27T02:35:16","slug":"lapis-grafite-faber-castell-supersoft-black","status":"publish","type":"product","link":"https:\/\/bemfeitos.com.br\/index.php\/product\/lapis-grafite-faber-castell-supersoft-black\/","title":{"rendered":"L\u00e1pis Grafite Supersoft Black Faber-Castell"},"content":{"rendered":"<p>L\u00e1pis Grafite Supersoft conquistam atrav\u00e9s de sua boa qualidade de escrita. O grafite extra resistente \u00e0 ruptura devido \u00e0 colagem de SV faz deles um companheiro ideal para escrever e desenhar na escola e no escrit\u00f3rio.<\/p>\n<p>EcoL\u00e1pis Grafite Faber-Castell SuperSoft traz a exclusiva tecnologia de mina supermacia, a eleg\u00e2ncia da linha SuperSoft e a responsabilidade social da Faber-Castell com material e embalagem sustent\u00e1veis.<\/p>\n<p>&nbsp;<\/p>\n<p><a href=\"https:\/\/bemfeitos.com.br\">Bem-Feitos Presentes e Papelaria<\/a><\/p>\n","protected":false},"excerpt":{"rendered":"<p>L\u00e1pis Grafite Supersoft com grafite extra resistente \u00e0 ruptura devido \u00e0 colagem de SV faz dele um companheiro ideal para escrever e desenhar.<\/p>\n","protected":false},"featured_media":1151,"comment_status":"open","ping_status":"closed","template":"","meta":{"_monsterinsights_skip_tracking":false,"_monsterinsights_sitenote_active":false,"_monsterinsights_sitenote_note":"","_monsterinsights_sitenote_category":0,"site-sidebar-layout":"default","site-content-layout":"","ast-site-content-layout":"default","site-content-style":"default","site-sidebar-style":"default","ast-global-header-display":"","ast-banner-title-visibility":"","ast-main-header-display":"","ast-hfb-above-header-display":"","ast-hfb-below-header-display":"","ast-hfb-mobile-header-display":"","site-post-title":"","ast-breadcrumbs-content":"","ast-featured-img":"","footer-sml-layout":"","theme-transparent-header-meta":"default","adv-header-id-meta":"","stick-header-meta":"","header-above-stick-meta":"","header-main-stick-meta":"","header-below-stick-meta":"","astra-migrate-meta-layouts":"set"},"product_cat":[36],"product_tag":[],"class_list":{"0":"post-1149","1":"product","2":"type-product","3":"status-publish","4":"has-post-thumbnail","6":"product_cat-lapis","7":"desktop-align-left","8":"tablet-align-left","9":"mobile-align-left","11":"first","12":"instock","13":"purchasable","14":"product-type-simple"},"aioseo_notices":[],"_links":{"self":[{"href":"https:\/\/bemfeitos.com.br\/index.php\/wp-json\/wp\/v2\/product\/1149"}],"collection":[{"href":"https:\/\/bemfeitos.com.br\/index.php\/wp-json\/wp\/v2\/product"}],"about":[{"href":"https:\/\/bemfeitos.com.br\/index.php\/wp-json\/wp\/v2\/types\/product"}],"replies":[{"embeddable":true,"href":"https:\/\/bemfeitos.com.br\/index.php\/wp-json\/wp\/v2\/comments?post=1149"}],"version-history":[{"count":1,"href":"https:\/\/bemfeitos.com.br\/index.php\/wp-json\/wp\/v2\/product\/1149\/revisions"}],"predecessor-version":[{"id":1159,"href":"https:\/\/bemfeitos.com.br\/index.php\/wp-json\/wp\/v2\/product\/1149\/revisions\/1159"}],"wp:featuredmedia":[{"embeddable":true,"href":"https:\/\/bemfeitos.com.br\/index.php\/wp-json\/wp\/v2\/media\/1151"}],"wp:attachment":[{"href":"https:\/\/bemfeitos.com.br\/index.php\/wp-json\/wp\/v2\/media?parent=1149"}],"wp:term":[{"taxonomy":"product_cat","embeddable":true,"href":"https:\/\/bemfeitos.com.br\/index.php\/wp-json\/wp\/v2\/product_cat?post=1149"},{"taxonomy":"product_tag","embeddable":true,"href":"https:\/\/bemfeitos.com.br\/index.php\/wp-json\/wp\/v2\/product_tag?post=1149"}],"curies":[{"name":"wp","href":"https:\/\/api.w.org\/{rel}","templated":true}]}}