{"id":1177,"date":"2023-09-27T15:26:31","date_gmt":"2023-09-27T18:26:31","guid":{"rendered":"https:\/\/bemfeitos.com.br\/?post_type=product&#038;p=1177"},"modified":"2024-11-07T12:13:22","modified_gmt":"2024-11-07T15:13:22","slug":"caneta-apagavel-astronauta-05mm","status":"publish","type":"product","link":"https:\/\/bemfeitos.com.br\/index.php\/product\/caneta-apagavel-astronauta-05mm\/","title":{"rendered":"Caneta Apag\u00e1vel Astronauta 0,5mm"},"content":{"rendered":"<p>A Caneta Apag\u00e1vel Fofa Astronauta\u00a0funciona atrav\u00e9s da fric\u00e7\u00e3o da borracha da ponta da caneta na escrita gerando calor, com isso ela apaga sem gerar res\u00edduos e sem desgastar a borracha acoplada.<\/p>\n<p>Cores sortidas.<\/p>\n<p>Cor da Tinta: Preto, APAG\u00c1VEL.<\/p>\n<p>Ponta: 0,5mm.<\/p>\n<p>IMPORTADO<\/p>\n<p>&nbsp;<\/p>\n<p><a href=\"https:\/\/bemfeitos.com.br\">Bem-Feito Presentes e Papelaria\u00a0<\/a><\/p>\n","protected":false},"excerpt":{"rendered":"<p>A Caneta Apag\u00e1vel Fofa Astronauta funciona atrav\u00e9s da fric\u00e7\u00e3o da borracha da ponta da caneta na escrita gerando calor.<\/p>\n","protected":false},"featured_media":1186,"comment_status":"open","ping_status":"closed","template":"","meta":{"_monsterinsights_skip_tracking":false,"_monsterinsights_sitenote_active":false,"_monsterinsights_sitenote_note":"","_monsterinsights_sitenote_category":0,"site-sidebar-layout":"default","site-content-layout":"","ast-site-content-layout":"default","site-content-style":"default","site-sidebar-style":"default","ast-global-header-display":"","ast-banner-title-visibility":"","ast-main-header-display":"","ast-hfb-above-header-display":"","ast-hfb-below-header-display":"","ast-hfb-mobile-header-display":"","site-post-title":"","ast-breadcrumbs-content":"","ast-featured-img":"","footer-sml-layout":"","theme-transparent-header-meta":"default","adv-header-id-meta":"","stick-header-meta":"","header-above-stick-meta":"","header-main-stick-meta":"","header-below-stick-meta":"","astra-migrate-meta-layouts":"set"},"product_cat":[20],"product_tag":[],"class_list":{"0":"post-1177","1":"product","2":"type-product","3":"status-publish","4":"has-post-thumbnail","6":"product_cat-canetas","7":"desktop-align-left","8":"tablet-align-left","9":"mobile-align-left","11":"first","12":"instock","13":"purchasable","14":"product-type-variable"},"aioseo_notices":[],"_links":{"self":[{"href":"https:\/\/bemfeitos.com.br\/index.php\/wp-json\/wp\/v2\/product\/1177"}],"collection":[{"href":"https:\/\/bemfeitos.com.br\/index.php\/wp-json\/wp\/v2\/product"}],"about":[{"href":"https:\/\/bemfeitos.com.br\/index.php\/wp-json\/wp\/v2\/types\/product"}],"replies":[{"embeddable":true,"href":"https:\/\/bemfeitos.com.br\/index.php\/wp-json\/wp\/v2\/comments?post=1177"}],"version-history":[{"count":2,"href":"https:\/\/bemfeitos.com.br\/index.php\/wp-json\/wp\/v2\/product\/1177\/revisions"}],"predecessor-version":[{"id":2783,"href":"https:\/\/bemfeitos.com.br\/index.php\/wp-json\/wp\/v2\/product\/1177\/revisions\/2783"}],"wp:featuredmedia":[{"embeddable":true,"href":"https:\/\/bemfeitos.com.br\/index.php\/wp-json\/wp\/v2\/media\/1186"}],"wp:attachment":[{"href":"https:\/\/bemfeitos.com.br\/index.php\/wp-json\/wp\/v2\/media?parent=1177"}],"wp:term":[{"taxonomy":"product_cat","embeddable":true,"href":"https:\/\/bemfeitos.com.br\/index.php\/wp-json\/wp\/v2\/product_cat?post=1177"},{"taxonomy":"product_tag","embeddable":true,"href":"https:\/\/bemfeitos.com.br\/index.php\/wp-json\/wp\/v2\/product_tag?post=1177"}],"curies":[{"name":"wp","href":"https:\/\/api.w.org\/{rel}","templated":true}]}}