{"id":1205,"date":"2023-09-28T11:38:23","date_gmt":"2023-09-28T14:38:23","guid":{"rendered":"https:\/\/bemfeitos.com.br\/?post_type=product&#038;p=1205"},"modified":"2023-10-02T13:35:55","modified_gmt":"2023-10-02T16:35:55","slug":"mousepad-retangular-personalizado","status":"publish","type":"product","link":"https:\/\/bemfeitos.com.br\/index.php\/product\/mousepad-retangular-personalizado\/","title":{"rendered":"Mousepad Retangular Personalizado"},"content":{"rendered":"<p>Coloque sua criatividade para funcionar com o Mousepad Retangular Personalizado e presenteie a quem voc\u00ea ama.<\/p>\n<p>Material: Neoprene<\/p>\n<p>Medidas: 21,5X16,5<\/p>\n<p>Prazo de envio: 3 dias \u00fateis.<\/p>\n<p>Personalizamos como voc\u00ea quiser.<\/p>\n<p>*as cores podem conter varia\u00e7\u00f5es por conta da resolu\u00e7\u00e3o de imagem de cada aparelho celular ou computador.<\/p>\n<p>*nos envie via whatsapp a arte\/ideia que deseja personalizar.<\/p>\n<p>*sugerimos que sejam enviadas fotos com alta resolu\u00e7\u00e3o ou arquivos em .pdf | .jpeg | .jpeg | .cdr para a garantia de melhor acabamento.<\/p>\n<p>*produto finalizado somente depois da sua aprova\u00e7\u00e3o.<\/p>\n<p>&nbsp;<\/p>\n","protected":false},"excerpt":{"rendered":"<p>Coloque sua criatividade para funcionar com o Mousepad Retangular Personalizado e presenteie a quem voc\u00ea ama.<\/p>\n","protected":false},"featured_media":1206,"comment_status":"open","ping_status":"closed","template":"","meta":{"_monsterinsights_skip_tracking":false,"_monsterinsights_sitenote_active":false,"_monsterinsights_sitenote_note":"","_monsterinsights_sitenote_category":0,"site-sidebar-layout":"default","site-content-layout":"","ast-site-content-layout":"default","site-content-style":"default","site-sidebar-style":"default","ast-global-header-display":"","ast-banner-title-visibility":"","ast-main-header-display":"","ast-hfb-above-header-display":"","ast-hfb-below-header-display":"","ast-hfb-mobile-header-display":"","site-post-title":"","ast-breadcrumbs-content":"","ast-featured-img":"","footer-sml-layout":"","theme-transparent-header-meta":"default","adv-header-id-meta":"","stick-header-meta":"","header-above-stick-meta":"","header-main-stick-meta":"","header-below-stick-meta":"","astra-migrate-meta-layouts":"set"},"product_cat":[16],"product_tag":[],"class_list":{"0":"post-1205","1":"product","2":"type-product","3":"status-publish","4":"has-post-thumbnail","6":"product_cat-organizacao","7":"desktop-align-left","8":"tablet-align-left","9":"mobile-align-left","11":"first","12":"instock","13":"purchasable","14":"product-type-simple"},"aioseo_notices":[],"_links":{"self":[{"href":"https:\/\/bemfeitos.com.br\/index.php\/wp-json\/wp\/v2\/product\/1205"}],"collection":[{"href":"https:\/\/bemfeitos.com.br\/index.php\/wp-json\/wp\/v2\/product"}],"about":[{"href":"https:\/\/bemfeitos.com.br\/index.php\/wp-json\/wp\/v2\/types\/product"}],"replies":[{"embeddable":true,"href":"https:\/\/bemfeitos.com.br\/index.php\/wp-json\/wp\/v2\/comments?post=1205"}],"version-history":[{"count":1,"href":"https:\/\/bemfeitos.com.br\/index.php\/wp-json\/wp\/v2\/product\/1205\/revisions"}],"predecessor-version":[{"id":1215,"href":"https:\/\/bemfeitos.com.br\/index.php\/wp-json\/wp\/v2\/product\/1205\/revisions\/1215"}],"wp:featuredmedia":[{"embeddable":true,"href":"https:\/\/bemfeitos.com.br\/index.php\/wp-json\/wp\/v2\/media\/1206"}],"wp:attachment":[{"href":"https:\/\/bemfeitos.com.br\/index.php\/wp-json\/wp\/v2\/media?parent=1205"}],"wp:term":[{"taxonomy":"product_cat","embeddable":true,"href":"https:\/\/bemfeitos.com.br\/index.php\/wp-json\/wp\/v2\/product_cat?post=1205"},{"taxonomy":"product_tag","embeddable":true,"href":"https:\/\/bemfeitos.com.br\/index.php\/wp-json\/wp\/v2\/product_tag?post=1205"}],"curies":[{"name":"wp","href":"https:\/\/api.w.org\/{rel}","templated":true}]}}