{"id":1237,"date":"2023-10-02T14:38:19","date_gmt":"2023-10-02T17:38:19","guid":{"rendered":"https:\/\/bemfeitos.com.br\/?post_type=product&#038;p=1237"},"modified":"2023-10-02T14:49:03","modified_gmt":"2023-10-02T17:49:03","slug":"caneca-branca-personalizada","status":"publish","type":"product","link":"https:\/\/bemfeitos.com.br\/index.php\/product\/caneca-branca-personalizada\/","title":{"rendered":"Caneca Branca Personalizada"},"content":{"rendered":"<p>Canecas s\u00e3o sempre um bom presente<\/p>\n<p>Na Bem-Feito voc\u00ea pode personalizar como voc\u00ea quiser.<\/p>\n<ul>\n<li>Inclua nomes, frases e fotos<\/li>\n<li>325ml<\/li>\n<li>Material: cer\u00e2mica<\/li>\n<li>Ultra brilho<\/li>\n<li>Produto personalizado com prazo de produ\u00e7\u00e3o de 3 dias \u00fateis<\/li>\n<li>Ao finalizar sua compra, inclua no campo &#8220;Observa\u00e7\u00e3o do Pedido&#8221; suas prefer\u00eancias de personaliza\u00e7\u00e3o.<\/li>\n<\/ul>\n","protected":false},"excerpt":{"rendered":"<p>Canecas s\u00e3o sempre um bom presente Na Bem-Feito voc\u00ea pode personalizar como voc\u00ea quiser. Inclua nomes, frases e fotos 325ml Material: cer\u00e2mica Ultra brilho Produto personalizado com prazo de produ\u00e7\u00e3o de 3 dias \u00fateis Ao finalizar sua compra, inclua no campo &#8220;Observa\u00e7\u00e3o do Pedido&#8221; suas prefer\u00eancias de personaliza\u00e7\u00e3o.<\/p>\n","protected":false},"featured_media":1242,"comment_status":"open","ping_status":"closed","template":"","meta":{"_monsterinsights_skip_tracking":false,"_monsterinsights_sitenote_active":false,"_monsterinsights_sitenote_note":"","_monsterinsights_sitenote_category":0,"site-sidebar-layout":"default","site-content-layout":"","ast-site-content-layout":"default","site-content-style":"default","site-sidebar-style":"default","ast-global-header-display":"","ast-banner-title-visibility":"","ast-main-header-display":"","ast-hfb-above-header-display":"","ast-hfb-below-header-display":"","ast-hfb-mobile-header-display":"","site-post-title":"","ast-breadcrumbs-content":"","ast-featured-img":"","footer-sml-layout":"","theme-transparent-header-meta":"default","adv-header-id-meta":"","stick-header-meta":"","header-above-stick-meta":"","header-main-stick-meta":"","header-below-stick-meta":"","astra-migrate-meta-layouts":"set"},"product_cat":[59],"product_tag":[],"class_list":{"0":"post-1237","1":"product","2":"type-product","3":"status-publish","4":"has-post-thumbnail","6":"product_cat-canecas","7":"desktop-align-left","8":"tablet-align-left","9":"mobile-align-left","11":"first","12":"instock","13":"taxable","14":"shipping-taxable","15":"purchasable","16":"product-type-simple"},"aioseo_notices":[],"_links":{"self":[{"href":"https:\/\/bemfeitos.com.br\/index.php\/wp-json\/wp\/v2\/product\/1237"}],"collection":[{"href":"https:\/\/bemfeitos.com.br\/index.php\/wp-json\/wp\/v2\/product"}],"about":[{"href":"https:\/\/bemfeitos.com.br\/index.php\/wp-json\/wp\/v2\/types\/product"}],"replies":[{"embeddable":true,"href":"https:\/\/bemfeitos.com.br\/index.php\/wp-json\/wp\/v2\/comments?post=1237"}],"version-history":[{"count":0,"href":"https:\/\/bemfeitos.com.br\/index.php\/wp-json\/wp\/v2\/product\/1237\/revisions"}],"wp:featuredmedia":[{"embeddable":true,"href":"https:\/\/bemfeitos.com.br\/index.php\/wp-json\/wp\/v2\/media\/1242"}],"wp:attachment":[{"href":"https:\/\/bemfeitos.com.br\/index.php\/wp-json\/wp\/v2\/media?parent=1237"}],"wp:term":[{"taxonomy":"product_cat","embeddable":true,"href":"https:\/\/bemfeitos.com.br\/index.php\/wp-json\/wp\/v2\/product_cat?post=1237"},{"taxonomy":"product_tag","embeddable":true,"href":"https:\/\/bemfeitos.com.br\/index.php\/wp-json\/wp\/v2\/product_tag?post=1237"}],"curies":[{"name":"wp","href":"https:\/\/api.w.org\/{rel}","templated":true}]}}