{"id":1252,"date":"2023-10-02T14:52:46","date_gmt":"2023-10-02T17:52:46","guid":{"rendered":"https:\/\/bemfeitos.com.br\/?post_type=product&#038;p=1252"},"modified":"2023-10-02T14:52:46","modified_gmt":"2023-10-02T17:52:46","slug":"caneca-cromada-personalizada","status":"publish","type":"product","link":"https:\/\/bemfeitos.com.br\/index.php\/product\/caneca-cromada-personalizada\/","title":{"rendered":"Caneca Cromada Personalizada"},"content":{"rendered":"<p>Canecas s\u00e3o sempre um bom presente<\/p>\n<p>Na Bem-Feito voc\u00ea pode personalizar como voc\u00ea quiser.<\/p>\n<ul>\n<li>Inclua nomes e frases<\/li>\n<li>325ml<\/li>\n<li>Material: cer\u00e2mica<\/li>\n<li>Ultra brilho<\/li>\n<li>Produto personalizado com prazo de produ\u00e7\u00e3o de 3 dias \u00fateis<\/li>\n<li>Ao finalizar sua compra, inclua no campo &#8220;Observa\u00e7\u00e3o do Pedido&#8221; suas prefer\u00eancias de personaliza\u00e7\u00e3o.<\/li>\n<li>IMPORTANTE: ESTA CANECA N\u00c3O PODE IR AO MICROONDAS E LAVA LOU\u00c7AS.<\/li>\n<\/ul>\n","protected":false},"excerpt":{"rendered":"<p>Canecas s\u00e3o sempre um bom presente Na Bem-Feito voc\u00ea pode personalizar como voc\u00ea quiser. Inclua nomes e frases 325ml Material: cer\u00e2mica Ultra brilho Produto personalizado com prazo de produ\u00e7\u00e3o de 3 dias \u00fateis Ao finalizar sua compra, inclua no campo &#8220;Observa\u00e7\u00e3o do Pedido&#8221; suas prefer\u00eancias de personaliza\u00e7\u00e3o. IMPORTANTE: ESTA CANECA N\u00c3O PODE IR AO MICROONDAS &hellip;<\/p>\n<p class=\"read-more\"> <a class=\"\" href=\"https:\/\/bemfeitos.com.br\/index.php\/product\/caneca-cromada-personalizada\/\"> <span class=\"screen-reader-text\">Caneca Cromada Personalizada<\/span> Leia mais &raquo;<\/a><\/p>\n","protected":false},"featured_media":1244,"comment_status":"open","ping_status":"closed","template":"","meta":{"_monsterinsights_skip_tracking":false,"_monsterinsights_sitenote_active":false,"_monsterinsights_sitenote_note":"","_monsterinsights_sitenote_category":0,"site-sidebar-layout":"default","site-content-layout":"","ast-site-content-layout":"default","site-content-style":"default","site-sidebar-style":"default","ast-global-header-display":"","ast-banner-title-visibility":"","ast-main-header-display":"","ast-hfb-above-header-display":"","ast-hfb-below-header-display":"","ast-hfb-mobile-header-display":"","site-post-title":"","ast-breadcrumbs-content":"","ast-featured-img":"","footer-sml-layout":"","theme-transparent-header-meta":"default","adv-header-id-meta":"","stick-header-meta":"","header-above-stick-meta":"","header-main-stick-meta":"","header-below-stick-meta":"","astra-migrate-meta-layouts":"set"},"product_cat":[59],"product_tag":[],"class_list":{"0":"post-1252","1":"product","2":"type-product","3":"status-publish","4":"has-post-thumbnail","6":"product_cat-canecas","7":"desktop-align-left","8":"tablet-align-left","9":"mobile-align-left","11":"first","12":"instock","13":"taxable","14":"shipping-taxable","15":"purchasable","16":"product-type-simple"},"aioseo_notices":[],"_links":{"self":[{"href":"https:\/\/bemfeitos.com.br\/index.php\/wp-json\/wp\/v2\/product\/1252"}],"collection":[{"href":"https:\/\/bemfeitos.com.br\/index.php\/wp-json\/wp\/v2\/product"}],"about":[{"href":"https:\/\/bemfeitos.com.br\/index.php\/wp-json\/wp\/v2\/types\/product"}],"replies":[{"embeddable":true,"href":"https:\/\/bemfeitos.com.br\/index.php\/wp-json\/wp\/v2\/comments?post=1252"}],"version-history":[{"count":1,"href":"https:\/\/bemfeitos.com.br\/index.php\/wp-json\/wp\/v2\/product\/1252\/revisions"}],"predecessor-version":[{"id":1253,"href":"https:\/\/bemfeitos.com.br\/index.php\/wp-json\/wp\/v2\/product\/1252\/revisions\/1253"}],"wp:featuredmedia":[{"embeddable":true,"href":"https:\/\/bemfeitos.com.br\/index.php\/wp-json\/wp\/v2\/media\/1244"}],"wp:attachment":[{"href":"https:\/\/bemfeitos.com.br\/index.php\/wp-json\/wp\/v2\/media?parent=1252"}],"wp:term":[{"taxonomy":"product_cat","embeddable":true,"href":"https:\/\/bemfeitos.com.br\/index.php\/wp-json\/wp\/v2\/product_cat?post=1252"},{"taxonomy":"product_tag","embeddable":true,"href":"https:\/\/bemfeitos.com.br\/index.php\/wp-json\/wp\/v2\/product_tag?post=1252"}],"curies":[{"name":"wp","href":"https:\/\/api.w.org\/{rel}","templated":true}]}}