{"id":1291,"date":"2023-10-02T18:56:37","date_gmt":"2023-10-02T21:56:37","guid":{"rendered":"https:\/\/bemfeitos.com.br\/?post_type=product&#038;p=1291"},"modified":"2023-10-02T18:56:37","modified_gmt":"2023-10-02T21:56:37","slug":"kit-mini-marca-texto-balinha-sweet-candy","status":"publish","type":"product","link":"https:\/\/bemfeitos.com.br\/index.php\/product\/kit-mini-marca-texto-balinha-sweet-candy\/","title":{"rendered":"Kit Mini Marca Texto &#8211; Balinha Sweet Candy"},"content":{"rendered":"<p>Marca texto com duas pontas, 12 pontas em um s\u00f3 produto!<\/p>\n<p>Esse \u00e9 o kit mais fofo e completo que voc\u00ea pode ter na sua cole\u00e7\u00e3o.<\/p>\n<ul>\n<li>kit com 6 cores diferentes<\/li>\n<li>2 pontas diferentes, 1 chanfrada e 1 em pincel.<\/li>\n<li>cores past\u00e9is<\/li>\n<li>PRODUTO IMPORTADO.<\/li>\n<\/ul>\n<p><a href=\"https:\/\/bemfeitos.com.br\/\">Bem-Feito Presentes e Papelaria<\/a><\/p>\n<p>&nbsp;<\/p>\n","protected":false},"excerpt":{"rendered":"<p>Marca texto com duas pontas, 12 pontas em um s\u00f3 produto! Esse \u00e9 o kit mais fofo e completo que voc\u00ea pode ter na sua cole\u00e7\u00e3o. kit com 6 cores diferentes 2 pontas diferentes, 1 chanfrada e 1 em pincel. cores past\u00e9is PRODUTO IMPORTADO. Bem-Feito Presentes e Papelaria &nbsp;<\/p>\n","protected":false},"featured_media":1282,"comment_status":"open","ping_status":"closed","template":"","meta":{"_monsterinsights_skip_tracking":false,"_monsterinsights_sitenote_active":false,"_monsterinsights_sitenote_note":"","_monsterinsights_sitenote_category":0,"site-sidebar-layout":"default","site-content-layout":"","ast-site-content-layout":"default","site-content-style":"default","site-sidebar-style":"default","ast-global-header-display":"","ast-banner-title-visibility":"","ast-main-header-display":"","ast-hfb-above-header-display":"","ast-hfb-below-header-display":"","ast-hfb-mobile-header-display":"","site-post-title":"","ast-breadcrumbs-content":"","ast-featured-img":"","footer-sml-layout":"","theme-transparent-header-meta":"default","adv-header-id-meta":"","stick-header-meta":"","header-above-stick-meta":"","header-main-stick-meta":"","header-below-stick-meta":"","astra-migrate-meta-layouts":"set"},"product_cat":[34],"product_tag":[],"class_list":{"0":"post-1291","1":"product","2":"type-product","3":"status-publish","4":"has-post-thumbnail","6":"product_cat-marca-texto","7":"desktop-align-left","8":"tablet-align-left","9":"mobile-align-left","11":"first","12":"instock","13":"purchasable","14":"product-type-simple"},"aioseo_notices":[],"_links":{"self":[{"href":"https:\/\/bemfeitos.com.br\/index.php\/wp-json\/wp\/v2\/product\/1291"}],"collection":[{"href":"https:\/\/bemfeitos.com.br\/index.php\/wp-json\/wp\/v2\/product"}],"about":[{"href":"https:\/\/bemfeitos.com.br\/index.php\/wp-json\/wp\/v2\/types\/product"}],"replies":[{"embeddable":true,"href":"https:\/\/bemfeitos.com.br\/index.php\/wp-json\/wp\/v2\/comments?post=1291"}],"version-history":[{"count":0,"href":"https:\/\/bemfeitos.com.br\/index.php\/wp-json\/wp\/v2\/product\/1291\/revisions"}],"wp:featuredmedia":[{"embeddable":true,"href":"https:\/\/bemfeitos.com.br\/index.php\/wp-json\/wp\/v2\/media\/1282"}],"wp:attachment":[{"href":"https:\/\/bemfeitos.com.br\/index.php\/wp-json\/wp\/v2\/media?parent=1291"}],"wp:term":[{"taxonomy":"product_cat","embeddable":true,"href":"https:\/\/bemfeitos.com.br\/index.php\/wp-json\/wp\/v2\/product_cat?post=1291"},{"taxonomy":"product_tag","embeddable":true,"href":"https:\/\/bemfeitos.com.br\/index.php\/wp-json\/wp\/v2\/product_tag?post=1291"}],"curies":[{"name":"wp","href":"https:\/\/api.w.org\/{rel}","templated":true}]}}