{"id":1292,"date":"2023-10-02T19:03:20","date_gmt":"2023-10-02T22:03:20","guid":{"rendered":"https:\/\/bemfeitos.com.br\/?post_type=product&#038;p=1292"},"modified":"2024-03-06T12:53:59","modified_gmt":"2024-03-06T15:53:59","slug":"kit-mini-marca-texto-fofo-cenoura","status":"publish","type":"product","link":"https:\/\/bemfeitos.com.br\/index.php\/product\/kit-mini-marca-texto-fofo-cenoura\/","title":{"rendered":"Kit Mini Marca Texto Fofo Cenoura"},"content":{"rendered":"<p>Kit marca texto cenoura com carinhas divertidas!<\/p>\n<p>Esse \u00e9 o kit mais fofo e completo que voc\u00ea pode ter na sua cole\u00e7\u00e3o.<\/p>\n<ul>\n<li>kit com 6 cores past\u00e9is<\/li>\n<li>ponta chanfrada<\/li>\n<li>PRODUTO IMPORTADO<\/li>\n<\/ul>\n<p><a href=\"https:\/\/bemfeitos.com.br\/\">Bem-Feito Presentes e Papelaria<\/a><\/p>\n","protected":false},"excerpt":{"rendered":"<p>Kit marca texto cenoura com carinhas divertidas! Esse \u00e9 o kit mais fofo e completo que voc\u00ea pode ter na sua cole\u00e7\u00e3o. kit com 6 cores past\u00e9is ponta chanfrada PRODUTO IMPORTADO Bem-Feito Presentes e Papelaria<\/p>\n","protected":false},"featured_media":1296,"comment_status":"open","ping_status":"closed","template":"","meta":{"_monsterinsights_skip_tracking":false,"_monsterinsights_sitenote_active":false,"_monsterinsights_sitenote_note":"","_monsterinsights_sitenote_category":0,"site-sidebar-layout":"default","site-content-layout":"","ast-site-content-layout":"default","site-content-style":"default","site-sidebar-style":"default","ast-global-header-display":"","ast-banner-title-visibility":"","ast-main-header-display":"","ast-hfb-above-header-display":"","ast-hfb-below-header-display":"","ast-hfb-mobile-header-display":"","site-post-title":"","ast-breadcrumbs-content":"","ast-featured-img":"","footer-sml-layout":"","theme-transparent-header-meta":"default","adv-header-id-meta":"","stick-header-meta":"","header-above-stick-meta":"","header-main-stick-meta":"","header-below-stick-meta":"","astra-migrate-meta-layouts":"set"},"product_cat":[34],"product_tag":[],"class_list":{"0":"post-1292","1":"product","2":"type-product","3":"status-publish","4":"has-post-thumbnail","6":"product_cat-marca-texto","7":"desktop-align-left","8":"tablet-align-left","9":"mobile-align-left","11":"first","12":"instock","13":"purchasable","14":"product-type-simple"},"aioseo_notices":[],"_links":{"self":[{"href":"https:\/\/bemfeitos.com.br\/index.php\/wp-json\/wp\/v2\/product\/1292"}],"collection":[{"href":"https:\/\/bemfeitos.com.br\/index.php\/wp-json\/wp\/v2\/product"}],"about":[{"href":"https:\/\/bemfeitos.com.br\/index.php\/wp-json\/wp\/v2\/types\/product"}],"replies":[{"embeddable":true,"href":"https:\/\/bemfeitos.com.br\/index.php\/wp-json\/wp\/v2\/comments?post=1292"}],"version-history":[{"count":0,"href":"https:\/\/bemfeitos.com.br\/index.php\/wp-json\/wp\/v2\/product\/1292\/revisions"}],"wp:featuredmedia":[{"embeddable":true,"href":"https:\/\/bemfeitos.com.br\/index.php\/wp-json\/wp\/v2\/media\/1296"}],"wp:attachment":[{"href":"https:\/\/bemfeitos.com.br\/index.php\/wp-json\/wp\/v2\/media?parent=1292"}],"wp:term":[{"taxonomy":"product_cat","embeddable":true,"href":"https:\/\/bemfeitos.com.br\/index.php\/wp-json\/wp\/v2\/product_cat?post=1292"},{"taxonomy":"product_tag","embeddable":true,"href":"https:\/\/bemfeitos.com.br\/index.php\/wp-json\/wp\/v2\/product_tag?post=1292"}],"curies":[{"name":"wp","href":"https:\/\/api.w.org\/{rel}","templated":true}]}}