{"id":1330,"date":"2023-10-02T20:52:54","date_gmt":"2023-10-02T23:52:54","guid":{"rendered":"https:\/\/bemfeitos.com.br\/?post_type=product&#038;p=1330"},"modified":"2023-12-11T23:29:19","modified_gmt":"2023-12-12T02:29:19","slug":"bloco-adesivo-panda-cis-stick","status":"publish","type":"product","link":"https:\/\/bemfeitos.com.br\/index.php\/product\/bloco-adesivo-panda-cis-stick\/","title":{"rendered":"Bloco Adesivo Panda CiS Stick"},"content":{"rendered":"<p>Bloco adesivo CIS \u2013 20 folhas<\/p>\n<p>Ideais para fazer anota\u00e7\u00f5es, marcar p\u00e1ginas, criar listas.<\/p>\n<ul>\n<li>Tamanho 75X60mm;<\/li>\n<li>Formato fofo de panda;<\/li>\n<li>Notas super adesivas.<\/li>\n<\/ul>\n<p><a href=\"https:\/\/bemfeitos.com.br\/\">Bem-Feito Presentes e Papelaria<\/a><\/p>\n","protected":false},"excerpt":{"rendered":"<p>Bloco adesivo CIS \u2013 20 folhas Ideais para fazer anota\u00e7\u00f5es, marcar p\u00e1ginas, criar listas. Tamanho 75X60mm; Formato fofo de panda; Notas super adesivas. Bem-Feito Presentes e Papelaria<\/p>\n","protected":false},"featured_media":1333,"comment_status":"open","ping_status":"closed","template":"","meta":{"_monsterinsights_skip_tracking":false,"_monsterinsights_sitenote_active":false,"_monsterinsights_sitenote_note":"","_monsterinsights_sitenote_category":0,"site-sidebar-layout":"default","site-content-layout":"","ast-site-content-layout":"default","site-content-style":"default","site-sidebar-style":"default","ast-global-header-display":"","ast-banner-title-visibility":"","ast-main-header-display":"","ast-hfb-above-header-display":"","ast-hfb-below-header-display":"","ast-hfb-mobile-header-display":"","site-post-title":"","ast-breadcrumbs-content":"","ast-featured-img":"","footer-sml-layout":"","theme-transparent-header-meta":"default","adv-header-id-meta":"","stick-header-meta":"","header-above-stick-meta":"","header-main-stick-meta":"","header-below-stick-meta":"","astra-migrate-meta-layouts":"set"},"product_cat":[16],"product_tag":[44],"class_list":{"0":"post-1330","1":"product","2":"type-product","3":"status-publish","4":"has-post-thumbnail","6":"product_cat-organizacao","7":"product_tag-cis","8":"desktop-align-left","9":"tablet-align-left","10":"mobile-align-left","12":"first","13":"instock","14":"purchasable","15":"product-type-simple"},"aioseo_notices":[],"_links":{"self":[{"href":"https:\/\/bemfeitos.com.br\/index.php\/wp-json\/wp\/v2\/product\/1330"}],"collection":[{"href":"https:\/\/bemfeitos.com.br\/index.php\/wp-json\/wp\/v2\/product"}],"about":[{"href":"https:\/\/bemfeitos.com.br\/index.php\/wp-json\/wp\/v2\/types\/product"}],"replies":[{"embeddable":true,"href":"https:\/\/bemfeitos.com.br\/index.php\/wp-json\/wp\/v2\/comments?post=1330"}],"version-history":[{"count":0,"href":"https:\/\/bemfeitos.com.br\/index.php\/wp-json\/wp\/v2\/product\/1330\/revisions"}],"wp:featuredmedia":[{"embeddable":true,"href":"https:\/\/bemfeitos.com.br\/index.php\/wp-json\/wp\/v2\/media\/1333"}],"wp:attachment":[{"href":"https:\/\/bemfeitos.com.br\/index.php\/wp-json\/wp\/v2\/media?parent=1330"}],"wp:term":[{"taxonomy":"product_cat","embeddable":true,"href":"https:\/\/bemfeitos.com.br\/index.php\/wp-json\/wp\/v2\/product_cat?post=1330"},{"taxonomy":"product_tag","embeddable":true,"href":"https:\/\/bemfeitos.com.br\/index.php\/wp-json\/wp\/v2\/product_tag?post=1330"}],"curies":[{"name":"wp","href":"https:\/\/api.w.org\/{rel}","templated":true}]}}