{"id":1353,"date":"2023-10-02T21:56:17","date_gmt":"2023-10-03T00:56:17","guid":{"rendered":"https:\/\/bemfeitos.com.br\/?post_type=product&#038;p=1353"},"modified":"2023-10-02T21:56:17","modified_gmt":"2023-10-03T00:56:17","slug":"bloco-adesivo-transparente-50-folhas","status":"publish","type":"product","link":"https:\/\/bemfeitos.com.br\/index.php\/product\/bloco-adesivo-transparente-50-folhas\/","title":{"rendered":"Bloco Adesivo Transparente &#8211; 50 folhas"},"content":{"rendered":"<p>Bloco de anota\u00e7\u00f5es transparente.<\/p>\n<p>Ideal para anota\u00e7\u00f5es r\u00e1pidas, com estilo e muita funcionalidade.<\/p>\n<ul>\n<li>Material: PET<\/li>\n<li>Cores: transparente ou candy.<\/li>\n<li>75X75mm<\/li>\n<li>50 folhas adesivas<\/li>\n<\/ul>\n","protected":false},"excerpt":{"rendered":"<p>Bloco de anota\u00e7\u00f5es transparente. Ideal para anota\u00e7\u00f5es r\u00e1pidas, com estilo e muita funcionalidade. Material: PET Cores: transparente ou candy. 75X75mm 50 folhas adesivas<\/p>\n","protected":false},"featured_media":1365,"comment_status":"open","ping_status":"closed","template":"","meta":{"_monsterinsights_skip_tracking":false,"_monsterinsights_sitenote_active":false,"_monsterinsights_sitenote_note":"","_monsterinsights_sitenote_category":0,"site-sidebar-layout":"default","site-content-layout":"","ast-site-content-layout":"default","site-content-style":"default","site-sidebar-style":"default","ast-global-header-display":"","ast-banner-title-visibility":"","ast-main-header-display":"","ast-hfb-above-header-display":"","ast-hfb-below-header-display":"","ast-hfb-mobile-header-display":"","site-post-title":"","ast-breadcrumbs-content":"","ast-featured-img":"","footer-sml-layout":"","theme-transparent-header-meta":"default","adv-header-id-meta":"","stick-header-meta":"","header-above-stick-meta":"","header-main-stick-meta":"","header-below-stick-meta":"","astra-migrate-meta-layouts":"set"},"product_cat":[16],"product_tag":[],"class_list":{"0":"post-1353","1":"product","2":"type-product","3":"status-publish","4":"has-post-thumbnail","6":"product_cat-organizacao","7":"desktop-align-left","8":"tablet-align-left","9":"mobile-align-left","11":"first","12":"instock","13":"purchasable","14":"product-type-variable"},"aioseo_notices":[],"_links":{"self":[{"href":"https:\/\/bemfeitos.com.br\/index.php\/wp-json\/wp\/v2\/product\/1353"}],"collection":[{"href":"https:\/\/bemfeitos.com.br\/index.php\/wp-json\/wp\/v2\/product"}],"about":[{"href":"https:\/\/bemfeitos.com.br\/index.php\/wp-json\/wp\/v2\/types\/product"}],"replies":[{"embeddable":true,"href":"https:\/\/bemfeitos.com.br\/index.php\/wp-json\/wp\/v2\/comments?post=1353"}],"version-history":[{"count":1,"href":"https:\/\/bemfeitos.com.br\/index.php\/wp-json\/wp\/v2\/product\/1353\/revisions"}],"predecessor-version":[{"id":1367,"href":"https:\/\/bemfeitos.com.br\/index.php\/wp-json\/wp\/v2\/product\/1353\/revisions\/1367"}],"wp:featuredmedia":[{"embeddable":true,"href":"https:\/\/bemfeitos.com.br\/index.php\/wp-json\/wp\/v2\/media\/1365"}],"wp:attachment":[{"href":"https:\/\/bemfeitos.com.br\/index.php\/wp-json\/wp\/v2\/media?parent=1353"}],"wp:term":[{"taxonomy":"product_cat","embeddable":true,"href":"https:\/\/bemfeitos.com.br\/index.php\/wp-json\/wp\/v2\/product_cat?post=1353"},{"taxonomy":"product_tag","embeddable":true,"href":"https:\/\/bemfeitos.com.br\/index.php\/wp-json\/wp\/v2\/product_tag?post=1353"}],"curies":[{"name":"wp","href":"https:\/\/api.w.org\/{rel}","templated":true}]}}