{"id":1382,"date":"2023-10-02T22:16:51","date_gmt":"2023-10-03T01:16:51","guid":{"rendered":"https:\/\/bemfeitos.com.br\/?post_type=product&#038;p=1382"},"modified":"2023-10-02T22:16:51","modified_gmt":"2023-10-03T01:16:51","slug":"bloco-adesivo-preto-100-folhas","status":"publish","type":"product","link":"https:\/\/bemfeitos.com.br\/index.php\/product\/bloco-adesivo-preto-100-folhas\/","title":{"rendered":"Bloco Adesivo Preto &#8211; 100 folhas"},"content":{"rendered":"<p>Bloco adesivo\u00a0 na cor preta.<\/p>\n<p>Ideal para anota\u00e7\u00f5es r\u00e1pidas, listas com estilo e muita funcionalidade.<\/p>\n<ul>\n<li>Material: papel offset;<\/li>\n<li>Ideal para caneta branca e\/ou metalizadas;<\/li>\n<li>Tamanho: 75X75mm;<\/li>\n<li>100 folhas adesivas<\/li>\n<\/ul>\n<p><a href=\"https:\/\/bemfeitos.com.br\/\">Bem-Feito Presentes e Papelaria<\/a><\/p>\n","protected":false},"excerpt":{"rendered":"<p>Bloco adesivo\u00a0 na cor preta. Ideal para anota\u00e7\u00f5es r\u00e1pidas, listas com estilo e muita funcionalidade. Material: papel offset; Ideal para caneta branca e\/ou metalizadas; Tamanho: 75X75mm; 100 folhas adesivas Bem-Feito Presentes e Papelaria<\/p>\n","protected":false},"featured_media":1385,"comment_status":"open","ping_status":"closed","template":"","meta":{"_monsterinsights_skip_tracking":false,"_monsterinsights_sitenote_active":false,"_monsterinsights_sitenote_note":"","_monsterinsights_sitenote_category":0,"site-sidebar-layout":"default","site-content-layout":"","ast-site-content-layout":"default","site-content-style":"default","site-sidebar-style":"default","ast-global-header-display":"","ast-banner-title-visibility":"","ast-main-header-display":"","ast-hfb-above-header-display":"","ast-hfb-below-header-display":"","ast-hfb-mobile-header-display":"","site-post-title":"","ast-breadcrumbs-content":"","ast-featured-img":"","footer-sml-layout":"","theme-transparent-header-meta":"default","adv-header-id-meta":"","stick-header-meta":"","header-above-stick-meta":"","header-main-stick-meta":"","header-below-stick-meta":"","astra-migrate-meta-layouts":"set"},"product_cat":[16],"product_tag":[],"class_list":{"0":"post-1382","1":"product","2":"type-product","3":"status-publish","4":"has-post-thumbnail","6":"product_cat-organizacao","7":"desktop-align-left","8":"tablet-align-left","9":"mobile-align-left","11":"first","12":"instock","13":"purchasable","14":"product-type-simple"},"aioseo_notices":[],"_links":{"self":[{"href":"https:\/\/bemfeitos.com.br\/index.php\/wp-json\/wp\/v2\/product\/1382"}],"collection":[{"href":"https:\/\/bemfeitos.com.br\/index.php\/wp-json\/wp\/v2\/product"}],"about":[{"href":"https:\/\/bemfeitos.com.br\/index.php\/wp-json\/wp\/v2\/types\/product"}],"replies":[{"embeddable":true,"href":"https:\/\/bemfeitos.com.br\/index.php\/wp-json\/wp\/v2\/comments?post=1382"}],"version-history":[{"count":0,"href":"https:\/\/bemfeitos.com.br\/index.php\/wp-json\/wp\/v2\/product\/1382\/revisions"}],"wp:featuredmedia":[{"embeddable":true,"href":"https:\/\/bemfeitos.com.br\/index.php\/wp-json\/wp\/v2\/media\/1385"}],"wp:attachment":[{"href":"https:\/\/bemfeitos.com.br\/index.php\/wp-json\/wp\/v2\/media?parent=1382"}],"wp:term":[{"taxonomy":"product_cat","embeddable":true,"href":"https:\/\/bemfeitos.com.br\/index.php\/wp-json\/wp\/v2\/product_cat?post=1382"},{"taxonomy":"product_tag","embeddable":true,"href":"https:\/\/bemfeitos.com.br\/index.php\/wp-json\/wp\/v2\/product_tag?post=1382"}],"curies":[{"name":"wp","href":"https:\/\/api.w.org\/{rel}","templated":true}]}}