{"id":1403,"date":"2023-10-08T17:12:49","date_gmt":"2023-10-08T20:12:49","guid":{"rendered":"https:\/\/bemfeitos.com.br\/?post_type=product&#038;p=1403"},"modified":"2024-03-07T13:32:02","modified_gmt":"2024-03-07T16:32:02","slug":"caderno-universitario-10-materias-hug-me","status":"publish","type":"product","link":"https:\/\/bemfeitos.com.br\/index.php\/product\/caderno-universitario-10-materias-hug-me\/","title":{"rendered":"Caderno Universit\u00e1rio 10 Mat\u00e9rias Hug Me"},"content":{"rendered":"<p class=\"description-text\">O Caderno Universit\u00e1rio 10 Mat\u00e9rias Hug Me 160 Folhas possui capa dura, folha de adesivos, folhas pautadas e espiral colorido. Ideal para o dia a dia na escola ou na faculdade.<\/p>\n<div class=\"columns is-multiline\">\n<div class=\"column features\">\n<p><b>Detalhes<\/b><\/p>\n<p class=\"list\">Capa: dura<\/p>\n<p class=\"list\">Espiral: colorido<\/p>\n<p class=\"list\">Folha de adesivos<\/p>\n<p class=\"list\">Folhas: pautadas<\/p>\n<p class=\"list\">\u00cdndice\/separador de mat\u00e9rias<\/p>\n<p class=\"list\">Miolo: pautado<\/p>\n<p class=\"list\">N\u00famero de mat\u00e9rias: 10 mat\u00e9rias<\/p>\n<p class=\"list\">Produto certificado: FSC<\/p>\n<p class=\"list\">Formato: 200mm x 275mm<\/p>\n<p class=\"list\">Gramatura: 56 g\/m\u00b2<\/p>\n<p class=\"list\">N\u00famero de folhas: 160 folhas<\/p>\n<\/div>\n<\/div>\n<p><a href=\"https:\/\/bemfeitos.com.br\">Bem-Feito Presentes e Papelaria<\/a><\/p>\n","protected":false},"excerpt":{"rendered":"<p>O Caderno Universit\u00e1rio 10 Mat\u00e9rias Hug Me 160 Folhas possui capa dura, folha de adesivos, folhas pautadas e espiral colorido.<\/p>\n","protected":false},"featured_media":1395,"comment_status":"open","ping_status":"closed","template":"","meta":{"_monsterinsights_skip_tracking":false,"_monsterinsights_sitenote_active":false,"_monsterinsights_sitenote_note":"","_monsterinsights_sitenote_category":0,"site-sidebar-layout":"default","site-content-layout":"","ast-site-content-layout":"default","site-content-style":"default","site-sidebar-style":"default","ast-global-header-display":"","ast-banner-title-visibility":"","ast-main-header-display":"","ast-hfb-above-header-display":"","ast-hfb-below-header-display":"","ast-hfb-mobile-header-display":"","site-post-title":"","ast-breadcrumbs-content":"","ast-featured-img":"","footer-sml-layout":"","theme-transparent-header-meta":"default","adv-header-id-meta":"","stick-header-meta":"","header-above-stick-meta":"","header-main-stick-meta":"","header-below-stick-meta":"","astra-migrate-meta-layouts":"set"},"product_cat":[142],"product_tag":[60],"class_list":{"0":"post-1403","1":"product","2":"type-product","3":"status-publish","4":"has-post-thumbnail","6":"product_cat-caderno","7":"product_tag-tilibra","8":"desktop-align-left","9":"tablet-align-left","10":"mobile-align-left","12":"first","13":"instock","14":"purchasable","15":"product-type-variable"},"aioseo_notices":[],"_links":{"self":[{"href":"https:\/\/bemfeitos.com.br\/index.php\/wp-json\/wp\/v2\/product\/1403"}],"collection":[{"href":"https:\/\/bemfeitos.com.br\/index.php\/wp-json\/wp\/v2\/product"}],"about":[{"href":"https:\/\/bemfeitos.com.br\/index.php\/wp-json\/wp\/v2\/types\/product"}],"replies":[{"embeddable":true,"href":"https:\/\/bemfeitos.com.br\/index.php\/wp-json\/wp\/v2\/comments?post=1403"}],"version-history":[{"count":0,"href":"https:\/\/bemfeitos.com.br\/index.php\/wp-json\/wp\/v2\/product\/1403\/revisions"}],"wp:featuredmedia":[{"embeddable":true,"href":"https:\/\/bemfeitos.com.br\/index.php\/wp-json\/wp\/v2\/media\/1395"}],"wp:attachment":[{"href":"https:\/\/bemfeitos.com.br\/index.php\/wp-json\/wp\/v2\/media?parent=1403"}],"wp:term":[{"taxonomy":"product_cat","embeddable":true,"href":"https:\/\/bemfeitos.com.br\/index.php\/wp-json\/wp\/v2\/product_cat?post=1403"},{"taxonomy":"product_tag","embeddable":true,"href":"https:\/\/bemfeitos.com.br\/index.php\/wp-json\/wp\/v2\/product_tag?post=1403"}],"curies":[{"name":"wp","href":"https:\/\/api.w.org\/{rel}","templated":true}]}}