{"id":1409,"date":"2023-10-08T20:07:10","date_gmt":"2023-10-08T23:07:10","guid":{"rendered":"https:\/\/bemfeitos.com.br\/?post_type=product&#038;p=1409"},"modified":"2024-03-07T13:31:49","modified_gmt":"2024-03-07T16:31:49","slug":"caderno-universitario-love-pink","status":"publish","type":"product","link":"https:\/\/bemfeitos.com.br\/index.php\/product\/caderno-universitario-love-pink\/","title":{"rendered":"Caderno Universit\u00e1rio Love Pink"},"content":{"rendered":"<article>\n<div class=\"product-description\">\n<div class=\"product-description-text\">O Caderno Universit\u00e1rio Love Pink 80 Folhas possui capa dura com detalhe metalizado, parte interna decorada, bolsa de papel decorada para guardar trabalhos e anota\u00e7\u00f5es, folha com adesivos funcionais, folhas pautadas decoradas e espiral colorido.<\/div>\n<div class=\"product-description-text\">Ideal para o dia a dia na escola ou na faculdade.<\/div>\n<div class=\"product-description-text\"><em><strong>Item sortido: n\u00e3o garantimos a entrega de todas as estampas\/cores mostradas<\/strong><\/em><\/div>\n<div><\/div>\n<\/div>\n<div class=\"product-features\">\n<ul class=\"table-features\">\n<li class=\"list\">\n<ul class=\"group-list\">\n<li class=\"group-lists\"><span class=\"title-lists\">Bolsa:<\/span>\u00a0<span class=\"infos-feature\">de papel decorada<\/span><\/li>\n<li class=\"group-lists\"><span class=\"title-lists\">Capa:<\/span>\u00a0<span class=\"infos-feature\">dura<\/span><\/li>\n<li class=\"group-lists\"><span class=\"title-lists\">Capa acabamento:<\/span>\u00a0<span class=\"infos-feature\">com detalhe metalizado e com relevo<\/span><\/li>\n<li class=\"group-lists\"><span class=\"title-lists\">Cor:<\/span>\u00a0<span class=\"infos-feature\">Sortidas<\/span><\/li>\n<li class=\"group-lists\"><span class=\"title-lists\">Espiral:<\/span>\u00a0<span class=\"infos-feature\">colorido<\/span><\/li>\n<li class=\"group-lists\"><span class=\"title-lists\">Folhas:<\/span>\u00a0<span class=\"infos-feature\">pautadas decoradas<\/span><\/li>\n<li class=\"group-lists\"><span class=\"title-lists\">Formato:<\/span>\u00a0<span class=\"infos-feature\">200mm x 275mm<\/span><\/li>\n<li class=\"group-lists\"><span class=\"title-lists\">Gramatura:<\/span>\u00a0<span class=\"infos-feature\">56 g\/m\u00b2<\/span><\/li>\n<li class=\"group-lists\"><span class=\"title-lists\">\u00cdndice:<\/span>\u00a0<span class=\"infos-feature\">decorado<\/span><\/li>\n<li class=\"group-lists\"><span class=\"title-lists\">Material:<\/span>\u00a0<span class=\"infos-feature\">Capa Dura Com Acabamento Metalizado<\/span><\/li>\n<li class=\"group-lists\"><span class=\"title-lists\">N\u00famero de folhas:<\/span>\u00a0<span class=\"infos-feature\">80 folhas<\/span><\/li>\n<li class=\"group-lists\"><span class=\"title-lists\">N\u00famero de mat\u00e9rias:<\/span>\u00a0<span class=\"infos-feature\">1 mat\u00e9ria<\/span><\/li>\n<li class=\"group-lists\"><span class=\"title-lists\">Parte interna da capa decorada:<\/span>\u00a0<span class=\"infos-feature\">Sim<\/span><\/li>\n<li class=\"group-lists\"><span class=\"title-lists\">Produto certificado:<\/span>\u00a0<span class=\"infos-feature\">FSC<\/span><\/li>\n<\/ul>\n<\/li>\n<\/ul>\n<\/div>\n<\/article>\n<article><\/article>\n<h2 class=\"main-title-line\" title=\"Voc\u00ea tamb\u00e9m poder\u00e1 gostar\"><\/h2>\n<p><a href=\"https:\/\/bemfeitos.com.br\">Bem-Feito Presentes e Papelaria<\/a><\/p>\n","protected":false},"excerpt":{"rendered":"<div class=\"product-description-text\">O Caderno Universit\u00e1rio Love Pink totalmente decorado, capa metalizada, folha com adesivos funcionais, folhas pautadas decoradas e espiral colorido.<\/div>\n<div class=\"product-description-text\"><\/div>\n","protected":false},"featured_media":1410,"comment_status":"open","ping_status":"closed","template":"","meta":{"_monsterinsights_skip_tracking":false,"_monsterinsights_sitenote_active":false,"_monsterinsights_sitenote_note":"","_monsterinsights_sitenote_category":0,"site-sidebar-layout":"default","site-content-layout":"","ast-site-content-layout":"default","site-content-style":"default","site-sidebar-style":"default","ast-global-header-display":"","ast-banner-title-visibility":"","ast-main-header-display":"","ast-hfb-above-header-display":"","ast-hfb-below-header-display":"","ast-hfb-mobile-header-display":"","site-post-title":"","ast-breadcrumbs-content":"","ast-featured-img":"","footer-sml-layout":"","theme-transparent-header-meta":"default","adv-header-id-meta":"","stick-header-meta":"","header-above-stick-meta":"","header-main-stick-meta":"","header-below-stick-meta":"","astra-migrate-meta-layouts":"set"},"product_cat":[142],"product_tag":[60],"class_list":{"0":"post-1409","1":"product","2":"type-product","3":"status-publish","4":"has-post-thumbnail","6":"product_cat-caderno","7":"product_tag-tilibra","8":"desktop-align-left","9":"tablet-align-left","10":"mobile-align-left","12":"first","13":"instock","14":"purchasable","15":"product-type-simple"},"aioseo_notices":[],"_links":{"self":[{"href":"https:\/\/bemfeitos.com.br\/index.php\/wp-json\/wp\/v2\/product\/1409"}],"collection":[{"href":"https:\/\/bemfeitos.com.br\/index.php\/wp-json\/wp\/v2\/product"}],"about":[{"href":"https:\/\/bemfeitos.com.br\/index.php\/wp-json\/wp\/v2\/types\/product"}],"replies":[{"embeddable":true,"href":"https:\/\/bemfeitos.com.br\/index.php\/wp-json\/wp\/v2\/comments?post=1409"}],"version-history":[{"count":1,"href":"https:\/\/bemfeitos.com.br\/index.php\/wp-json\/wp\/v2\/product\/1409\/revisions"}],"predecessor-version":[{"id":1413,"href":"https:\/\/bemfeitos.com.br\/index.php\/wp-json\/wp\/v2\/product\/1409\/revisions\/1413"}],"wp:featuredmedia":[{"embeddable":true,"href":"https:\/\/bemfeitos.com.br\/index.php\/wp-json\/wp\/v2\/media\/1410"}],"wp:attachment":[{"href":"https:\/\/bemfeitos.com.br\/index.php\/wp-json\/wp\/v2\/media?parent=1409"}],"wp:term":[{"taxonomy":"product_cat","embeddable":true,"href":"https:\/\/bemfeitos.com.br\/index.php\/wp-json\/wp\/v2\/product_cat?post=1409"},{"taxonomy":"product_tag","embeddable":true,"href":"https:\/\/bemfeitos.com.br\/index.php\/wp-json\/wp\/v2\/product_tag?post=1409"}],"curies":[{"name":"wp","href":"https:\/\/api.w.org\/{rel}","templated":true}]}}