{"id":1451,"date":"2023-10-12T02:11:35","date_gmt":"2023-10-12T05:11:35","guid":{"rendered":"https:\/\/bemfeitos.com.br\/?post_type=product&#038;p=1451"},"modified":"2024-03-07T12:50:02","modified_gmt":"2024-03-07T15:50:02","slug":"cola-em-bastao-8g-transparente-colorida","status":"publish","type":"product","link":"https:\/\/bemfeitos.com.br\/index.php\/product\/cola-em-bastao-8g-transparente-colorida\/","title":{"rendered":"Cola em bast\u00e3o 8G transparente colorida"},"content":{"rendered":"<p class=\"description-text\">A Cola em bast\u00e3o 8g Transparente Colorida \u00e9 ideal para uso escolar e artesanal, podendo ser utilizada em cartolina, fotos e pap\u00e9is similares. Ela possui o corpo transparente e n\u00e3o mancha o papel, al\u00e9m de oferecer uma secagem r\u00e1pida e \u00e9 n\u00e3o t\u00f3xica, sendo segura para o uso das crian\u00e7as.<\/p>\n<div class=\"columns is-multiline\">\n<div class=\"column features\">\n<p><b>Detalhes<\/b><\/p>\n<p class=\"list\">Alta qualidade<\/p>\n<p class=\"list\">C\u00f3digo de barras individual<\/p>\n<p class=\"list\">Cores sortidas<\/p>\n<p class=\"list\">Modelo: Bast\u00e3o<\/p>\n<p class=\"list\">N\u00e3o t\u00f3xico<\/p>\n<p class=\"list\">Peso: 8g<\/p>\n<p class=\"list\">Produto certificado: INMETRO<\/p>\n<\/div>\n<\/div>\n<p>&nbsp;<\/p>\n<p><a href=\"https:\/\/bemfeitos.com.br\">Bem-Feito Presentes e Papelaria<\/a><\/p>\n","protected":false},"excerpt":{"rendered":"<p>A Cola em bast\u00e3o 8g Transparente Colorida \u00e9 ideal para uso escolar e artesanal, podendo ser utilizada em cartolina, fotos e pap\u00e9is similares.<\/p>\n","protected":false},"featured_media":1457,"comment_status":"open","ping_status":"closed","template":"","meta":{"_monsterinsights_skip_tracking":false,"_monsterinsights_sitenote_active":false,"_monsterinsights_sitenote_note":"","_monsterinsights_sitenote_category":0,"site-sidebar-layout":"default","site-content-layout":"","ast-site-content-layout":"default","site-content-style":"default","site-sidebar-style":"default","ast-global-header-display":"","ast-banner-title-visibility":"","ast-main-header-display":"","ast-hfb-above-header-display":"","ast-hfb-below-header-display":"","ast-hfb-mobile-header-display":"","site-post-title":"","ast-breadcrumbs-content":"","ast-featured-img":"","footer-sml-layout":"","theme-transparent-header-meta":"default","adv-header-id-meta":"","stick-header-meta":"","header-above-stick-meta":"","header-main-stick-meta":"","header-below-stick-meta":"","astra-migrate-meta-layouts":"set"},"product_cat":[143],"product_tag":[60],"class_list":{"0":"post-1451","1":"product","2":"type-product","3":"status-publish","4":"has-post-thumbnail","6":"product_cat-cola","7":"product_tag-tilibra","8":"desktop-align-left","9":"tablet-align-left","10":"mobile-align-left","12":"first","13":"instock","14":"purchasable","15":"product-type-variable"},"aioseo_notices":[],"_links":{"self":[{"href":"https:\/\/bemfeitos.com.br\/index.php\/wp-json\/wp\/v2\/product\/1451"}],"collection":[{"href":"https:\/\/bemfeitos.com.br\/index.php\/wp-json\/wp\/v2\/product"}],"about":[{"href":"https:\/\/bemfeitos.com.br\/index.php\/wp-json\/wp\/v2\/types\/product"}],"replies":[{"embeddable":true,"href":"https:\/\/bemfeitos.com.br\/index.php\/wp-json\/wp\/v2\/comments?post=1451"}],"version-history":[{"count":0,"href":"https:\/\/bemfeitos.com.br\/index.php\/wp-json\/wp\/v2\/product\/1451\/revisions"}],"wp:featuredmedia":[{"embeddable":true,"href":"https:\/\/bemfeitos.com.br\/index.php\/wp-json\/wp\/v2\/media\/1457"}],"wp:attachment":[{"href":"https:\/\/bemfeitos.com.br\/index.php\/wp-json\/wp\/v2\/media?parent=1451"}],"wp:term":[{"taxonomy":"product_cat","embeddable":true,"href":"https:\/\/bemfeitos.com.br\/index.php\/wp-json\/wp\/v2\/product_cat?post=1451"},{"taxonomy":"product_tag","embeddable":true,"href":"https:\/\/bemfeitos.com.br\/index.php\/wp-json\/wp\/v2\/product_tag?post=1451"}],"curies":[{"name":"wp","href":"https:\/\/api.w.org\/{rel}","templated":true}]}}