{"id":1491,"date":"2023-10-12T03:31:22","date_gmt":"2023-10-12T06:31:22","guid":{"rendered":"https:\/\/bemfeitos.com.br\/?post_type=product&#038;p=1491"},"modified":"2025-01-24T01:12:25","modified_gmt":"2025-01-24T04:12:25","slug":"apontador-panda-2-furos","status":"publish","type":"product","link":"https:\/\/bemfeitos.com.br\/index.php\/product\/apontador-panda-2-furos\/","title":{"rendered":"Apontador Panda 2 furos"},"content":{"rendered":"<p class=\"description-text\">O Apontador Panda 2 Furos com dep\u00f3sito \u00e9 produzido com material dur\u00e1vel, l\u00e2mina em a\u00e7o carbono resistente e possui dep\u00f3sito com boa capacidade. Ideal para o dia a dia na escola, auxiliando o aluno nas atividades de escrever, desenhar e colorir.<\/p>\n<div class=\"columns is-multiline\">\n<div class=\"column features\">\n<p><b>Detalhes<\/b><\/p>\n<p class=\"list\">Alta qualidade<\/p>\n<p class=\"list\">C\u00f3digo de barras individual<\/p>\n<p class=\"list\">Escolar<\/p>\n<p class=\"list\">Estampas sortidas<\/p>\n<p class=\"list\">F\u00e1cil remo\u00e7\u00e3o para limpeza<\/p>\n<p class=\"list\">L\u00e2mina em a\u00e7o carbono<\/p>\n<p class=\"list\">Maior resist\u00eancia e durabilidade<\/p>\n<p class=\"list\">Marca exclusiva<\/p>\n<p class=\"list\">Material: Polipropileno<\/p>\n<p class=\"list\">Modelo de apontador: Com dep\u00f3sito<\/p>\n<p class=\"list\">Produto certificado: INMETRO<\/p>\n<p class=\"list\">Quantidade de furos: 2<\/p>\n<\/div>\n<\/div>\n<p>&nbsp;<\/p>\n<p><a href=\"https:\/\/bemfeitos.com.br\">Bem-Feito Presentes e Papelaria<\/a><\/p>\n","protected":false},"excerpt":{"rendered":"<p>O Apontador Panda 2 Furos com dep\u00f3sito \u00e9 produzido com material dur\u00e1vel, l\u00e2mina em a\u00e7o carbono resistente e possui dep\u00f3sito com boa capacidade.<\/p>\n","protected":false},"featured_media":1493,"comment_status":"open","ping_status":"closed","template":"","meta":{"_monsterinsights_skip_tracking":false,"_monsterinsights_sitenote_active":false,"_monsterinsights_sitenote_note":"","_monsterinsights_sitenote_category":0,"site-sidebar-layout":"default","site-content-layout":"","ast-site-content-layout":"default","site-content-style":"default","site-sidebar-style":"default","ast-global-header-display":"","ast-banner-title-visibility":"","ast-main-header-display":"","ast-hfb-above-header-display":"","ast-hfb-below-header-display":"","ast-hfb-mobile-header-display":"","site-post-title":"","ast-breadcrumbs-content":"","ast-featured-img":"","footer-sml-layout":"","theme-transparent-header-meta":"default","adv-header-id-meta":"","stick-header-meta":"","header-above-stick-meta":"","header-main-stick-meta":"","header-below-stick-meta":"","astra-migrate-meta-layouts":"set"},"product_cat":[24],"product_tag":[60],"class_list":{"0":"post-1491","1":"product","2":"type-product","3":"status-publish","4":"has-post-thumbnail","6":"product_cat-apontadores","7":"product_tag-tilibra","8":"desktop-align-left","9":"tablet-align-left","10":"mobile-align-left","12":"first","13":"instock","14":"purchasable","15":"product-type-simple"},"aioseo_notices":[],"_links":{"self":[{"href":"https:\/\/bemfeitos.com.br\/index.php\/wp-json\/wp\/v2\/product\/1491"}],"collection":[{"href":"https:\/\/bemfeitos.com.br\/index.php\/wp-json\/wp\/v2\/product"}],"about":[{"href":"https:\/\/bemfeitos.com.br\/index.php\/wp-json\/wp\/v2\/types\/product"}],"replies":[{"embeddable":true,"href":"https:\/\/bemfeitos.com.br\/index.php\/wp-json\/wp\/v2\/comments?post=1491"}],"version-history":[{"count":1,"href":"https:\/\/bemfeitos.com.br\/index.php\/wp-json\/wp\/v2\/product\/1491\/revisions"}],"predecessor-version":[{"id":2911,"href":"https:\/\/bemfeitos.com.br\/index.php\/wp-json\/wp\/v2\/product\/1491\/revisions\/2911"}],"wp:featuredmedia":[{"embeddable":true,"href":"https:\/\/bemfeitos.com.br\/index.php\/wp-json\/wp\/v2\/media\/1493"}],"wp:attachment":[{"href":"https:\/\/bemfeitos.com.br\/index.php\/wp-json\/wp\/v2\/media?parent=1491"}],"wp:term":[{"taxonomy":"product_cat","embeddable":true,"href":"https:\/\/bemfeitos.com.br\/index.php\/wp-json\/wp\/v2\/product_cat?post=1491"},{"taxonomy":"product_tag","embeddable":true,"href":"https:\/\/bemfeitos.com.br\/index.php\/wp-json\/wp\/v2\/product_tag?post=1491"}],"curies":[{"name":"wp","href":"https:\/\/api.w.org\/{rel}","templated":true}]}}