{"id":1496,"date":"2023-10-12T21:58:31","date_gmt":"2023-10-13T00:58:31","guid":{"rendered":"https:\/\/bemfeitos.com.br\/?post_type=product&#038;p=1496"},"modified":"2024-03-07T12:08:57","modified_gmt":"2024-03-07T15:08:57","slug":"caneta-esferografica-0-7mm-be-nice-6-cores","status":"publish","type":"product","link":"https:\/\/bemfeitos.com.br\/index.php\/product\/caneta-esferografica-0-7mm-be-nice-6-cores\/","title":{"rendered":"Caneta Esferogr\u00e1fica 0.7mm Be Nice 6 cores"},"content":{"rendered":"<p class=\"description-text\">A Caneta Esferogr\u00e1fica 0.7mm Be Nice 6 Cores possui um tra\u00e7o macio e tinta de qualidade com secagem r\u00e1pida, sendo ideal para escrita e sendo indispens\u00e1vel para seu material escolar ou escrit\u00f3rio.<\/p>\n<div class=\"columns is-multiline\">\n<div class=\"column features\">\n<p><b>Detalhes<\/b><\/p>\n<p class=\"list\">Alta qualidade<\/p>\n<p class=\"list\">Caneta: 6 Cores e Retr\u00e1til<\/p>\n<p class=\"list\">C\u00f3digo de barras individual<\/p>\n<p class=\"list\">Com pingente<\/p>\n<p class=\"list\">Maior resist\u00eancia e durabilidade<\/p>\n<p class=\"list\">Marca exclusiva<\/p>\n<p class=\"list\">Modelo: Esferogr\u00e1fica<\/p>\n<p class=\"list\">Multiuso<\/p>\n<p class=\"list\">Ponta: 0.7mm<\/p>\n<p class=\"list\">Produto certificado: INMETRO<\/p>\n<p class=\"list\">Secagem r\u00e1pida<\/p>\n<p class=\"list\">Tra\u00e7o macio<\/p>\n<\/div>\n<\/div>\n<p>&nbsp;<\/p>\n<p><a href=\"https:\/\/bemfeitos.com.br\">Bem-Feito Presentes e Papelaria<\/a><\/p>\n","protected":false},"excerpt":{"rendered":"<p>Caneta Esferogr\u00e1fica 0.7mm Be Nice 6 Cores possui um tra\u00e7o macio e tinta de qualidade com secagem r\u00e1pida, indispens\u00e1vel para seu material escolar ou escrit\u00f3rio.<\/p>\n","protected":false},"featured_media":1498,"comment_status":"open","ping_status":"closed","template":"","meta":{"_monsterinsights_skip_tracking":false,"_monsterinsights_sitenote_active":false,"_monsterinsights_sitenote_note":"","_monsterinsights_sitenote_category":0,"site-sidebar-layout":"default","site-content-layout":"","ast-site-content-layout":"default","site-content-style":"default","site-sidebar-style":"default","ast-global-header-display":"","ast-banner-title-visibility":"","ast-main-header-display":"","ast-hfb-above-header-display":"","ast-hfb-below-header-display":"","ast-hfb-mobile-header-display":"","site-post-title":"","ast-breadcrumbs-content":"","ast-featured-img":"","footer-sml-layout":"","theme-transparent-header-meta":"default","adv-header-id-meta":"","stick-header-meta":"","header-above-stick-meta":"","header-main-stick-meta":"","header-below-stick-meta":"","astra-migrate-meta-layouts":"set"},"product_cat":[20],"product_tag":[105,60],"class_list":{"0":"post-1496","1":"product","2":"type-product","3":"status-publish","4":"has-post-thumbnail","6":"product_cat-canetas","7":"product_tag-caneta","8":"product_tag-tilibra","9":"desktop-align-left","10":"tablet-align-left","11":"mobile-align-left","13":"first","14":"instock","15":"taxable","16":"shipping-taxable","17":"purchasable","18":"product-type-simple"},"aioseo_notices":[],"_links":{"self":[{"href":"https:\/\/bemfeitos.com.br\/index.php\/wp-json\/wp\/v2\/product\/1496"}],"collection":[{"href":"https:\/\/bemfeitos.com.br\/index.php\/wp-json\/wp\/v2\/product"}],"about":[{"href":"https:\/\/bemfeitos.com.br\/index.php\/wp-json\/wp\/v2\/types\/product"}],"replies":[{"embeddable":true,"href":"https:\/\/bemfeitos.com.br\/index.php\/wp-json\/wp\/v2\/comments?post=1496"}],"version-history":[{"count":0,"href":"https:\/\/bemfeitos.com.br\/index.php\/wp-json\/wp\/v2\/product\/1496\/revisions"}],"wp:featuredmedia":[{"embeddable":true,"href":"https:\/\/bemfeitos.com.br\/index.php\/wp-json\/wp\/v2\/media\/1498"}],"wp:attachment":[{"href":"https:\/\/bemfeitos.com.br\/index.php\/wp-json\/wp\/v2\/media?parent=1496"}],"wp:term":[{"taxonomy":"product_cat","embeddable":true,"href":"https:\/\/bemfeitos.com.br\/index.php\/wp-json\/wp\/v2\/product_cat?post=1496"},{"taxonomy":"product_tag","embeddable":true,"href":"https:\/\/bemfeitos.com.br\/index.php\/wp-json\/wp\/v2\/product_tag?post=1496"}],"curies":[{"name":"wp","href":"https:\/\/api.w.org\/{rel}","templated":true}]}}