{"id":1499,"date":"2023-10-12T22:07:18","date_gmt":"2023-10-13T01:07:18","guid":{"rendered":"https:\/\/bemfeitos.com.br\/?post_type=product&#038;p=1499"},"modified":"2025-01-24T01:10:42","modified_gmt":"2025-01-24T04:10:42","slug":"corretivo-em-fita-5mmx5m-be-nice","status":"publish","type":"product","link":"https:\/\/bemfeitos.com.br\/index.php\/product\/corretivo-em-fita-5mmx5m-be-nice\/","title":{"rendered":"Corretivo em fita 5mmX5m Be Nice"},"content":{"rendered":"<p class=\"description-text\">O Corretivo em Fita 5mmx5m Be Nice \u00e9 f\u00e1cil e pr\u00e1tico de usar, ideal para ser usado em qualquer tipo de papel para cobrir diversos tipos de tintas. Recomendado para uso em escrit\u00f3rio ou uso escolar. N\u00e3o t\u00f3xico e seguro para as crian\u00e7as.<\/p>\n<div class=\"columns is-multiline\">\n<div class=\"column features\">\n<p><b>Detalhes<\/b><\/p>\n<p class=\"list\">Alta qualidade<\/p>\n<p class=\"list\">C\u00f3digo de barras individual<\/p>\n<p class=\"list\">F\u00e1cil de aplicar<\/p>\n<p class=\"list\">F\u00e1cil para manusear<\/p>\n<p class=\"list\">Marca exclusiva<\/p>\n<p class=\"list\">Modelo: Fita<\/p>\n<p class=\"list\">N\u00e3o t\u00f3xico<\/p>\n<p class=\"list\">Produto certificado: INMETRO<\/p>\n<p class=\"list\">Tamanho: 5mm x 5m<\/p>\n<\/div>\n<\/div>\n<p>&nbsp;<\/p>\n<p><a href=\"https:\/\/bemfeitos.com.br\">Bem-Feito Presentes e Papelaria<\/a><\/p>\n","protected":false},"excerpt":{"rendered":"<p>O Corretivo em Fita 5mmx5m Be Nice \u00e9 f\u00e1cil e pr\u00e1tico de usar, ideal para ser usado em qualquer tipo de papel para cobrir diversos tipos de tintas.<\/p>\n","protected":false},"featured_media":1500,"comment_status":"open","ping_status":"closed","template":"","meta":{"_monsterinsights_skip_tracking":false,"_monsterinsights_sitenote_active":false,"_monsterinsights_sitenote_note":"","_monsterinsights_sitenote_category":0,"site-sidebar-layout":"default","site-content-layout":"","ast-site-content-layout":"default","site-content-style":"default","site-sidebar-style":"default","ast-global-header-display":"","ast-banner-title-visibility":"","ast-main-header-display":"","ast-hfb-above-header-display":"","ast-hfb-below-header-display":"","ast-hfb-mobile-header-display":"","site-post-title":"","ast-breadcrumbs-content":"","ast-featured-img":"","footer-sml-layout":"","theme-transparent-header-meta":"default","adv-header-id-meta":"","stick-header-meta":"","header-above-stick-meta":"","header-main-stick-meta":"","header-below-stick-meta":"","astra-migrate-meta-layouts":"set"},"product_cat":[17],"product_tag":[60],"class_list":{"0":"post-1499","1":"product","2":"type-product","3":"status-publish","4":"has-post-thumbnail","6":"product_cat-acessorios","7":"product_tag-tilibra","8":"desktop-align-left","9":"tablet-align-left","10":"mobile-align-left","12":"first","13":"instock","14":"purchasable","15":"product-type-simple"},"aioseo_notices":[],"_links":{"self":[{"href":"https:\/\/bemfeitos.com.br\/index.php\/wp-json\/wp\/v2\/product\/1499"}],"collection":[{"href":"https:\/\/bemfeitos.com.br\/index.php\/wp-json\/wp\/v2\/product"}],"about":[{"href":"https:\/\/bemfeitos.com.br\/index.php\/wp-json\/wp\/v2\/types\/product"}],"replies":[{"embeddable":true,"href":"https:\/\/bemfeitos.com.br\/index.php\/wp-json\/wp\/v2\/comments?post=1499"}],"version-history":[{"count":1,"href":"https:\/\/bemfeitos.com.br\/index.php\/wp-json\/wp\/v2\/product\/1499\/revisions"}],"predecessor-version":[{"id":2910,"href":"https:\/\/bemfeitos.com.br\/index.php\/wp-json\/wp\/v2\/product\/1499\/revisions\/2910"}],"wp:featuredmedia":[{"embeddable":true,"href":"https:\/\/bemfeitos.com.br\/index.php\/wp-json\/wp\/v2\/media\/1500"}],"wp:attachment":[{"href":"https:\/\/bemfeitos.com.br\/index.php\/wp-json\/wp\/v2\/media?parent=1499"}],"wp:term":[{"taxonomy":"product_cat","embeddable":true,"href":"https:\/\/bemfeitos.com.br\/index.php\/wp-json\/wp\/v2\/product_cat?post=1499"},{"taxonomy":"product_tag","embeddable":true,"href":"https:\/\/bemfeitos.com.br\/index.php\/wp-json\/wp\/v2\/product_tag?post=1499"}],"curies":[{"name":"wp","href":"https:\/\/api.w.org\/{rel}","templated":true}]}}