{"id":1513,"date":"2023-10-12T22:44:33","date_gmt":"2023-10-13T01:44:33","guid":{"rendered":"https:\/\/bemfeitos.com.br\/?post_type=product&#038;p=1513"},"modified":"2024-03-07T12:07:40","modified_gmt":"2024-03-07T15:07:40","slug":"lapiseira-0-7mm-frutinhas-sortidas","status":"publish","type":"product","link":"https:\/\/bemfeitos.com.br\/index.php\/product\/lapiseira-0-7mm-frutinhas-sortidas\/","title":{"rendered":"Lapiseira 0.7mm frutinhas sortidas"},"content":{"rendered":"<p class=\"description-text\">A Lapiseira 0.7mm Frutinhas possui o corpo emborrachado em gominhos e ponteira com formato divertido de frutinhas sortidas. Seu mecanismo de qualidade para armazenamento e avan\u00e7o da carga oferece praticidade ao escreve e desenhar, al\u00e9m de ser indispens\u00e1vel no material escolar.<\/p>\n<div class=\"columns is-multiline\">\n<div class=\"column features\">\n<p><b>Detalhes<\/b><\/p>\n<p class=\"list\">Alta qualidade<\/p>\n<p class=\"list\">C\u00f3digo de barras individual<\/p>\n<p class=\"list\">Cor: Sortidas<\/p>\n<p class=\"list\">Maior praticidade ao escrever<\/p>\n<p class=\"list\">Maior resist\u00eancia e durabilidade<\/p>\n<p class=\"list\">Ponta: 0.7mm<\/p>\n<p class=\"list\">Produto certificado: INMETRO<\/p>\n<p class=\"list\">Tra\u00e7o macio<\/p>\n<\/div>\n<\/div>\n<p>&nbsp;<\/p>\n<p><a href=\"https:\/\/bemfeitos.com.br\">Bem-Feito Presentes e Papelaria<\/a><\/p>\n","protected":false},"excerpt":{"rendered":"<p>A Lapiseira 0.7mm Frutinhas possui o corpo emborrachado em gominhos e ponteira com formato divertido de frutinhas sortidas.<\/p>\n","protected":false},"featured_media":1514,"comment_status":"open","ping_status":"closed","template":"","meta":{"_monsterinsights_skip_tracking":false,"_monsterinsights_sitenote_active":false,"_monsterinsights_sitenote_note":"","_monsterinsights_sitenote_category":0,"site-sidebar-layout":"default","site-content-layout":"","ast-site-content-layout":"default","site-content-style":"default","site-sidebar-style":"default","ast-global-header-display":"","ast-banner-title-visibility":"","ast-main-header-display":"","ast-hfb-above-header-display":"","ast-hfb-below-header-display":"","ast-hfb-mobile-header-display":"","site-post-title":"","ast-breadcrumbs-content":"","ast-featured-img":"","footer-sml-layout":"","theme-transparent-header-meta":"default","adv-header-id-meta":"","stick-header-meta":"","header-above-stick-meta":"","header-main-stick-meta":"","header-below-stick-meta":"","astra-migrate-meta-layouts":"set"},"product_cat":[92],"product_tag":[60],"class_list":{"0":"post-1513","1":"product","2":"type-product","3":"status-publish","4":"has-post-thumbnail","6":"product_cat-lapiseira","7":"product_tag-tilibra","8":"desktop-align-left","9":"tablet-align-left","10":"mobile-align-left","12":"first","13":"instock","14":"purchasable","15":"product-type-simple"},"aioseo_notices":[],"_links":{"self":[{"href":"https:\/\/bemfeitos.com.br\/index.php\/wp-json\/wp\/v2\/product\/1513"}],"collection":[{"href":"https:\/\/bemfeitos.com.br\/index.php\/wp-json\/wp\/v2\/product"}],"about":[{"href":"https:\/\/bemfeitos.com.br\/index.php\/wp-json\/wp\/v2\/types\/product"}],"replies":[{"embeddable":true,"href":"https:\/\/bemfeitos.com.br\/index.php\/wp-json\/wp\/v2\/comments?post=1513"}],"version-history":[{"count":0,"href":"https:\/\/bemfeitos.com.br\/index.php\/wp-json\/wp\/v2\/product\/1513\/revisions"}],"wp:featuredmedia":[{"embeddable":true,"href":"https:\/\/bemfeitos.com.br\/index.php\/wp-json\/wp\/v2\/media\/1514"}],"wp:attachment":[{"href":"https:\/\/bemfeitos.com.br\/index.php\/wp-json\/wp\/v2\/media?parent=1513"}],"wp:term":[{"taxonomy":"product_cat","embeddable":true,"href":"https:\/\/bemfeitos.com.br\/index.php\/wp-json\/wp\/v2\/product_cat?post=1513"},{"taxonomy":"product_tag","embeddable":true,"href":"https:\/\/bemfeitos.com.br\/index.php\/wp-json\/wp\/v2\/product_tag?post=1513"}],"curies":[{"name":"wp","href":"https:\/\/api.w.org\/{rel}","templated":true}]}}