{"id":1621,"date":"2023-12-28T10:17:03","date_gmt":"2023-12-28T13:17:03","guid":{"rendered":"https:\/\/bemfeitos.com.br\/?post_type=product&#038;p=1621"},"modified":"2025-01-24T01:08:13","modified_gmt":"2025-01-24T04:08:13","slug":"mochila-2d-newpen","status":"publish","type":"product","link":"https:\/\/bemfeitos.com.br\/index.php\/product\/mochila-2d-newpen\/","title":{"rendered":"Mochila 2D Newpen"},"content":{"rendered":"<p>Linda e moderna, essa mochila D2 Newpen, al\u00e9m de extremamente encantadora \u00e9 muito resistente.<br \/>\nVolte as aulas com charme e estilo, ideal para transportar seu notebook, caderno inteligente e muitos outros acess\u00f3rios que n\u00e3o podem faltar no seu dia a dia.<br \/>\nParece um desenho, mas n\u00e3o \u00e9! \u00c9 mochila de verdade!<br \/>\nCom essa mochila 2D voc\u00ea vai lacrar!<\/p>\n","protected":false},"excerpt":{"rendered":"<p>A mochila 2d Newpen \u00e9 super moderna, resistente, bonita e estilosa. Voc\u00ea n\u00e3o pode ficar sem a sua! <\/p>\n","protected":false},"featured_media":1624,"comment_status":"open","ping_status":"closed","template":"","meta":{"_monsterinsights_skip_tracking":false,"_monsterinsights_sitenote_active":false,"_monsterinsights_sitenote_note":"","_monsterinsights_sitenote_category":0,"site-sidebar-layout":"default","site-content-layout":"","ast-site-content-layout":"default","site-content-style":"default","site-sidebar-style":"default","ast-global-header-display":"","ast-banner-title-visibility":"","ast-main-header-display":"","ast-hfb-above-header-display":"","ast-hfb-below-header-display":"","ast-hfb-mobile-header-display":"","site-post-title":"","ast-breadcrumbs-content":"","ast-featured-img":"","footer-sml-layout":"","theme-transparent-header-meta":"default","adv-header-id-meta":"","stick-header-meta":"","header-above-stick-meta":"","header-main-stick-meta":"","header-below-stick-meta":"","astra-migrate-meta-layouts":"set"},"product_cat":[16],"product_tag":[73,74],"class_list":{"0":"post-1621","1":"product","2":"type-product","3":"status-publish","4":"has-post-thumbnail","6":"product_cat-organizacao","7":"product_tag-mochila","8":"product_tag-mochila-2d","9":"desktop-align-left","10":"tablet-align-left","11":"mobile-align-left","13":"first","14":"instock","15":"sale","16":"purchasable","17":"product-type-variable"},"aioseo_notices":[],"_links":{"self":[{"href":"https:\/\/bemfeitos.com.br\/index.php\/wp-json\/wp\/v2\/product\/1621"}],"collection":[{"href":"https:\/\/bemfeitos.com.br\/index.php\/wp-json\/wp\/v2\/product"}],"about":[{"href":"https:\/\/bemfeitos.com.br\/index.php\/wp-json\/wp\/v2\/types\/product"}],"replies":[{"embeddable":true,"href":"https:\/\/bemfeitos.com.br\/index.php\/wp-json\/wp\/v2\/comments?post=1621"}],"version-history":[{"count":0,"href":"https:\/\/bemfeitos.com.br\/index.php\/wp-json\/wp\/v2\/product\/1621\/revisions"}],"wp:featuredmedia":[{"embeddable":true,"href":"https:\/\/bemfeitos.com.br\/index.php\/wp-json\/wp\/v2\/media\/1624"}],"wp:attachment":[{"href":"https:\/\/bemfeitos.com.br\/index.php\/wp-json\/wp\/v2\/media?parent=1621"}],"wp:term":[{"taxonomy":"product_cat","embeddable":true,"href":"https:\/\/bemfeitos.com.br\/index.php\/wp-json\/wp\/v2\/product_cat?post=1621"},{"taxonomy":"product_tag","embeddable":true,"href":"https:\/\/bemfeitos.com.br\/index.php\/wp-json\/wp\/v2\/product_tag?post=1621"}],"curies":[{"name":"wp","href":"https:\/\/api.w.org\/{rel}","templated":true}]}}