{"id":1630,"date":"2023-12-28T11:42:24","date_gmt":"2023-12-28T14:42:24","guid":{"rendered":"https:\/\/bemfeitos.com.br\/?post_type=product&#038;p=1630"},"modified":"2025-01-24T01:04:44","modified_gmt":"2025-01-24T04:04:44","slug":"camera-garrafa-dagua-com-canudo","status":"publish","type":"product","link":"https:\/\/bemfeitos.com.br\/index.php\/product\/camera-garrafa-dagua-com-canudo\/","title":{"rendered":"C\u00e2mera Garrafa d&#8217;\u00e1gua com canudo"},"content":{"rendered":"<p>C\u00e2mera garrafa d&#8217;\u00e1gua com canudo que voc\u00ea pode decorar com 4 adesivos 3D divertidos exclusivos e 3 adesivos planos fofos!<br \/>\nA linda garrafa de \u00e1gua \u00e9 adequada para a volta as aulas, esportes ao ar livre, viagens, camping, ioga, academia, escrit\u00f3rio e outros lugares que voc\u00ea precisa se hidratar. Inclu\u00eddo: 1 al\u00e7a, 3 adesivos planos, 4 adesivos 3D.<br \/>\nVire a capa para abrir ou fechar<\/p>\n<p>Orienta\u00e7\u00e3o de cuidado:<br \/>\nLimpe com \u00e1gua morna (abaixo de 50 \u2103) antes de us\u00e1-lo pela primeira vez. N\u00e3o ferva em \u00e1gua fervente, n\u00e3o aque\u00e7a no forno de micro-ondas, n\u00e3o use uma escova dura ou bola de a\u00e7o para evitar arranhar o produto<br \/>\nO comprimento da al\u00e7a de ombro \u00e9 ajust\u00e1vel, adequado para adultos e crian\u00e7as. Esta \u00e9 uma garrafa de \u00e1gua \u00e0 prova de vazamento que voc\u00ea pode levar para qualquer lugar.<\/p>\n","protected":false},"excerpt":{"rendered":"<p>C\u00e2mera garrafa d&#8217;\u00e1gua, visual moderno, lindo e diferente! Uma maneira divertida de se hidratar!<\/p>\n","protected":false},"featured_media":1644,"comment_status":"open","ping_status":"closed","template":"","meta":{"_monsterinsights_skip_tracking":false,"_monsterinsights_sitenote_active":false,"_monsterinsights_sitenote_note":"","_monsterinsights_sitenote_category":0,"site-sidebar-layout":"default","site-content-layout":"","ast-site-content-layout":"default","site-content-style":"default","site-sidebar-style":"default","ast-global-header-display":"","ast-banner-title-visibility":"","ast-main-header-display":"","ast-hfb-above-header-display":"","ast-hfb-below-header-display":"","ast-hfb-mobile-header-display":"","site-post-title":"","ast-breadcrumbs-content":"","ast-featured-img":"","footer-sml-layout":"","theme-transparent-header-meta":"default","adv-header-id-meta":"","stick-header-meta":"","header-above-stick-meta":"","header-main-stick-meta":"","header-below-stick-meta":"","astra-migrate-meta-layouts":"set"},"product_cat":[17,27],"product_tag":[76,75],"class_list":{"0":"post-1630","1":"product","2":"type-product","3":"status-publish","4":"has-post-thumbnail","6":"product_cat-acessorios","7":"product_cat-brinquedos","8":"product_tag-camera","9":"product_tag-garrafa","10":"desktop-align-left","11":"tablet-align-left","12":"mobile-align-left","14":"first","15":"outofstock","16":"purchasable","17":"product-type-variable"},"aioseo_notices":[],"_links":{"self":[{"href":"https:\/\/bemfeitos.com.br\/index.php\/wp-json\/wp\/v2\/product\/1630"}],"collection":[{"href":"https:\/\/bemfeitos.com.br\/index.php\/wp-json\/wp\/v2\/product"}],"about":[{"href":"https:\/\/bemfeitos.com.br\/index.php\/wp-json\/wp\/v2\/types\/product"}],"replies":[{"embeddable":true,"href":"https:\/\/bemfeitos.com.br\/index.php\/wp-json\/wp\/v2\/comments?post=1630"}],"version-history":[{"count":1,"href":"https:\/\/bemfeitos.com.br\/index.php\/wp-json\/wp\/v2\/product\/1630\/revisions"}],"predecessor-version":[{"id":2909,"href":"https:\/\/bemfeitos.com.br\/index.php\/wp-json\/wp\/v2\/product\/1630\/revisions\/2909"}],"wp:featuredmedia":[{"embeddable":true,"href":"https:\/\/bemfeitos.com.br\/index.php\/wp-json\/wp\/v2\/media\/1644"}],"wp:attachment":[{"href":"https:\/\/bemfeitos.com.br\/index.php\/wp-json\/wp\/v2\/media?parent=1630"}],"wp:term":[{"taxonomy":"product_cat","embeddable":true,"href":"https:\/\/bemfeitos.com.br\/index.php\/wp-json\/wp\/v2\/product_cat?post=1630"},{"taxonomy":"product_tag","embeddable":true,"href":"https:\/\/bemfeitos.com.br\/index.php\/wp-json\/wp\/v2\/product_tag?post=1630"}],"curies":[{"name":"wp","href":"https:\/\/api.w.org\/{rel}","templated":true}]}}