{"id":1695,"date":"2024-01-22T12:47:12","date_gmt":"2024-01-22T15:47:12","guid":{"rendered":"https:\/\/bemfeitos.com.br\/?post_type=product&#038;p=1695"},"modified":"2024-11-07T12:13:22","modified_gmt":"2024-11-07T15:13:22","slug":"caneta-candy-4x1","status":"publish","type":"product","link":"https:\/\/bemfeitos.com.br\/index.php\/product\/caneta-candy-4x1\/","title":{"rendered":"Caneta Candy 4&#215;1"},"content":{"rendered":"<p>Linda caneta candy 4&#215;1 da CIS.<br \/>\nPra quem ama qualidade, beleza e charme essa caneta tr\u00e1s tudo isso e muito mais.<br \/>\nS\u00e3o 3 combina\u00e7\u00f5es de cores diferentes e todas elas igualmente encantadoras.<\/p>\n<p>Lil\u00e1s e rosa, Rosa e verde, Verde e lil\u00e1s.<br \/>\nPossui ponta retr\u00e1til, 0.7, com uma escrita suave e em 4 cores diferentes.<\/p>\n<p>Pra quem ama fofura, voc\u00ea n\u00e3o pode deixar de ter al\u00e9m de uma caneta como essa um maravilhoso marca texto com cheirinho de frutas da Be Bold.<br \/>\nVenha conhecer <a href=\"https:\/\/bemfeitos.com.br\/index.php\/product\/marca-texto-be-bold-fruit-edition\/\" title=\"Marca Texto Be Bold Fruit Edition\">aqui<\/a> mais essa fofura!<\/p>\n","protected":false},"excerpt":{"rendered":"<p>Caneta Candy 4&#215;1 escrevendo com beleza e charme! Essa linda caneta ponta 07 possui 4 cores em 3 diferentes modelos.<br \/>\nTodas encantadoras e muito fofas.<\/p>\n","protected":false},"featured_media":1687,"comment_status":"open","ping_status":"closed","template":"","meta":{"_monsterinsights_skip_tracking":false,"_monsterinsights_sitenote_active":false,"_monsterinsights_sitenote_note":"","_monsterinsights_sitenote_category":0,"site-sidebar-layout":"default","site-content-layout":"","ast-site-content-layout":"default","site-content-style":"default","site-sidebar-style":"default","ast-global-header-display":"","ast-banner-title-visibility":"","ast-main-header-display":"","ast-hfb-above-header-display":"","ast-hfb-below-header-display":"","ast-hfb-mobile-header-display":"","site-post-title":"","ast-breadcrumbs-content":"","ast-featured-img":"","footer-sml-layout":"","theme-transparent-header-meta":"default","adv-header-id-meta":"","stick-header-meta":"","header-above-stick-meta":"","header-main-stick-meta":"","header-below-stick-meta":"","astra-migrate-meta-layouts":"set"},"product_cat":[20],"product_tag":[82,81,44],"class_list":{"0":"post-1695","1":"product","2":"type-product","3":"status-publish","4":"has-post-thumbnail","6":"product_cat-canetas","7":"product_tag-caneta-07","8":"product_tag-caneta-candy","9":"product_tag-cis","10":"desktop-align-left","11":"tablet-align-left","12":"mobile-align-left","14":"first","15":"instock","16":"purchasable","17":"product-type-variable"},"aioseo_notices":[],"_links":{"self":[{"href":"https:\/\/bemfeitos.com.br\/index.php\/wp-json\/wp\/v2\/product\/1695"}],"collection":[{"href":"https:\/\/bemfeitos.com.br\/index.php\/wp-json\/wp\/v2\/product"}],"about":[{"href":"https:\/\/bemfeitos.com.br\/index.php\/wp-json\/wp\/v2\/types\/product"}],"replies":[{"embeddable":true,"href":"https:\/\/bemfeitos.com.br\/index.php\/wp-json\/wp\/v2\/comments?post=1695"}],"version-history":[{"count":1,"href":"https:\/\/bemfeitos.com.br\/index.php\/wp-json\/wp\/v2\/product\/1695\/revisions"}],"predecessor-version":[{"id":2782,"href":"https:\/\/bemfeitos.com.br\/index.php\/wp-json\/wp\/v2\/product\/1695\/revisions\/2782"}],"wp:featuredmedia":[{"embeddable":true,"href":"https:\/\/bemfeitos.com.br\/index.php\/wp-json\/wp\/v2\/media\/1687"}],"wp:attachment":[{"href":"https:\/\/bemfeitos.com.br\/index.php\/wp-json\/wp\/v2\/media?parent=1695"}],"wp:term":[{"taxonomy":"product_cat","embeddable":true,"href":"https:\/\/bemfeitos.com.br\/index.php\/wp-json\/wp\/v2\/product_cat?post=1695"},{"taxonomy":"product_tag","embeddable":true,"href":"https:\/\/bemfeitos.com.br\/index.php\/wp-json\/wp\/v2\/product_tag?post=1695"}],"curies":[{"name":"wp","href":"https:\/\/api.w.org\/{rel}","templated":true}]}}