{"id":1704,"date":"2024-01-22T13:35:59","date_gmt":"2024-01-22T16:35:59","guid":{"rendered":"https:\/\/bemfeitos.com.br\/?post_type=product&#038;p=1704"},"modified":"2025-01-24T01:01:44","modified_gmt":"2025-01-24T04:01:44","slug":"estojo-luluca","status":"publish","type":"product","link":"https:\/\/bemfeitos.com.br\/index.php\/product\/estojo-luluca\/","title":{"rendered":"Estojo da Luluca"},"content":{"rendered":"<p>Estojo da Luluca Bolsa Box El\u00e1stico.<\/p>\n<p>Nada menos que muito charme, beleza, qualidade e muuuito bom gosto, n\u00e3o \u00e9 mesmo?<\/p>\n<p>Com design exclusivo, pr\u00e1tico e confort\u00e1vel o estojo da Luluca \u00e9 ideal para quem tem muito l\u00e1pis, canetinha, caneta e outros materiais e acess\u00f3rios.<\/p>\n<p>Confeccionado em material soft com puxadores de corda e tags de borracha, o estojo possui material resistente, amplo espa\u00e7o interno, uma divis\u00f3ria central com separadores el\u00e1sticos que auxiliam na organiza\u00e7\u00e3o e um bolso interno com fechamento em z\u00edper. Assim ser\u00e1 poss\u00edvel carregar l\u00e1pis de cor, caneta, canetinha e seus acess\u00f3rios com muita seguran\u00e7a e estilo!<\/p>\n<p>Voc\u00ea n\u00e3o pode deixar de dar uma olhadinha tamb\u00e9m na <a href=\"https:\/\/bemfeitos.com.br\/index.php\/product\/mochila-luluca-lulike\/\" title=\"Mochila Luluca Lulike\">Mochila da Luluca<\/a>!!!<\/p>\n<p>Composi\u00e7\u00e3o: Poli\u00e9ster<br \/>\nDimens\u00f5es: 16cm (larg) x 22cm (comp) x 6cm (prof).<\/p>\n<p>Produto original e licenciado!<br \/>\nCertificado Inmetro: 003082\/2017<\/p>\n<p>Aviso: As cores podem variar do apresentado nas fotos. Imagens meramente ilustrativas!<\/p>\n","protected":false},"excerpt":{"rendered":"<p>Estojo da Luluca possui design exclusivo, pr\u00e1tico e confort\u00e1vel  \u00e9 ideal para quem tem muito l\u00e1pis, canetinha, caneta e outros materiais e acess\u00f3rios.<\/p>\n","protected":false},"featured_media":1711,"comment_status":"open","ping_status":"closed","template":"","meta":{"_monsterinsights_skip_tracking":false,"_monsterinsights_sitenote_active":false,"_monsterinsights_sitenote_note":"","_monsterinsights_sitenote_category":0,"site-sidebar-layout":"default","site-content-layout":"","ast-site-content-layout":"default","site-content-style":"default","site-sidebar-style":"default","ast-global-header-display":"","ast-banner-title-visibility":"","ast-main-header-display":"","ast-hfb-above-header-display":"","ast-hfb-below-header-display":"","ast-hfb-mobile-header-display":"","site-post-title":"","ast-breadcrumbs-content":"","ast-featured-img":"","footer-sml-layout":"","theme-transparent-header-meta":"default","adv-header-id-meta":"","stick-header-meta":"","header-above-stick-meta":"","header-main-stick-meta":"","header-below-stick-meta":"","astra-migrate-meta-layouts":"set"},"product_cat":[16],"product_tag":[89,83,78],"class_list":{"0":"post-1704","1":"product","2":"type-product","3":"status-publish","4":"has-post-thumbnail","6":"product_cat-organizacao","7":"product_tag-clio","8":"product_tag-estojo-da-luluca","9":"product_tag-luluca","10":"desktop-align-left","11":"tablet-align-left","12":"mobile-align-left","14":"first","15":"instock","16":"featured","17":"purchasable","18":"product-type-variable"},"aioseo_notices":[],"_links":{"self":[{"href":"https:\/\/bemfeitos.com.br\/index.php\/wp-json\/wp\/v2\/product\/1704"}],"collection":[{"href":"https:\/\/bemfeitos.com.br\/index.php\/wp-json\/wp\/v2\/product"}],"about":[{"href":"https:\/\/bemfeitos.com.br\/index.php\/wp-json\/wp\/v2\/types\/product"}],"replies":[{"embeddable":true,"href":"https:\/\/bemfeitos.com.br\/index.php\/wp-json\/wp\/v2\/comments?post=1704"}],"version-history":[{"count":2,"href":"https:\/\/bemfeitos.com.br\/index.php\/wp-json\/wp\/v2\/product\/1704\/revisions"}],"predecessor-version":[{"id":2741,"href":"https:\/\/bemfeitos.com.br\/index.php\/wp-json\/wp\/v2\/product\/1704\/revisions\/2741"}],"wp:featuredmedia":[{"embeddable":true,"href":"https:\/\/bemfeitos.com.br\/index.php\/wp-json\/wp\/v2\/media\/1711"}],"wp:attachment":[{"href":"https:\/\/bemfeitos.com.br\/index.php\/wp-json\/wp\/v2\/media?parent=1704"}],"wp:term":[{"taxonomy":"product_cat","embeddable":true,"href":"https:\/\/bemfeitos.com.br\/index.php\/wp-json\/wp\/v2\/product_cat?post=1704"},{"taxonomy":"product_tag","embeddable":true,"href":"https:\/\/bemfeitos.com.br\/index.php\/wp-json\/wp\/v2\/product_tag?post=1704"}],"curies":[{"name":"wp","href":"https:\/\/api.w.org\/{rel}","templated":true}]}}