{"id":1717,"date":"2024-01-22T14:21:14","date_gmt":"2024-01-22T17:21:14","guid":{"rendered":"https:\/\/bemfeitos.com.br\/?post_type=product&#038;p=1717"},"modified":"2026-01-20T14:23:52","modified_gmt":"2026-01-20T17:23:52","slug":"lancheira-da-luluca","status":"publish","type":"product","link":"https:\/\/bemfeitos.com.br\/index.php\/product\/lancheira-da-luluca\/","title":{"rendered":"Lancheira da Luluca"},"content":{"rendered":"<p>A Lancheira da Luluca \u00e9 t\u00e9rmica, transversal ou costas escolar &#8211; Clio Style<\/p>\n<p>Sucesso no YouTube e no Volta \u00e0s Aulas Clio, Luluca a apresenta a nova cole\u00e7\u00e3o repaginada para deixar as 12 milh\u00f5es de pandilhas (f\u00e3s) encantadas.<\/p>\n<p>Na Clio, ela estreia com uma cole\u00e7\u00e3o super descolada e alto astral. Se divirta junto com a gente e n\u00e3o se esque\u00e7a de deixar o seu Lulike!<\/p>\n<p>A lancheira da Luluca oficial \u00e9 confeccionada em material soft com puxadores de corda e tags de borracha, material interno t\u00e9rmico.<\/p>\n<p>Possui al\u00e7as que possibilita dois modos de usar: Transversal ou nas costas.<\/p>\n<p>Caracter\u00edsticas:<br \/>\n&#8211; Com z\u00edper de Cordas<br \/>\n&#8211; Al\u00e7a Regul\u00e1vel<br \/>\n&#8211; Material Interno T\u00e9rmico<\/p>\n<p> Especifica\u00e7\u00f5es:<br \/>\n&#8211; Marca: Clio Style<br \/>\n&#8211; Material: Soft<br \/>\n&#8211; Tamanho Lancheira: (A x P x L ): 27 x 20 x 12 cm<\/p>\n<p>N\u00e3o deixe de dar uma olhada no <a href=\"https:\/\/bemfeitos.com.br\/index.php\/product\/estojo-luluca\/\" title=\"Estojo da Luluca\">Estojo da Luluca<\/a>!<\/p>\n<p>As cores podem variar entre as imagens mostradas acima e o produto. Imagens meramente ilustrativas.<br \/>\nTodas as informa\u00e7\u00f5es divulgadas s\u00e3o de responsabilidade exclusiva do fabricante.<\/p>\n<p>Garantia de 90 dias contra defeito de fabrica\u00e7\u00e3o.<\/p>\n","protected":false},"excerpt":{"rendered":"<p>A Lancheira da Luluca \u00e9 t\u00e9rmica, transversal ou costas escolar \u00e9 sucesso no voolta \u00e0s aulas, Luluca a apresenta a nova cole\u00e7\u00e3o repaginada encantando suas f\u00e3s.<\/p>\n","protected":false},"featured_media":1679,"comment_status":"open","ping_status":"closed","template":"","meta":{"_monsterinsights_skip_tracking":false,"_monsterinsights_sitenote_active":false,"_monsterinsights_sitenote_note":"","_monsterinsights_sitenote_category":0,"site-sidebar-layout":"default","site-content-layout":"","ast-site-content-layout":"default","site-content-style":"default","site-sidebar-style":"default","ast-global-header-display":"","ast-banner-title-visibility":"","ast-main-header-display":"","ast-hfb-above-header-display":"","ast-hfb-below-header-display":"","ast-hfb-mobile-header-display":"","site-post-title":"","ast-breadcrumbs-content":"","ast-featured-img":"","footer-sml-layout":"","theme-transparent-header-meta":"default","adv-header-id-meta":"","stick-header-meta":"","header-above-stick-meta":"","header-main-stick-meta":"","header-below-stick-meta":"","astra-migrate-meta-layouts":"set"},"product_cat":[16],"product_tag":[89,84,78],"class_list":{"0":"post-1717","1":"product","2":"type-product","3":"status-publish","4":"has-post-thumbnail","6":"product_cat-organizacao","7":"product_tag-clio","8":"product_tag-lancheira-da-luluca","9":"product_tag-luluca","10":"desktop-align-left","11":"tablet-align-left","12":"mobile-align-left","14":"first","15":"instock","16":"featured","17":"purchasable","18":"product-type-variable"},"aioseo_notices":[],"_links":{"self":[{"href":"https:\/\/bemfeitos.com.br\/index.php\/wp-json\/wp\/v2\/product\/1717"}],"collection":[{"href":"https:\/\/bemfeitos.com.br\/index.php\/wp-json\/wp\/v2\/product"}],"about":[{"href":"https:\/\/bemfeitos.com.br\/index.php\/wp-json\/wp\/v2\/types\/product"}],"replies":[{"embeddable":true,"href":"https:\/\/bemfeitos.com.br\/index.php\/wp-json\/wp\/v2\/comments?post=1717"}],"version-history":[{"count":1,"href":"https:\/\/bemfeitos.com.br\/index.php\/wp-json\/wp\/v2\/product\/1717\/revisions"}],"predecessor-version":[{"id":2742,"href":"https:\/\/bemfeitos.com.br\/index.php\/wp-json\/wp\/v2\/product\/1717\/revisions\/2742"}],"wp:featuredmedia":[{"embeddable":true,"href":"https:\/\/bemfeitos.com.br\/index.php\/wp-json\/wp\/v2\/media\/1679"}],"wp:attachment":[{"href":"https:\/\/bemfeitos.com.br\/index.php\/wp-json\/wp\/v2\/media?parent=1717"}],"wp:term":[{"taxonomy":"product_cat","embeddable":true,"href":"https:\/\/bemfeitos.com.br\/index.php\/wp-json\/wp\/v2\/product_cat?post=1717"},{"taxonomy":"product_tag","embeddable":true,"href":"https:\/\/bemfeitos.com.br\/index.php\/wp-json\/wp\/v2\/product_tag?post=1717"}],"curies":[{"name":"wp","href":"https:\/\/api.w.org\/{rel}","templated":true}]}}