{"id":1721,"date":"2024-01-22T15:20:46","date_gmt":"2024-01-22T18:20:46","guid":{"rendered":"https:\/\/bemfeitos.com.br\/?post_type=product&#038;p=1721"},"modified":"2024-01-24T12:59:53","modified_gmt":"2024-01-24T15:59:53","slug":"marca-texto-lumini-ex-slim","status":"publish","type":"product","link":"https:\/\/bemfeitos.com.br\/index.php\/product\/marca-texto-lumini-ex-slim\/","title":{"rendered":"Marca Texto Lumini Ex Slim"},"content":{"rendered":"<p>Marca Texto Apag\u00e1vel Lumini Ex Slim<\/p>\n<p>O Marca Texto Lumini Ex Slim \u00e9 uma op\u00e7\u00e3o de destaque para quem deseja ter uma experi\u00eancia de marca\u00e7\u00e3o de texto mais vers\u00e1til e pr\u00e1tica. Com duas pontas, uma para marca\u00e7\u00e3o e outra para apagar, voc\u00ea pode real\u00e7ar as partes importantes do seu texto e, se precisar, remover a marca\u00e7\u00e3o sem danificar o papel.<br \/>\nA tinta \u00e0 base de \u00e1gua \u00e9 uma caracter\u00edstica importante dessa caneta, tornando-a mais segura para o uso em documentos importantes, pois n\u00e3o mancha e nem borra o papel. Al\u00e9m disso, a ponta chanfrada permite que voc\u00ea fa\u00e7a marca\u00e7\u00f5es finas ou grossas, variando de 1 a 3mm.<br \/>\nAs cores pastel dispon\u00edveis para essa caneta s\u00e3o perfeitas para quem procura uma op\u00e7\u00e3o mais suave e delicada.<br \/>\nIdeal para estudantes, profissionais e entusiastas da papelaria em geral.<br \/>\nO Marca Texto Lumini Ex \u00e9 uma \u00f3tima escolha para quem deseja uma caneta dur\u00e1vel e de alta qualidade para o uso di\u00e1rio.<\/p>\n<p>Detalhes:<\/p>\n<p>Marca texto com duas pontas<br \/>\nMarca e apaga<br \/>\nPonta chanfrada<br \/>\nCores dispon\u00edveis: Amarelo Neon, Verde \u00c1gua, Azul Escuro, Lil\u00e1s , Rosa e Magenta<br \/>\nTamanho Slim<br \/>\n1 &#8211; 3mm<\/p>\n","protected":false},"excerpt":{"rendered":"<p>Com o Marca Texto Lumini Ex Slim com duas pontas voc\u00ea pode real\u00e7ar o seu texto com uma e se precisar usar a outra pra remover a marca\u00e7\u00e3o sem danificar o papel.<\/p>\n","protected":false},"featured_media":1726,"comment_status":"open","ping_status":"closed","template":"","meta":{"_monsterinsights_skip_tracking":false,"_monsterinsights_sitenote_active":false,"_monsterinsights_sitenote_note":"","_monsterinsights_sitenote_category":0,"site-sidebar-layout":"default","site-content-layout":"","ast-site-content-layout":"default","site-content-style":"default","site-sidebar-style":"default","ast-global-header-display":"","ast-banner-title-visibility":"","ast-main-header-display":"","ast-hfb-above-header-display":"","ast-hfb-below-header-display":"","ast-hfb-mobile-header-display":"","site-post-title":"","ast-breadcrumbs-content":"","ast-featured-img":"","footer-sml-layout":"","theme-transparent-header-meta":"default","adv-header-id-meta":"","stick-header-meta":"","header-above-stick-meta":"","header-main-stick-meta":"","header-below-stick-meta":"","astra-migrate-meta-layouts":"set"},"product_cat":[34],"product_tag":[44,85,86],"class_list":{"0":"post-1721","1":"product","2":"type-product","3":"status-publish","4":"has-post-thumbnail","6":"product_cat-marca-texto","7":"product_tag-cis","8":"product_tag-lumini-ex-slim","9":"product_tag-marca-texto","10":"desktop-align-left","11":"tablet-align-left","12":"mobile-align-left","14":"first","15":"instock","16":"taxable","17":"shipping-taxable","18":"product-type-variable"},"aioseo_notices":[],"_links":{"self":[{"href":"https:\/\/bemfeitos.com.br\/index.php\/wp-json\/wp\/v2\/product\/1721"}],"collection":[{"href":"https:\/\/bemfeitos.com.br\/index.php\/wp-json\/wp\/v2\/product"}],"about":[{"href":"https:\/\/bemfeitos.com.br\/index.php\/wp-json\/wp\/v2\/types\/product"}],"replies":[{"embeddable":true,"href":"https:\/\/bemfeitos.com.br\/index.php\/wp-json\/wp\/v2\/comments?post=1721"}],"version-history":[{"count":0,"href":"https:\/\/bemfeitos.com.br\/index.php\/wp-json\/wp\/v2\/product\/1721\/revisions"}],"wp:featuredmedia":[{"embeddable":true,"href":"https:\/\/bemfeitos.com.br\/index.php\/wp-json\/wp\/v2\/media\/1726"}],"wp:attachment":[{"href":"https:\/\/bemfeitos.com.br\/index.php\/wp-json\/wp\/v2\/media?parent=1721"}],"wp:term":[{"taxonomy":"product_cat","embeddable":true,"href":"https:\/\/bemfeitos.com.br\/index.php\/wp-json\/wp\/v2\/product_cat?post=1721"},{"taxonomy":"product_tag","embeddable":true,"href":"https:\/\/bemfeitos.com.br\/index.php\/wp-json\/wp\/v2\/product_tag?post=1721"}],"curies":[{"name":"wp","href":"https:\/\/api.w.org\/{rel}","templated":true}]}}