{"id":1732,"date":"2024-01-24T12:23:16","date_gmt":"2024-01-24T15:23:16","guid":{"rendered":"https:\/\/bemfeitos.com.br\/?post_type=product&#038;p=1732"},"modified":"2024-01-24T12:58:48","modified_gmt":"2024-01-24T15:58:48","slug":"marca-texto-grifpen-da-faber-castell","status":"publish","type":"product","link":"https:\/\/bemfeitos.com.br\/index.php\/product\/marca-texto-grifpen-da-faber-castell\/","title":{"rendered":"Marca Texto Grifpen da Faber-Castell"},"content":{"rendered":"<p>O Marca Texto Grifpen da Faber-Castell possui a ponta chanfrada, que possibilita tra\u00e7os finos e grossos a depender da posi\u00e7\u00e3o que a ponta \u00e9 colocada no papel. Seu formato triangular garante maior conforto ao escrever e as cores s\u00e3o superfluorescentes. Ah, a tinta n\u00e3o passa para o outro lado da folha viu?<\/p>\n<p>S\u00e3o diversas cores para voc\u00ea se encantar com a beleza, variedade e qualidade desse produto Faber-Castell.<\/p>\n<p>Voc\u00ea certamente n\u00e3o vai querer somente um.<\/p>\n<p>Veja aqui outras op\u00e7\u00f5es de <a href=\"https:\/\/bemfeitos.com.br\/index.php\/product-category\/marca-texto\/\">Marca Textos<\/a>.<\/p>\n","protected":false},"excerpt":{"rendered":"<p>O Marca Texto Grifpen da Faber-Castell possui a ponta chanfrada, que possibilita tra\u00e7os finos e grossos a depender da posi\u00e7\u00e3o que a ponta \u00e9 colocada no papel.<\/p>\n","protected":false},"featured_media":1757,"comment_status":"open","ping_status":"closed","template":"","meta":{"_monsterinsights_skip_tracking":false,"_monsterinsights_sitenote_active":false,"_monsterinsights_sitenote_note":"","_monsterinsights_sitenote_category":0,"site-sidebar-layout":"default","site-content-layout":"","ast-site-content-layout":"default","site-content-style":"default","site-sidebar-style":"default","ast-global-header-display":"","ast-banner-title-visibility":"","ast-main-header-display":"","ast-hfb-above-header-display":"","ast-hfb-below-header-display":"","ast-hfb-mobile-header-display":"","site-post-title":"","ast-breadcrumbs-content":"","ast-featured-img":"","footer-sml-layout":"","theme-transparent-header-meta":"default","adv-header-id-meta":"","stick-header-meta":"","header-above-stick-meta":"","header-main-stick-meta":"","header-below-stick-meta":"","astra-migrate-meta-layouts":"set"},"product_cat":[34],"product_tag":[47,86],"class_list":{"0":"post-1732","1":"product","2":"type-product","3":"status-publish","4":"has-post-thumbnail","6":"product_cat-marca-texto","7":"product_tag-faber-castell","8":"product_tag-marca-texto","9":"desktop-align-left","10":"tablet-align-left","11":"mobile-align-left","13":"first","14":"instock","15":"purchasable","16":"product-type-variable"},"aioseo_notices":[],"_links":{"self":[{"href":"https:\/\/bemfeitos.com.br\/index.php\/wp-json\/wp\/v2\/product\/1732"}],"collection":[{"href":"https:\/\/bemfeitos.com.br\/index.php\/wp-json\/wp\/v2\/product"}],"about":[{"href":"https:\/\/bemfeitos.com.br\/index.php\/wp-json\/wp\/v2\/types\/product"}],"replies":[{"embeddable":true,"href":"https:\/\/bemfeitos.com.br\/index.php\/wp-json\/wp\/v2\/comments?post=1732"}],"version-history":[{"count":0,"href":"https:\/\/bemfeitos.com.br\/index.php\/wp-json\/wp\/v2\/product\/1732\/revisions"}],"wp:featuredmedia":[{"embeddable":true,"href":"https:\/\/bemfeitos.com.br\/index.php\/wp-json\/wp\/v2\/media\/1757"}],"wp:attachment":[{"href":"https:\/\/bemfeitos.com.br\/index.php\/wp-json\/wp\/v2\/media?parent=1732"}],"wp:term":[{"taxonomy":"product_cat","embeddable":true,"href":"https:\/\/bemfeitos.com.br\/index.php\/wp-json\/wp\/v2\/product_cat?post=1732"},{"taxonomy":"product_tag","embeddable":true,"href":"https:\/\/bemfeitos.com.br\/index.php\/wp-json\/wp\/v2\/product_tag?post=1732"}],"curies":[{"name":"wp","href":"https:\/\/api.w.org\/{rel}","templated":true}]}}