{"id":1747,"date":"2024-01-24T12:34:44","date_gmt":"2024-01-24T15:34:44","guid":{"rendered":"https:\/\/bemfeitos.com.br\/?post_type=product&#038;p=1747"},"modified":"2024-03-07T12:28:00","modified_gmt":"2024-03-07T15:28:00","slug":"grafite-0-5-escolar-polymer-hb","status":"publish","type":"product","link":"https:\/\/bemfeitos.com.br\/index.php\/product\/grafite-0-5-escolar-polymer-hb\/","title":{"rendered":"Grafite 0.5 Escolar Polymer HB"},"content":{"rendered":"<p>O Grafite 0.5 Super Polymer s\u00e3o cargas desenvolvidas para proporcionar resist\u00eancia e intensidade na escrita. Sua embalagem possui abertura diferenciada para a recarga do grafite, proporciona escrita suave e na cor preto intenso, com grande resistencia \u00e0 rupturas durante a escrita e desenhos.<\/p>\n<p>N\u00e3o deixe de ver em nosso site outros produtos da <a href=\"https:\/\/bemfeitos.com.br\/index.php\/product-tag\/faber-castell\/\">Faber-Castell<\/a> para quem ama qualidade.<\/p>\n","protected":false},"excerpt":{"rendered":"<p>Grafite 0.5 Escolar Polymer da Faber-Castell sua gradua\u00e7\u00e3o \u00e9 HB e possui a tecnologia MAX resistente: menos quebra na mina e maior maciez e apagabilidade.<\/p>\n","protected":false},"featured_media":1748,"comment_status":"open","ping_status":"closed","template":"","meta":{"_monsterinsights_skip_tracking":false,"_monsterinsights_sitenote_active":false,"_monsterinsights_sitenote_note":"","_monsterinsights_sitenote_category":0,"site-sidebar-layout":"default","site-content-layout":"","ast-site-content-layout":"default","site-content-style":"default","site-sidebar-style":"default","ast-global-header-display":"","ast-banner-title-visibility":"","ast-main-header-display":"","ast-hfb-above-header-display":"","ast-hfb-below-header-display":"","ast-hfb-mobile-header-display":"","site-post-title":"","ast-breadcrumbs-content":"","ast-featured-img":"","footer-sml-layout":"","theme-transparent-header-meta":"default","adv-header-id-meta":"","stick-header-meta":"","header-above-stick-meta":"","header-main-stick-meta":"","header-below-stick-meta":"","astra-migrate-meta-layouts":"set"},"product_cat":[17,92],"product_tag":[47,87],"class_list":{"0":"post-1747","1":"product","2":"type-product","3":"status-publish","4":"has-post-thumbnail","6":"product_cat-acessorios","7":"product_cat-lapiseira","8":"product_tag-faber-castell","9":"product_tag-grafite","10":"desktop-align-left","11":"tablet-align-left","12":"mobile-align-left","14":"first","15":"instock","16":"purchasable","17":"product-type-simple"},"aioseo_notices":[],"_links":{"self":[{"href":"https:\/\/bemfeitos.com.br\/index.php\/wp-json\/wp\/v2\/product\/1747"}],"collection":[{"href":"https:\/\/bemfeitos.com.br\/index.php\/wp-json\/wp\/v2\/product"}],"about":[{"href":"https:\/\/bemfeitos.com.br\/index.php\/wp-json\/wp\/v2\/types\/product"}],"replies":[{"embeddable":true,"href":"https:\/\/bemfeitos.com.br\/index.php\/wp-json\/wp\/v2\/comments?post=1747"}],"version-history":[{"count":0,"href":"https:\/\/bemfeitos.com.br\/index.php\/wp-json\/wp\/v2\/product\/1747\/revisions"}],"wp:featuredmedia":[{"embeddable":true,"href":"https:\/\/bemfeitos.com.br\/index.php\/wp-json\/wp\/v2\/media\/1748"}],"wp:attachment":[{"href":"https:\/\/bemfeitos.com.br\/index.php\/wp-json\/wp\/v2\/media?parent=1747"}],"wp:term":[{"taxonomy":"product_cat","embeddable":true,"href":"https:\/\/bemfeitos.com.br\/index.php\/wp-json\/wp\/v2\/product_cat?post=1747"},{"taxonomy":"product_tag","embeddable":true,"href":"https:\/\/bemfeitos.com.br\/index.php\/wp-json\/wp\/v2\/product_tag?post=1747"}],"curies":[{"name":"wp","href":"https:\/\/api.w.org\/{rel}","templated":true}]}}