{"id":1749,"date":"2024-01-24T12:56:55","date_gmt":"2024-01-24T15:56:55","guid":{"rendered":"https:\/\/bemfeitos.com.br\/?post_type=product&#038;p=1749"},"modified":"2025-01-24T00:58:49","modified_gmt":"2025-01-24T03:58:49","slug":"cola-bastao-colorida-faber-castell","status":"publish","type":"product","link":"https:\/\/bemfeitos.com.br\/index.php\/product\/cola-bastao-colorida-faber-castell\/","title":{"rendered":"Cola Bast\u00e3o Colorida Faber-Castell"},"content":{"rendered":"<p>Voc\u00ea n\u00e3o pode deixar faltar na sua lista de material escolar a Cola bast\u00e3o colorida Faber-Castell.<br \/>\nA cola possui a qualidade que todos os produtos da Faber-Castell possuem e vem em um recipiente de 10g.<\/p>\n<p>Duas cores dispon\u00edveis: Transparente e Rosa.<\/p>\n<p>Imagens meramente ilustrativas.<\/p>\n","protected":false},"excerpt":{"rendered":"<p>Voc\u00ea n\u00e3o pode deixar faltar na sua lista de material escolar a Cola bast\u00e3o colorida Faber-Castell.<\/p>\n","protected":false},"featured_media":1756,"comment_status":"open","ping_status":"closed","template":"","meta":{"_monsterinsights_skip_tracking":false,"_monsterinsights_sitenote_active":false,"_monsterinsights_sitenote_note":"","_monsterinsights_sitenote_category":0,"site-sidebar-layout":"default","site-content-layout":"","ast-site-content-layout":"default","site-content-style":"default","site-sidebar-style":"default","ast-global-header-display":"","ast-banner-title-visibility":"","ast-main-header-display":"","ast-hfb-above-header-display":"","ast-hfb-below-header-display":"","ast-hfb-mobile-header-display":"","site-post-title":"","ast-breadcrumbs-content":"","ast-featured-img":"","footer-sml-layout":"","theme-transparent-header-meta":"default","adv-header-id-meta":"","stick-header-meta":"","header-above-stick-meta":"","header-main-stick-meta":"","header-below-stick-meta":"","astra-migrate-meta-layouts":"set"},"product_cat":[143],"product_tag":[88,47],"class_list":{"0":"post-1749","1":"product","2":"type-product","3":"status-publish","4":"has-post-thumbnail","6":"product_cat-cola","7":"product_tag-cola-bastao","8":"product_tag-faber-castell","9":"desktop-align-left","10":"tablet-align-left","11":"mobile-align-left","13":"first","14":"instock","15":"purchasable","16":"product-type-variable"},"aioseo_notices":[],"_links":{"self":[{"href":"https:\/\/bemfeitos.com.br\/index.php\/wp-json\/wp\/v2\/product\/1749"}],"collection":[{"href":"https:\/\/bemfeitos.com.br\/index.php\/wp-json\/wp\/v2\/product"}],"about":[{"href":"https:\/\/bemfeitos.com.br\/index.php\/wp-json\/wp\/v2\/types\/product"}],"replies":[{"embeddable":true,"href":"https:\/\/bemfeitos.com.br\/index.php\/wp-json\/wp\/v2\/comments?post=1749"}],"version-history":[{"count":1,"href":"https:\/\/bemfeitos.com.br\/index.php\/wp-json\/wp\/v2\/product\/1749\/revisions"}],"predecessor-version":[{"id":2908,"href":"https:\/\/bemfeitos.com.br\/index.php\/wp-json\/wp\/v2\/product\/1749\/revisions\/2908"}],"wp:featuredmedia":[{"embeddable":true,"href":"https:\/\/bemfeitos.com.br\/index.php\/wp-json\/wp\/v2\/media\/1756"}],"wp:attachment":[{"href":"https:\/\/bemfeitos.com.br\/index.php\/wp-json\/wp\/v2\/media?parent=1749"}],"wp:term":[{"taxonomy":"product_cat","embeddable":true,"href":"https:\/\/bemfeitos.com.br\/index.php\/wp-json\/wp\/v2\/product_cat?post=1749"},{"taxonomy":"product_tag","embeddable":true,"href":"https:\/\/bemfeitos.com.br\/index.php\/wp-json\/wp\/v2\/product_tag?post=1749"}],"curies":[{"name":"wp","href":"https:\/\/api.w.org\/{rel}","templated":true}]}}