{"id":1761,"date":"2024-02-01T17:41:22","date_gmt":"2024-02-01T20:41:22","guid":{"rendered":"https:\/\/bemfeitos.com.br\/?post_type=product&#038;p=1761"},"modified":"2025-01-24T00:57:54","modified_gmt":"2025-01-24T03:57:54","slug":"lapiseira-fun-0-7-da-cis","status":"publish","type":"product","link":"https:\/\/bemfeitos.com.br\/index.php\/product\/lapiseira-fun-0-7-da-cis\/","title":{"rendered":"LAPISEIRA FUN 0.7 da CIS"},"content":{"rendered":"<p>Essa linda e fof\u00edssima Lapiseira Fun 0.7 da CIS n\u00e3o pode faltar na sua cole\u00e7\u00e3o de canetas na volta as aulas.<br \/>\nEncantadora e charmosa essa lapiseira \u00e9 leve e confort\u00e1vel, muita suave para escrever. <\/p>\n<p>Estrangeira &#8211; Importa\u00e7\u00e3o Indireta<br \/>\nDimens\u00f5es do Produto<br \/>\n Altura: 15cm<br \/>\n Largura: 12cm<br \/>\n Comprimento: 9cm<br \/>\n Peso: 0,251Kg<br \/>\n Peso L\u00edquido: 0,251Kg<\/p>\n<p>Veja aqui outros modelos de <a href=\"https:\/\/bemfeitos.com.br\/?s=lapiseira\">lapiseiras<\/a> para voc\u00ea adicionar a sua cole\u00e7\u00e3o.<\/p>\n","protected":false},"excerpt":{"rendered":"<p>Essa linda e fof\u00edssima Lapiseira Fun 0.7 da CIS n\u00e3o pode faltar na sua cole\u00e7\u00e3o de canetas na volta as aulas.<\/p>\n","protected":false},"featured_media":1765,"comment_status":"open","ping_status":"closed","template":"","meta":{"_monsterinsights_skip_tracking":false,"_monsterinsights_sitenote_active":false,"_monsterinsights_sitenote_note":"","_monsterinsights_sitenote_category":0,"site-sidebar-layout":"default","site-content-layout":"","ast-site-content-layout":"default","site-content-style":"default","site-sidebar-style":"default","ast-global-header-display":"","ast-banner-title-visibility":"","ast-main-header-display":"","ast-hfb-above-header-display":"","ast-hfb-below-header-display":"","ast-hfb-mobile-header-display":"","site-post-title":"","ast-breadcrumbs-content":"","ast-featured-img":"","footer-sml-layout":"","theme-transparent-header-meta":"default","adv-header-id-meta":"","stick-header-meta":"","header-above-stick-meta":"","header-main-stick-meta":"","header-below-stick-meta":"","astra-migrate-meta-layouts":"set"},"product_cat":[92],"product_tag":[44,93],"class_list":{"0":"post-1761","1":"product","2":"type-product","3":"status-publish","4":"has-post-thumbnail","6":"product_cat-lapiseira","7":"product_tag-cis","8":"product_tag-lapiseira-fofa","9":"desktop-align-left","10":"tablet-align-left","11":"mobile-align-left","13":"first","14":"outofstock","15":"purchasable","16":"product-type-variable"},"aioseo_notices":[],"_links":{"self":[{"href":"https:\/\/bemfeitos.com.br\/index.php\/wp-json\/wp\/v2\/product\/1761"}],"collection":[{"href":"https:\/\/bemfeitos.com.br\/index.php\/wp-json\/wp\/v2\/product"}],"about":[{"href":"https:\/\/bemfeitos.com.br\/index.php\/wp-json\/wp\/v2\/types\/product"}],"replies":[{"embeddable":true,"href":"https:\/\/bemfeitos.com.br\/index.php\/wp-json\/wp\/v2\/comments?post=1761"}],"version-history":[{"count":1,"href":"https:\/\/bemfeitos.com.br\/index.php\/wp-json\/wp\/v2\/product\/1761\/revisions"}],"predecessor-version":[{"id":2907,"href":"https:\/\/bemfeitos.com.br\/index.php\/wp-json\/wp\/v2\/product\/1761\/revisions\/2907"}],"wp:featuredmedia":[{"embeddable":true,"href":"https:\/\/bemfeitos.com.br\/index.php\/wp-json\/wp\/v2\/media\/1765"}],"wp:attachment":[{"href":"https:\/\/bemfeitos.com.br\/index.php\/wp-json\/wp\/v2\/media?parent=1761"}],"wp:term":[{"taxonomy":"product_cat","embeddable":true,"href":"https:\/\/bemfeitos.com.br\/index.php\/wp-json\/wp\/v2\/product_cat?post=1761"},{"taxonomy":"product_tag","embeddable":true,"href":"https:\/\/bemfeitos.com.br\/index.php\/wp-json\/wp\/v2\/product_tag?post=1761"}],"curies":[{"name":"wp","href":"https:\/\/api.w.org\/{rel}","templated":true}]}}