{"id":1771,"date":"2024-02-01T21:23:52","date_gmt":"2024-02-02T00:23:52","guid":{"rendered":"https:\/\/bemfeitos.com.br\/?post_type=product&#038;p=1771"},"modified":"2024-03-07T12:27:14","modified_gmt":"2024-03-07T15:27:14","slug":"tesoura-escolar-criatic-ks260-cis","status":"publish","type":"product","link":"https:\/\/bemfeitos.com.br\/index.php\/product\/tesoura-escolar-criatic-ks260-cis\/","title":{"rendered":"Tesoura Escolar Criatic KS260 &#8211; CIS"},"content":{"rendered":"<p>TESOURA ESCOLAR CRIATIC KS260 &#8211; CIS<\/p>\n<p>Inovadora tesoura, ideal para crian\u00e7as pequenas, super segura!<\/p>\n<p>Com l\u00e2minas pl\u00e1sticas essa maravilhosa tesoura corta somente papel, n\u00e3o permitindo assim que sua crian\u00e7a corte a pr\u00f3pria pele, cabelos ou roupas. <\/p>\n<p>Em formato l\u00fadico e com belas cores!<\/p>\n<p>N\u00e3o deixe sua crian\u00e7a sem essa tesoura maravilhosa!<\/p>\n<p>Caso queria outras tesouras, temos <a href=\"https:\/\/bemfeitos.com.br\/?s=tesoura\">aqui<\/a> algumas op\u00e7\u00f5es.<\/p>\n<p>Conte\u00fado: 1 Tesoura<br \/>\nMarca: Cis<\/p>\n","protected":false},"excerpt":{"rendered":"<p>TESOURA ESCOLAR CRIATIC KS260 &#8211; CIS \u00e9 inovadora tesoura, ideal para crian\u00e7as pequenas, super segura!<\/p>\n","protected":false},"featured_media":1781,"comment_status":"open","ping_status":"closed","template":"","meta":{"_monsterinsights_skip_tracking":false,"_monsterinsights_sitenote_active":false,"_monsterinsights_sitenote_note":"","_monsterinsights_sitenote_category":0,"site-sidebar-layout":"default","site-content-layout":"","ast-site-content-layout":"default","site-content-style":"default","site-sidebar-style":"default","ast-global-header-display":"","ast-banner-title-visibility":"","ast-main-header-display":"","ast-hfb-above-header-display":"","ast-hfb-below-header-display":"","ast-hfb-mobile-header-display":"","site-post-title":"","ast-breadcrumbs-content":"","ast-featured-img":"","footer-sml-layout":"","theme-transparent-header-meta":"default","adv-header-id-meta":"","stick-header-meta":"","header-above-stick-meta":"","header-main-stick-meta":"","header-below-stick-meta":"","astra-migrate-meta-layouts":"set"},"product_cat":[17],"product_tag":[44,96,95],"class_list":{"0":"post-1771","1":"product","2":"type-product","3":"status-publish","4":"has-post-thumbnail","6":"product_cat-acessorios","7":"product_tag-cis","8":"product_tag-ks260","9":"product_tag-tesoura","10":"desktop-align-left","11":"tablet-align-left","12":"mobile-align-left","14":"first","15":"instock","16":"purchasable","17":"product-type-variable"},"aioseo_notices":[],"_links":{"self":[{"href":"https:\/\/bemfeitos.com.br\/index.php\/wp-json\/wp\/v2\/product\/1771"}],"collection":[{"href":"https:\/\/bemfeitos.com.br\/index.php\/wp-json\/wp\/v2\/product"}],"about":[{"href":"https:\/\/bemfeitos.com.br\/index.php\/wp-json\/wp\/v2\/types\/product"}],"replies":[{"embeddable":true,"href":"https:\/\/bemfeitos.com.br\/index.php\/wp-json\/wp\/v2\/comments?post=1771"}],"version-history":[{"count":0,"href":"https:\/\/bemfeitos.com.br\/index.php\/wp-json\/wp\/v2\/product\/1771\/revisions"}],"wp:featuredmedia":[{"embeddable":true,"href":"https:\/\/bemfeitos.com.br\/index.php\/wp-json\/wp\/v2\/media\/1781"}],"wp:attachment":[{"href":"https:\/\/bemfeitos.com.br\/index.php\/wp-json\/wp\/v2\/media?parent=1771"}],"wp:term":[{"taxonomy":"product_cat","embeddable":true,"href":"https:\/\/bemfeitos.com.br\/index.php\/wp-json\/wp\/v2\/product_cat?post=1771"},{"taxonomy":"product_tag","embeddable":true,"href":"https:\/\/bemfeitos.com.br\/index.php\/wp-json\/wp\/v2\/product_tag?post=1771"}],"curies":[{"name":"wp","href":"https:\/\/api.w.org\/{rel}","templated":true}]}}