{"id":1783,"date":"2024-02-01T21:49:34","date_gmt":"2024-02-02T00:49:34","guid":{"rendered":"https:\/\/bemfeitos.com.br\/?post_type=product&#038;p=1783"},"modified":"2024-02-01T21:49:34","modified_gmt":"2024-02-02T00:49:34","slug":"borracha-fantasia-toast-da-cis","status":"publish","type":"product","link":"https:\/\/bemfeitos.com.br\/index.php\/product\/borracha-fantasia-toast-da-cis\/","title":{"rendered":"Borracha Fantasia Toast da CIS"},"content":{"rendered":"<p>A borracha Fantasia Toast da Cis \u00e9 pura fofura! Cada pacote \u00e9 composto por 4 borrachas em formato de torrada. Ela \u00e9 f\u00e1cil de manusear, macia e n\u00e3o mancha o papel e n\u00e3o borra na hora de apagar! Al\u00e9m disso sua f\u00f3rmula \u00e9 livre de produtos t\u00f3xicos.<\/p>\n<p>Especifica\u00e7\u00f5es do Produto:<\/p>\n<p>Modelo:  Borracha Fantasia Toast<\/p>\n<p> Veja <a href=\"https:\/\/bemfeitos.com.br\/?s=borracha\">aqui<\/a> diversos modelos de borrachas que certamente ir\u00e3o te encantar.<\/p>\n","protected":false},"excerpt":{"rendered":"<p>A borracha Fantasia Toast da Cis \u00e9 pura fofura! Cada pacote \u00e9 composto por 4 borrachas em formato de torrada.<\/p>\n","protected":false},"featured_media":1784,"comment_status":"open","ping_status":"closed","template":"","meta":{"_monsterinsights_skip_tracking":false,"_monsterinsights_sitenote_active":false,"_monsterinsights_sitenote_note":"","_monsterinsights_sitenote_category":0,"site-sidebar-layout":"default","site-content-layout":"","ast-site-content-layout":"default","site-content-style":"default","site-sidebar-style":"default","ast-global-header-display":"","ast-banner-title-visibility":"","ast-main-header-display":"","ast-hfb-above-header-display":"","ast-hfb-below-header-display":"","ast-hfb-mobile-header-display":"","site-post-title":"","ast-breadcrumbs-content":"","ast-featured-img":"","footer-sml-layout":"","theme-transparent-header-meta":"default","adv-header-id-meta":"","stick-header-meta":"","header-above-stick-meta":"","header-main-stick-meta":"","header-below-stick-meta":"","astra-migrate-meta-layouts":"set"},"product_cat":[23],"product_tag":[98,97,44],"class_list":{"0":"post-1783","1":"product","2":"type-product","3":"status-publish","4":"has-post-thumbnail","6":"product_cat-borrachas","7":"product_tag-borracha","8":"product_tag-borracha-toast","9":"product_tag-cis","10":"desktop-align-left","11":"tablet-align-left","12":"mobile-align-left","14":"first","15":"instock","16":"purchasable","17":"product-type-simple"},"aioseo_notices":[],"_links":{"self":[{"href":"https:\/\/bemfeitos.com.br\/index.php\/wp-json\/wp\/v2\/product\/1783"}],"collection":[{"href":"https:\/\/bemfeitos.com.br\/index.php\/wp-json\/wp\/v2\/product"}],"about":[{"href":"https:\/\/bemfeitos.com.br\/index.php\/wp-json\/wp\/v2\/types\/product"}],"replies":[{"embeddable":true,"href":"https:\/\/bemfeitos.com.br\/index.php\/wp-json\/wp\/v2\/comments?post=1783"}],"version-history":[{"count":0,"href":"https:\/\/bemfeitos.com.br\/index.php\/wp-json\/wp\/v2\/product\/1783\/revisions"}],"wp:featuredmedia":[{"embeddable":true,"href":"https:\/\/bemfeitos.com.br\/index.php\/wp-json\/wp\/v2\/media\/1784"}],"wp:attachment":[{"href":"https:\/\/bemfeitos.com.br\/index.php\/wp-json\/wp\/v2\/media?parent=1783"}],"wp:term":[{"taxonomy":"product_cat","embeddable":true,"href":"https:\/\/bemfeitos.com.br\/index.php\/wp-json\/wp\/v2\/product_cat?post=1783"},{"taxonomy":"product_tag","embeddable":true,"href":"https:\/\/bemfeitos.com.br\/index.php\/wp-json\/wp\/v2\/product_tag?post=1783"}],"curies":[{"name":"wp","href":"https:\/\/api.w.org\/{rel}","templated":true}]}}