{"id":1788,"date":"2024-02-13T00:23:11","date_gmt":"2024-02-13T03:23:11","guid":{"rendered":"https:\/\/bemfeitos.com.br\/?post_type=product&#038;p=1788"},"modified":"2025-01-24T00:55:40","modified_gmt":"2025-01-24T03:55:40","slug":"carimbeira-degrade-5-cores","status":"publish","type":"product","link":"https:\/\/bemfeitos.com.br\/index.php\/product\/carimbeira-degrade-5-cores\/","title":{"rendered":"Carimbeira Degrade 5 Cores"},"content":{"rendered":"<p>Usar a Carimbeira Degrade \u00e9 uma maneira f\u00e1cil e divertida para adicionar desenhos e dar um toque de cor para suas anota\u00e7\u00f5es. Este produto cont\u00e9m almofada de tinta com as cores vibrantes verde, azul, vermelho, rosa e amarela.<\/p>\n<p>Se voc\u00ea est\u00e1 procurando por uma ferramenta pr\u00e1tica para expressar sua criatividade e personalizar seus materiais, a carimbeira degrade \u00e9 a op\u00e7\u00e3o ideal! Com ela, voc\u00ea poder\u00e1 enfeitar seus cadernos, livros e trabalhos escolares de forma \u00fanica e divertida.<\/p>\n<p>A carimbeira Tilibra tem formato 100 x 70 mm, com tinta \u00e0 base de \u00f3leo nas cores verde, azul, vermelha, rosa e amarela, permitindo que voc\u00ea crie combina\u00e7\u00f5es incr\u00edveis.<\/p>\n","protected":false},"excerpt":{"rendered":"<p>Usar a Carimbeira Degrade \u00e9 uma maneira f\u00e1cil e divertida para adicionar desenhos e dar um toque de cor para suas anota\u00e7\u00f5es.<\/p>\n","protected":false},"featured_media":1968,"comment_status":"open","ping_status":"closed","template":"","meta":{"_monsterinsights_skip_tracking":false,"_monsterinsights_sitenote_active":false,"_monsterinsights_sitenote_note":"","_monsterinsights_sitenote_category":0,"site-sidebar-layout":"default","site-content-layout":"","ast-site-content-layout":"default","site-content-style":"default","site-sidebar-style":"default","ast-global-header-display":"","ast-banner-title-visibility":"","ast-main-header-display":"","ast-hfb-above-header-display":"","ast-hfb-below-header-display":"","ast-hfb-mobile-header-display":"","site-post-title":"","ast-breadcrumbs-content":"","ast-featured-img":"","footer-sml-layout":"","theme-transparent-header-meta":"default","adv-header-id-meta":"","stick-header-meta":"","header-above-stick-meta":"","header-main-stick-meta":"","header-below-stick-meta":"","astra-migrate-meta-layouts":"set"},"product_cat":[17],"product_tag":[99,60],"class_list":{"0":"post-1788","1":"product","2":"type-product","3":"status-publish","4":"has-post-thumbnail","6":"product_cat-acessorios","7":"product_tag-carimbeira","8":"product_tag-tilibra","9":"desktop-align-left","10":"tablet-align-left","11":"mobile-align-left","13":"first","14":"instock","15":"purchasable","16":"product-type-simple"},"aioseo_notices":[],"_links":{"self":[{"href":"https:\/\/bemfeitos.com.br\/index.php\/wp-json\/wp\/v2\/product\/1788"}],"collection":[{"href":"https:\/\/bemfeitos.com.br\/index.php\/wp-json\/wp\/v2\/product"}],"about":[{"href":"https:\/\/bemfeitos.com.br\/index.php\/wp-json\/wp\/v2\/types\/product"}],"replies":[{"embeddable":true,"href":"https:\/\/bemfeitos.com.br\/index.php\/wp-json\/wp\/v2\/comments?post=1788"}],"version-history":[{"count":1,"href":"https:\/\/bemfeitos.com.br\/index.php\/wp-json\/wp\/v2\/product\/1788\/revisions"}],"predecessor-version":[{"id":2906,"href":"https:\/\/bemfeitos.com.br\/index.php\/wp-json\/wp\/v2\/product\/1788\/revisions\/2906"}],"wp:featuredmedia":[{"embeddable":true,"href":"https:\/\/bemfeitos.com.br\/index.php\/wp-json\/wp\/v2\/media\/1968"}],"wp:attachment":[{"href":"https:\/\/bemfeitos.com.br\/index.php\/wp-json\/wp\/v2\/media?parent=1788"}],"wp:term":[{"taxonomy":"product_cat","embeddable":true,"href":"https:\/\/bemfeitos.com.br\/index.php\/wp-json\/wp\/v2\/product_cat?post=1788"},{"taxonomy":"product_tag","embeddable":true,"href":"https:\/\/bemfeitos.com.br\/index.php\/wp-json\/wp\/v2\/product_tag?post=1788"}],"curies":[{"name":"wp","href":"https:\/\/api.w.org\/{rel}","templated":true}]}}