{"id":1789,"date":"2024-02-13T00:23:12","date_gmt":"2024-02-13T03:23:12","guid":{"rendered":"https:\/\/bemfeitos.com.br\/?post_type=product&#038;p=1789"},"modified":"2024-03-07T12:20:40","modified_gmt":"2024-03-07T15:20:40","slug":"carimbo-roller-lunix","status":"publish","type":"product","link":"https:\/\/bemfeitos.com.br\/index.php\/product\/carimbo-roller-lunix\/","title":{"rendered":"Carimbo Roller Lunix"},"content":{"rendered":"<p>O carimbo roller da tilibra chegou pra inovar, voc\u00ea apenas passa no papel e ele vai marcando. S\u00e3o 4 desenhos e cores diferentes pra voc\u00ea se divertir e decorar seu caderno!<br \/>\nO Carimbo Roller Lunix tem formato de caneta, com tinta \u00e0 base de \u00e1gua, nas op\u00e7\u00f5es de estampas de cora\u00e7\u00f5es lil\u00e1s, flores rosas, tracejados laranjas, ondas azuis, planeta, patinhas, sol e lua e nuvens.<\/p>\n<p>A op\u00e7\u00e3o de envio \u00e9 sortida.<\/p>\n","protected":false},"excerpt":{"rendered":"<p>O Carimbo Roller Lunix tem formato de caneta, com tinta \u00e0 base de \u00e1gua e op\u00e7\u00f5es de estampas de cora\u00e7\u00f5es lil\u00e1s, flores rosas, tracejados laranjas e ondas azuis. <\/p>\n","protected":false},"featured_media":1846,"comment_status":"open","ping_status":"closed","template":"","meta":{"_monsterinsights_skip_tracking":false,"_monsterinsights_sitenote_active":false,"_monsterinsights_sitenote_note":"","_monsterinsights_sitenote_category":0,"site-sidebar-layout":"default","site-content-layout":"","ast-site-content-layout":"default","site-content-style":"default","site-sidebar-style":"default","ast-global-header-display":"","ast-banner-title-visibility":"","ast-main-header-display":"","ast-hfb-above-header-display":"","ast-hfb-below-header-display":"","ast-hfb-mobile-header-display":"","site-post-title":"","ast-breadcrumbs-content":"","ast-featured-img":"","footer-sml-layout":"","theme-transparent-header-meta":"default","adv-header-id-meta":"","stick-header-meta":"","header-above-stick-meta":"","header-main-stick-meta":"","header-below-stick-meta":"","astra-migrate-meta-layouts":"set"},"product_cat":[17],"product_tag":[100,60],"class_list":{"0":"post-1789","1":"product","2":"type-product","3":"status-publish","4":"has-post-thumbnail","6":"product_cat-acessorios","7":"product_tag-carimbo-roller","8":"product_tag-tilibra","9":"desktop-align-left","10":"tablet-align-left","11":"mobile-align-left","13":"first","14":"instock","15":"purchasable","16":"product-type-simple"},"aioseo_notices":[],"_links":{"self":[{"href":"https:\/\/bemfeitos.com.br\/index.php\/wp-json\/wp\/v2\/product\/1789"}],"collection":[{"href":"https:\/\/bemfeitos.com.br\/index.php\/wp-json\/wp\/v2\/product"}],"about":[{"href":"https:\/\/bemfeitos.com.br\/index.php\/wp-json\/wp\/v2\/types\/product"}],"replies":[{"embeddable":true,"href":"https:\/\/bemfeitos.com.br\/index.php\/wp-json\/wp\/v2\/comments?post=1789"}],"version-history":[{"count":1,"href":"https:\/\/bemfeitos.com.br\/index.php\/wp-json\/wp\/v2\/product\/1789\/revisions"}],"predecessor-version":[{"id":1840,"href":"https:\/\/bemfeitos.com.br\/index.php\/wp-json\/wp\/v2\/product\/1789\/revisions\/1840"}],"wp:featuredmedia":[{"embeddable":true,"href":"https:\/\/bemfeitos.com.br\/index.php\/wp-json\/wp\/v2\/media\/1846"}],"wp:attachment":[{"href":"https:\/\/bemfeitos.com.br\/index.php\/wp-json\/wp\/v2\/media?parent=1789"}],"wp:term":[{"taxonomy":"product_cat","embeddable":true,"href":"https:\/\/bemfeitos.com.br\/index.php\/wp-json\/wp\/v2\/product_cat?post=1789"},{"taxonomy":"product_tag","embeddable":true,"href":"https:\/\/bemfeitos.com.br\/index.php\/wp-json\/wp\/v2\/product_tag?post=1789"}],"curies":[{"name":"wp","href":"https:\/\/api.w.org\/{rel}","templated":true}]}}