{"id":1790,"date":"2024-02-13T00:23:12","date_gmt":"2024-02-13T03:23:12","guid":{"rendered":"https:\/\/bemfeitos.com.br\/?post_type=product&#038;p=1790"},"modified":"2025-01-24T00:54:37","modified_gmt":"2025-01-24T03:54:37","slug":"cartela-carimbo-15x20-cm-basic","status":"publish","type":"product","link":"https:\/\/bemfeitos.com.br\/index.php\/product\/cartela-carimbo-15x20-cm-basic\/","title":{"rendered":"Cartela Carimbo 15&#215;20 cm Basic"},"content":{"rendered":"<p>A Cartela Carimbo \u00e9 uma maneira f\u00e1cil e divertida para padronizar letras, n\u00fameros e sinais. Este produto vem com as letras do alfabeto, numera\u00e7\u00e3o de 0 a 9, pontua\u00e7\u00f5es de exclama\u00e7\u00e3o, interroga\u00e7\u00e3o, ponto final, v\u00edrgula, dois pontos e ponto e v\u00edrgula; sinais de mais, menos, dividir, multiplicar e igual, asterisco, &#038;, #, @, par\u00eanteses e $.<\/p>\n","protected":false},"excerpt":{"rendered":"<p>A Cartela Carimbo Basic Tilibra \u00e9 uma maneira f\u00e1cil e divertida para padronizar letras, n\u00fameros e sinais. Este produto vem com as letras, n\u00fameros e pontua\u00e7\u00f5es.<\/p>\n","protected":false},"featured_media":1857,"comment_status":"closed","ping_status":"closed","template":"","meta":{"_monsterinsights_skip_tracking":false,"_monsterinsights_sitenote_active":false,"_monsterinsights_sitenote_note":"","_monsterinsights_sitenote_category":0,"site-sidebar-layout":"default","site-content-layout":"","ast-site-content-layout":"default","site-content-style":"default","site-sidebar-style":"default","ast-global-header-display":"","ast-banner-title-visibility":"","ast-main-header-display":"","ast-hfb-above-header-display":"","ast-hfb-below-header-display":"","ast-hfb-mobile-header-display":"","site-post-title":"","ast-breadcrumbs-content":"","ast-featured-img":"","footer-sml-layout":"","theme-transparent-header-meta":"default","adv-header-id-meta":"","stick-header-meta":"","header-above-stick-meta":"","header-main-stick-meta":"","header-below-stick-meta":"","astra-migrate-meta-layouts":"set"},"product_cat":[17],"product_tag":[101,60],"class_list":{"0":"post-1790","1":"product","2":"type-product","3":"status-publish","4":"has-post-thumbnail","6":"product_cat-acessorios","7":"product_tag-carimbo","8":"product_tag-tilibra","9":"desktop-align-left","10":"tablet-align-left","11":"mobile-align-left","13":"first","14":"instock","15":"purchasable","16":"product-type-simple"},"aioseo_notices":[],"_links":{"self":[{"href":"https:\/\/bemfeitos.com.br\/index.php\/wp-json\/wp\/v2\/product\/1790"}],"collection":[{"href":"https:\/\/bemfeitos.com.br\/index.php\/wp-json\/wp\/v2\/product"}],"about":[{"href":"https:\/\/bemfeitos.com.br\/index.php\/wp-json\/wp\/v2\/types\/product"}],"replies":[{"embeddable":true,"href":"https:\/\/bemfeitos.com.br\/index.php\/wp-json\/wp\/v2\/comments?post=1790"}],"version-history":[{"count":2,"href":"https:\/\/bemfeitos.com.br\/index.php\/wp-json\/wp\/v2\/product\/1790\/revisions"}],"predecessor-version":[{"id":2904,"href":"https:\/\/bemfeitos.com.br\/index.php\/wp-json\/wp\/v2\/product\/1790\/revisions\/2904"}],"wp:featuredmedia":[{"embeddable":true,"href":"https:\/\/bemfeitos.com.br\/index.php\/wp-json\/wp\/v2\/media\/1857"}],"wp:attachment":[{"href":"https:\/\/bemfeitos.com.br\/index.php\/wp-json\/wp\/v2\/media?parent=1790"}],"wp:term":[{"taxonomy":"product_cat","embeddable":true,"href":"https:\/\/bemfeitos.com.br\/index.php\/wp-json\/wp\/v2\/product_cat?post=1790"},{"taxonomy":"product_tag","embeddable":true,"href":"https:\/\/bemfeitos.com.br\/index.php\/wp-json\/wp\/v2\/product_tag?post=1790"}],"curies":[{"name":"wp","href":"https:\/\/api.w.org\/{rel}","templated":true}]}}