{"id":1797,"date":"2024-02-13T01:56:28","date_gmt":"2024-02-13T04:56:28","guid":{"rendered":"https:\/\/bemfeitos.com.br\/?post_type=product&#038;p=1797"},"modified":"2025-01-24T00:53:23","modified_gmt":"2025-01-24T03:53:23","slug":"kit-carimbo-transp-planner","status":"publish","type":"product","link":"https:\/\/bemfeitos.com.br\/index.php\/product\/kit-carimbo-transp-planner\/","title":{"rendered":"Kit Carimbo Transp Planner"},"content":{"rendered":"<p>Usar o Kit Carimbo \u00e9 uma maneira f\u00e1cil e divertida para adicionar desenhos e padronizar as letras das suas anota\u00e7\u00f5es.<br \/>\nEste produto cont\u00e9m carimbeira de tinta preta e r\u00e9gua transparente para uso decorativo. <\/p>\n<p>Modo de uso: Descole o carimbo de silicone da folha de acetato e o posicione com a parte lisa em contato com a base acr\u00edlica.<br \/>\nPressione a base acr\u00edlica contra a carimbeira por alguns segundos, sem colocar muita press\u00e3o, e retire.<br \/>\nEm seguida, pressione a base com carimbo no local de sua escolha.<br \/>\nPronto!<\/p>\n<p>Para preservar seus carimbos, fa\u00e7a a limpeza das pe\u00e7as com um pano umedecido ap\u00f3s o uso, retirando o excesso de tinta.<\/p>\n","protected":false},"excerpt":{"rendered":"<p>Usar o Kit Carimbo \u00e9 uma maneira f\u00e1cil e divertida para adicionar desenhos e padronizar as letras das suas anota\u00e7\u00f5es.<\/p>\n","protected":false},"featured_media":1842,"comment_status":"open","ping_status":"closed","template":"","meta":{"_monsterinsights_skip_tracking":false,"_monsterinsights_sitenote_active":false,"_monsterinsights_sitenote_note":"","_monsterinsights_sitenote_category":0,"site-sidebar-layout":"default","site-content-layout":"","ast-site-content-layout":"default","site-content-style":"default","site-sidebar-style":"default","ast-global-header-display":"","ast-banner-title-visibility":"","ast-main-header-display":"","ast-hfb-above-header-display":"","ast-hfb-below-header-display":"","ast-hfb-mobile-header-display":"","site-post-title":"","ast-breadcrumbs-content":"","ast-featured-img":"","footer-sml-layout":"","theme-transparent-header-meta":"default","adv-header-id-meta":"","stick-header-meta":"","header-above-stick-meta":"","header-main-stick-meta":"","header-below-stick-meta":"","astra-migrate-meta-layouts":"set"},"product_cat":[17],"product_tag":[101,60],"class_list":{"0":"post-1797","1":"product","2":"type-product","3":"status-publish","4":"has-post-thumbnail","6":"product_cat-acessorios","7":"product_tag-carimbo","8":"product_tag-tilibra","9":"desktop-align-left","10":"tablet-align-left","11":"mobile-align-left","13":"first","14":"outofstock","15":"purchasable","16":"product-type-simple"},"aioseo_notices":[],"_links":{"self":[{"href":"https:\/\/bemfeitos.com.br\/index.php\/wp-json\/wp\/v2\/product\/1797"}],"collection":[{"href":"https:\/\/bemfeitos.com.br\/index.php\/wp-json\/wp\/v2\/product"}],"about":[{"href":"https:\/\/bemfeitos.com.br\/index.php\/wp-json\/wp\/v2\/types\/product"}],"replies":[{"embeddable":true,"href":"https:\/\/bemfeitos.com.br\/index.php\/wp-json\/wp\/v2\/comments?post=1797"}],"version-history":[{"count":2,"href":"https:\/\/bemfeitos.com.br\/index.php\/wp-json\/wp\/v2\/product\/1797\/revisions"}],"predecessor-version":[{"id":2905,"href":"https:\/\/bemfeitos.com.br\/index.php\/wp-json\/wp\/v2\/product\/1797\/revisions\/2905"}],"wp:featuredmedia":[{"embeddable":true,"href":"https:\/\/bemfeitos.com.br\/index.php\/wp-json\/wp\/v2\/media\/1842"}],"wp:attachment":[{"href":"https:\/\/bemfeitos.com.br\/index.php\/wp-json\/wp\/v2\/media?parent=1797"}],"wp:term":[{"taxonomy":"product_cat","embeddable":true,"href":"https:\/\/bemfeitos.com.br\/index.php\/wp-json\/wp\/v2\/product_cat?post=1797"},{"taxonomy":"product_tag","embeddable":true,"href":"https:\/\/bemfeitos.com.br\/index.php\/wp-json\/wp\/v2\/product_tag?post=1797"}],"curies":[{"name":"wp","href":"https:\/\/api.w.org\/{rel}","templated":true}]}}