{"id":1800,"date":"2024-02-13T01:56:29","date_gmt":"2024-02-13T04:56:29","guid":{"rendered":"https:\/\/bemfeitos.com.br\/?post_type=product&#038;p=1800"},"modified":"2025-01-24T00:46:19","modified_gmt":"2025-01-24T03:46:19","slug":"fita-decorativa-ppz","status":"publish","type":"product","link":"https:\/\/bemfeitos.com.br\/index.php\/product\/fita-decorativa-ppz\/","title":{"rendered":"Fita Decorativa PPZ"},"content":{"rendered":"<p>A Fita Decorativa PPZ 5mmX3m \u00e9 f\u00e1cil e pr\u00e1tica de usar, ideal para ser usada em qualquer tipo de papel para enfeitar e organizar diversas anota\u00e7\u00f5es, al\u00e9m de ter tr\u00eas designs divertidos e personalizados (patinhas, po\u00e1 e zigzag). Recomendado para uso em escrit\u00f3rio ou uso escolar. N\u00e3o t\u00f3xico e seguro para as crian\u00e7as.<\/p>\n<p>Alta qualidade: Sim<br \/>\nCores sortidas: Sim<br \/>\nEstampas sortidas: Sim<br \/>\nF\u00e1cil de aplicar: Sim<br \/>\nF\u00e1cil de manusear: Sim<br \/>\nModelo: Fita<br \/>\nN\u00e3o t\u00f3xico: Sim<br \/>\nTamanho: 5mm x 3m<br \/>\nD\u00ea um toque divertido e cheio de estilo para suas anota\u00e7\u00f5es com a nossa fita decorativa Tilibra! O produto \u00e9 perfeito para personalizar cart\u00f5es, convites, \u00e1lbuns, agendas, planners, cadernos e muito mais.  <\/p>\n<p>A fita decorativa est\u00e1 dispon\u00edvel nas estampas sortidas adesivas de patinhas, pontinhos e zigue-zague, no tamanho de 5mm x 3m, e vem em embalagem pl\u00e1stica, com tampa. Leve este item para dar o chame que faltava na sua decora\u00e7\u00e3o de produtos de papelaria!<\/p>\n","protected":false},"excerpt":{"rendered":"<p>A Fita Decorativa PPZ 5mmX3m \u00e9 f\u00e1cil de usar, ideal para enfeitar e organizar diversas anota\u00e7\u00f5es, al\u00e9m de ter tr\u00eas designs divertidos (patinhas, po\u00e1 e zigzag).<\/p>\n","protected":false},"featured_media":1942,"comment_status":"open","ping_status":"closed","template":"","meta":{"_monsterinsights_skip_tracking":false,"_monsterinsights_sitenote_active":false,"_monsterinsights_sitenote_note":"","_monsterinsights_sitenote_category":0,"site-sidebar-layout":"default","site-content-layout":"","ast-site-content-layout":"default","site-content-style":"default","site-sidebar-style":"default","ast-global-header-display":"","ast-banner-title-visibility":"","ast-main-header-display":"","ast-hfb-above-header-display":"","ast-hfb-below-header-display":"","ast-hfb-mobile-header-display":"","site-post-title":"","ast-breadcrumbs-content":"","ast-featured-img":"","footer-sml-layout":"","theme-transparent-header-meta":"default","adv-header-id-meta":"","stick-header-meta":"","header-above-stick-meta":"","header-main-stick-meta":"","header-below-stick-meta":"","astra-migrate-meta-layouts":"set"},"product_cat":[15],"product_tag":[114,60],"class_list":{"0":"post-1800","1":"product","2":"type-product","3":"status-publish","4":"has-post-thumbnail","6":"product_cat-uncategorized","7":"product_tag-fita-decorativa","8":"product_tag-tilibra","9":"desktop-align-left","10":"tablet-align-left","11":"mobile-align-left","13":"first","14":"instock","15":"sale","16":"purchasable","17":"product-type-simple"},"aioseo_notices":[],"_links":{"self":[{"href":"https:\/\/bemfeitos.com.br\/index.php\/wp-json\/wp\/v2\/product\/1800"}],"collection":[{"href":"https:\/\/bemfeitos.com.br\/index.php\/wp-json\/wp\/v2\/product"}],"about":[{"href":"https:\/\/bemfeitos.com.br\/index.php\/wp-json\/wp\/v2\/types\/product"}],"replies":[{"embeddable":true,"href":"https:\/\/bemfeitos.com.br\/index.php\/wp-json\/wp\/v2\/comments?post=1800"}],"version-history":[{"count":2,"href":"https:\/\/bemfeitos.com.br\/index.php\/wp-json\/wp\/v2\/product\/1800\/revisions"}],"predecessor-version":[{"id":2901,"href":"https:\/\/bemfeitos.com.br\/index.php\/wp-json\/wp\/v2\/product\/1800\/revisions\/2901"}],"wp:featuredmedia":[{"embeddable":true,"href":"https:\/\/bemfeitos.com.br\/index.php\/wp-json\/wp\/v2\/media\/1942"}],"wp:attachment":[{"href":"https:\/\/bemfeitos.com.br\/index.php\/wp-json\/wp\/v2\/media?parent=1800"}],"wp:term":[{"taxonomy":"product_cat","embeddable":true,"href":"https:\/\/bemfeitos.com.br\/index.php\/wp-json\/wp\/v2\/product_cat?post=1800"},{"taxonomy":"product_tag","embeddable":true,"href":"https:\/\/bemfeitos.com.br\/index.php\/wp-json\/wp\/v2\/product_tag?post=1800"}],"curies":[{"name":"wp","href":"https:\/\/api.w.org\/{rel}","templated":true}]}}