{"id":1803,"date":"2024-02-13T01:56:29","date_gmt":"2024-02-13T04:56:29","guid":{"rendered":"https:\/\/bemfeitos.com.br\/?post_type=product&#038;p=1803"},"modified":"2025-01-24T00:47:51","modified_gmt":"2025-01-24T03:47:51","slug":"giz-cera-para-montar-12c","status":"publish","type":"product","link":"https:\/\/bemfeitos.com.br\/index.php\/product\/giz-cera-para-montar-12c\/","title":{"rendered":"Giz de Cera Para Montar\u00a012C"},"content":{"rendered":"<p>O Giz de Cera para Montar 12 Cores \u00e9 ideal para pr\u00e9-escola, auxiliando no desenvolvimento da coordena\u00e7\u00e3o motora e aprendizado da crian\u00e7a. Pode ser usado para desenhar, escrever e pintar sobre papel, cartolina e papel cart\u00e3o.<br \/>\nProduto Certificado INMETRO (Brinquedo\/Seguran\u00e7a) &#8211; Registro CE-BRI\/INNAC 02007-01A<br \/>\nAlta qualidade: Sim<br \/>\nAs pe\u00e7as encaixam umas nas outras: Sim<br \/>\nCores: 12<br \/>\nCores vivas e vibrantes: Sim<br \/>\nGiz de Cera: Curto<br \/>\nMaior praticidade ao desenhar: Sim<br \/>\nN\u00e3o t\u00f3xico: Sim<br \/>\nPara desenhar, escrever e pintar: Sim<br \/>\nProduto certificado: INMETRO<br \/>\nGarantia: Garantia contra defeitos de fabrica\u00e7\u00e3o.<\/p>\n","protected":false},"excerpt":{"rendered":"<p>O Giz de Cera para Montar 12 Cores \u00e9 ideal para pr\u00e9-escola, auxiliando no desenvolvimento da coordena\u00e7\u00e3o motora e aprendizado da crian\u00e7a.<\/p>\n","protected":false},"featured_media":1944,"comment_status":"open","ping_status":"closed","template":"","meta":{"_monsterinsights_skip_tracking":false,"_monsterinsights_sitenote_active":false,"_monsterinsights_sitenote_note":"","_monsterinsights_sitenote_category":0,"site-sidebar-layout":"default","site-content-layout":"","ast-site-content-layout":"default","site-content-style":"default","site-sidebar-style":"default","ast-global-header-display":"","ast-banner-title-visibility":"","ast-main-header-display":"","ast-hfb-above-header-display":"","ast-hfb-below-header-display":"","ast-hfb-mobile-header-display":"","site-post-title":"","ast-breadcrumbs-content":"","ast-featured-img":"","footer-sml-layout":"","theme-transparent-header-meta":"default","adv-header-id-meta":"","stick-header-meta":"","header-above-stick-meta":"","header-main-stick-meta":"","header-below-stick-meta":"","astra-migrate-meta-layouts":"set"},"product_cat":[21],"product_tag":[113,60],"class_list":{"0":"post-1803","1":"product","2":"type-product","3":"status-publish","4":"has-post-thumbnail","6":"product_cat-lapis-de-cor","7":"product_tag-giz-de-cera","8":"product_tag-tilibra","9":"desktop-align-left","10":"tablet-align-left","11":"mobile-align-left","13":"first","14":"outofstock","15":"purchasable","16":"product-type-simple"},"aioseo_notices":[],"_links":{"self":[{"href":"https:\/\/bemfeitos.com.br\/index.php\/wp-json\/wp\/v2\/product\/1803"}],"collection":[{"href":"https:\/\/bemfeitos.com.br\/index.php\/wp-json\/wp\/v2\/product"}],"about":[{"href":"https:\/\/bemfeitos.com.br\/index.php\/wp-json\/wp\/v2\/types\/product"}],"replies":[{"embeddable":true,"href":"https:\/\/bemfeitos.com.br\/index.php\/wp-json\/wp\/v2\/comments?post=1803"}],"version-history":[{"count":1,"href":"https:\/\/bemfeitos.com.br\/index.php\/wp-json\/wp\/v2\/product\/1803\/revisions"}],"predecessor-version":[{"id":2902,"href":"https:\/\/bemfeitos.com.br\/index.php\/wp-json\/wp\/v2\/product\/1803\/revisions\/2902"}],"wp:featuredmedia":[{"embeddable":true,"href":"https:\/\/bemfeitos.com.br\/index.php\/wp-json\/wp\/v2\/media\/1944"}],"wp:attachment":[{"href":"https:\/\/bemfeitos.com.br\/index.php\/wp-json\/wp\/v2\/media?parent=1803"}],"wp:term":[{"taxonomy":"product_cat","embeddable":true,"href":"https:\/\/bemfeitos.com.br\/index.php\/wp-json\/wp\/v2\/product_cat?post=1803"},{"taxonomy":"product_tag","embeddable":true,"href":"https:\/\/bemfeitos.com.br\/index.php\/wp-json\/wp\/v2\/product_tag?post=1803"}],"curies":[{"name":"wp","href":"https:\/\/api.w.org\/{rel}","templated":true}]}}