{"id":1806,"date":"2024-02-13T01:56:29","date_gmt":"2024-02-13T04:56:29","guid":{"rendered":"https:\/\/bemfeitos.com.br\/?post_type=product&#038;p=1806"},"modified":"2024-11-09T03:38:12","modified_gmt":"2024-11-09T06:38:12","slug":"giz-retrat-tili-gel-6c-estoj","status":"publish","type":"product","link":"https:\/\/bemfeitos.com.br\/index.php\/product\/giz-retrat-tili-gel-6c-estoj\/","title":{"rendered":"Giz Retr\u00e1til Tili Gel 6 cores"},"content":{"rendered":"<p>Deixe seus desenhos muito mais coloridos com o Giz Retr\u00e1til Tili Gel 6 cores. O produto, com textura gel que proporciona alta cobertura e uma experi\u00eancia de conforto e maciez durante o uso, tem tampa decorada e mecanismo retr\u00e1til.<\/p>\n<p>D\u00ea cores vivas \u00e0s suas cria\u00e7\u00f5es art\u00edsticas com nosso incr\u00edvel conjunto de giz retr\u00e1til de 6 cores! Com uma variedade de cores vibrantes, voc\u00ea ter\u00e1 todas as tonalidades necess\u00e1rias para expressar sua imagina\u00e7\u00e3o.<\/p>\n<p>O produto tem design retr\u00e1til, com tampa protetora, pr\u00e1tico e f\u00e1cil de usar. O giz proporciona tra\u00e7o macio e preciso para tornar sua experi\u00eancia de desenho ainda mais suave e agrad\u00e1vel. Al\u00e9m disso, a op\u00e7\u00e3o n\u00e3o \u00e9 t\u00f3xica, proporcionando seguran\u00e7a para adultos e crian\u00e7as explorarem a criatividade sem preocupa\u00e7\u00e3o.<\/p>\n","protected":false},"excerpt":{"rendered":"<p>D\u00ea cores vivas \u00e0s suas cria\u00e7\u00f5es art\u00edsticas com nosso incr\u00edvel conjunto de giz retr\u00e1til de 6 cores Giz Retr\u00e1til Tili Gel!<\/p>\n","protected":false},"featured_media":1906,"comment_status":"open","ping_status":"closed","template":"","meta":{"_monsterinsights_skip_tracking":false,"_monsterinsights_sitenote_active":false,"_monsterinsights_sitenote_note":"","_monsterinsights_sitenote_category":0,"site-sidebar-layout":"default","site-content-layout":"","ast-site-content-layout":"default","site-content-style":"default","site-sidebar-style":"default","ast-global-header-display":"","ast-banner-title-visibility":"","ast-main-header-display":"","ast-hfb-above-header-display":"","ast-hfb-below-header-display":"","ast-hfb-mobile-header-display":"","site-post-title":"","ast-breadcrumbs-content":"","ast-featured-img":"","footer-sml-layout":"","theme-transparent-header-meta":"default","adv-header-id-meta":"","stick-header-meta":"","header-above-stick-meta":"","header-main-stick-meta":"","header-below-stick-meta":"","astra-migrate-meta-layouts":"set"},"product_cat":[21],"product_tag":[110,60],"class_list":{"0":"post-1806","1":"product","2":"type-product","3":"status-publish","4":"has-post-thumbnail","6":"product_cat-lapis-de-cor","7":"product_tag-tili-gel","8":"product_tag-tilibra","9":"desktop-align-left","10":"tablet-align-left","11":"mobile-align-left","13":"first","14":"outofstock","15":"purchasable","16":"product-type-simple"},"aioseo_notices":[],"_links":{"self":[{"href":"https:\/\/bemfeitos.com.br\/index.php\/wp-json\/wp\/v2\/product\/1806"}],"collection":[{"href":"https:\/\/bemfeitos.com.br\/index.php\/wp-json\/wp\/v2\/product"}],"about":[{"href":"https:\/\/bemfeitos.com.br\/index.php\/wp-json\/wp\/v2\/types\/product"}],"replies":[{"embeddable":true,"href":"https:\/\/bemfeitos.com.br\/index.php\/wp-json\/wp\/v2\/comments?post=1806"}],"version-history":[{"count":2,"href":"https:\/\/bemfeitos.com.br\/index.php\/wp-json\/wp\/v2\/product\/1806\/revisions"}],"predecessor-version":[{"id":2855,"href":"https:\/\/bemfeitos.com.br\/index.php\/wp-json\/wp\/v2\/product\/1806\/revisions\/2855"}],"wp:featuredmedia":[{"embeddable":true,"href":"https:\/\/bemfeitos.com.br\/index.php\/wp-json\/wp\/v2\/media\/1906"}],"wp:attachment":[{"href":"https:\/\/bemfeitos.com.br\/index.php\/wp-json\/wp\/v2\/media?parent=1806"}],"wp:term":[{"taxonomy":"product_cat","embeddable":true,"href":"https:\/\/bemfeitos.com.br\/index.php\/wp-json\/wp\/v2\/product_cat?post=1806"},{"taxonomy":"product_tag","embeddable":true,"href":"https:\/\/bemfeitos.com.br\/index.php\/wp-json\/wp\/v2\/product_tag?post=1806"}],"curies":[{"name":"wp","href":"https:\/\/api.w.org\/{rel}","templated":true}]}}