{"id":1807,"date":"2024-02-13T01:56:29","date_gmt":"2024-02-13T04:56:29","guid":{"rendered":"https:\/\/bemfeitos.com.br\/?post_type=product&#038;p=1807"},"modified":"2024-03-07T12:05:57","modified_gmt":"2024-03-07T15:05:57","slug":"meu-primeiro-giz-de-cera-6-cores","status":"publish","type":"product","link":"https:\/\/bemfeitos.com.br\/index.php\/product\/meu-primeiro-giz-de-cera-6-cores\/","title":{"rendered":"Meu Primeiro Giz de Cera 6 Cores"},"content":{"rendered":"<p>O Meu Primeiro Giz de Cera 6 Cores Acad\u00e9mie \u00e9 Ideal para pr\u00e9-escola, auxiliando no desenvolvimento da coordena\u00e7\u00e3o motora e aprendizado da crian\u00e7a. Pode ser usado para desenhar, escrever e pintar sobre papel, cartolina e papel cart\u00e3o.<\/p>\n<p>Alta qualidade: Sim<br \/>\nCores: 6<br \/>\nCores vivas e vibrantes: Sim<br \/>\nGiz de Cera: Anat\u00f4mico<br \/>\nMaior praticidade ao desenhar: Sim<br \/>\nMaior resist\u00eancia e durabilidade: Sim<br \/>\nModelo: Redondo<br \/>\nN\u00e3o t\u00f3xico: Sim<br \/>\nPara desenhar, escrever e pintar: Sim<br \/>\nProduto certificado: INMETRO<br \/>\nGarantia: Garantia contra defeitos de fabrica\u00e7\u00e3o.<\/p>\n","protected":false},"excerpt":{"rendered":"[embed]https:\/\/youtu.be\/YfXP4EFF8aI[\/embed]\n<p>O Meu Primeiro Giz de Cera 6 Cores Acad\u00e9mie \u00e9 Ideal para pr\u00e9-escola, auxiliando no desenvolvimento da coordena\u00e7\u00e3o motora e aprendizado da crian\u00e7a.<\/p>\n","protected":false},"featured_media":1901,"comment_status":"open","ping_status":"closed","template":"","meta":{"_monsterinsights_skip_tracking":false,"_monsterinsights_sitenote_active":false,"_monsterinsights_sitenote_note":"","_monsterinsights_sitenote_category":0,"site-sidebar-layout":"default","site-content-layout":"","ast-site-content-layout":"default","site-content-style":"default","site-sidebar-style":"default","ast-global-header-display":"","ast-banner-title-visibility":"","ast-main-header-display":"","ast-hfb-above-header-display":"","ast-hfb-below-header-display":"","ast-hfb-mobile-header-display":"","site-post-title":"","ast-breadcrumbs-content":"","ast-featured-img":"","footer-sml-layout":"","theme-transparent-header-meta":"default","adv-header-id-meta":"","stick-header-meta":"","header-above-stick-meta":"","header-main-stick-meta":"","header-below-stick-meta":"","astra-migrate-meta-layouts":"set"},"product_cat":[21],"product_tag":[113,60],"class_list":{"0":"post-1807","1":"product","2":"type-product","3":"status-publish","4":"has-post-thumbnail","6":"product_cat-lapis-de-cor","7":"product_tag-giz-de-cera","8":"product_tag-tilibra","9":"desktop-align-left","10":"tablet-align-left","11":"mobile-align-left","13":"first","14":"instock","15":"purchasable","16":"product-type-simple"},"aioseo_notices":[],"_links":{"self":[{"href":"https:\/\/bemfeitos.com.br\/index.php\/wp-json\/wp\/v2\/product\/1807"}],"collection":[{"href":"https:\/\/bemfeitos.com.br\/index.php\/wp-json\/wp\/v2\/product"}],"about":[{"href":"https:\/\/bemfeitos.com.br\/index.php\/wp-json\/wp\/v2\/types\/product"}],"replies":[{"embeddable":true,"href":"https:\/\/bemfeitos.com.br\/index.php\/wp-json\/wp\/v2\/comments?post=1807"}],"version-history":[{"count":1,"href":"https:\/\/bemfeitos.com.br\/index.php\/wp-json\/wp\/v2\/product\/1807\/revisions"}],"predecessor-version":[{"id":1900,"href":"https:\/\/bemfeitos.com.br\/index.php\/wp-json\/wp\/v2\/product\/1807\/revisions\/1900"}],"wp:featuredmedia":[{"embeddable":true,"href":"https:\/\/bemfeitos.com.br\/index.php\/wp-json\/wp\/v2\/media\/1901"}],"wp:attachment":[{"href":"https:\/\/bemfeitos.com.br\/index.php\/wp-json\/wp\/v2\/media?parent=1807"}],"wp:term":[{"taxonomy":"product_cat","embeddable":true,"href":"https:\/\/bemfeitos.com.br\/index.php\/wp-json\/wp\/v2\/product_cat?post=1807"},{"taxonomy":"product_tag","embeddable":true,"href":"https:\/\/bemfeitos.com.br\/index.php\/wp-json\/wp\/v2\/product_tag?post=1807"}],"curies":[{"name":"wp","href":"https:\/\/api.w.org\/{rel}","templated":true}]}}