{"id":1812,"date":"2024-02-13T01:56:29","date_gmt":"2024-02-13T04:56:29","guid":{"rendered":"https:\/\/bemfeitos.com.br\/?post_type=product&#038;p=1812"},"modified":"2024-03-07T12:06:46","modified_gmt":"2024-03-07T15:06:46","slug":"pincel-chato-no-10-tb15","status":"publish","type":"product","link":"https:\/\/bemfeitos.com.br\/index.php\/product\/pincel-chato-no-10-tb15\/","title":{"rendered":"Pincel chato\u00a0No\u00a010\u00a0TB15"},"content":{"rendered":"<p>O Pincel para Pintura Chato N.10 \u00e9 suave e resistente, oferecendo \u00f3tima precis\u00e3o no tra\u00e7o. Possui cerdas brancas e \u00e9 ideal para uso escolar e realiza\u00e7\u00e3o de artesanato, podendo ser usado em tela, tecido e madeira.<br \/>\nA <a href=\"https:\/\/bemfeitos.com.br\/?s=pincel\">Bem-Feito Presentes e Papelaria<\/a> conta com modelo de pincel chato, com cerdas brancas e cabo longo amarelo, nos tamanhos de 2 a 20.<\/p>\n","protected":false},"excerpt":{"rendered":"<p>A <a href=\"https:\/\/bemfeitos.com.br\/?s=pincel\">Bem-Feito Presentes e Papelaria<\/a> conta com modelo de pincel chato, com cerdas brancas e cabo longo amarelo, nos tamanhos de 2 a 20.<\/p>\n","protected":false},"featured_media":1908,"comment_status":"open","ping_status":"closed","template":"","meta":{"_monsterinsights_skip_tracking":false,"_monsterinsights_sitenote_active":false,"_monsterinsights_sitenote_note":"","_monsterinsights_sitenote_category":0,"site-sidebar-layout":"default","site-content-layout":"","ast-site-content-layout":"default","site-content-style":"default","site-sidebar-style":"default","ast-global-header-display":"","ast-banner-title-visibility":"","ast-main-header-display":"","ast-hfb-above-header-display":"","ast-hfb-below-header-display":"","ast-hfb-mobile-header-display":"","site-post-title":"","ast-breadcrumbs-content":"","ast-featured-img":"","footer-sml-layout":"","theme-transparent-header-meta":"default","adv-header-id-meta":"","stick-header-meta":"","header-above-stick-meta":"","header-main-stick-meta":"","header-below-stick-meta":"","astra-migrate-meta-layouts":"set"},"product_cat":[17],"product_tag":[111,60],"class_list":{"0":"post-1812","1":"product","2":"type-product","3":"status-publish","4":"has-post-thumbnail","6":"product_cat-acessorios","7":"product_tag-pincel","8":"product_tag-tilibra","9":"desktop-align-left","10":"tablet-align-left","11":"mobile-align-left","13":"first","14":"instock","15":"purchasable","16":"product-type-simple"},"aioseo_notices":[],"_links":{"self":[{"href":"https:\/\/bemfeitos.com.br\/index.php\/wp-json\/wp\/v2\/product\/1812"}],"collection":[{"href":"https:\/\/bemfeitos.com.br\/index.php\/wp-json\/wp\/v2\/product"}],"about":[{"href":"https:\/\/bemfeitos.com.br\/index.php\/wp-json\/wp\/v2\/types\/product"}],"replies":[{"embeddable":true,"href":"https:\/\/bemfeitos.com.br\/index.php\/wp-json\/wp\/v2\/comments?post=1812"}],"version-history":[{"count":0,"href":"https:\/\/bemfeitos.com.br\/index.php\/wp-json\/wp\/v2\/product\/1812\/revisions"}],"wp:featuredmedia":[{"embeddable":true,"href":"https:\/\/bemfeitos.com.br\/index.php\/wp-json\/wp\/v2\/media\/1908"}],"wp:attachment":[{"href":"https:\/\/bemfeitos.com.br\/index.php\/wp-json\/wp\/v2\/media?parent=1812"}],"wp:term":[{"taxonomy":"product_cat","embeddable":true,"href":"https:\/\/bemfeitos.com.br\/index.php\/wp-json\/wp\/v2\/product_cat?post=1812"},{"taxonomy":"product_tag","embeddable":true,"href":"https:\/\/bemfeitos.com.br\/index.php\/wp-json\/wp\/v2\/product_tag?post=1812"}],"curies":[{"name":"wp","href":"https:\/\/api.w.org\/{rel}","templated":true}]}}