{"id":1819,"date":"2024-02-13T01:56:29","date_gmt":"2024-02-13T04:56:29","guid":{"rendered":"https:\/\/bemfeitos.com.br\/?post_type=product&#038;p=1819"},"modified":"2024-02-15T01:15:11","modified_gmt":"2024-02-15T04:15:11","slug":"tili-notes-5c-roller-disp-blt","status":"publish","type":"product","link":"https:\/\/bemfeitos.com.br\/index.php\/product\/tili-notes-5c-roller-disp-blt\/","title":{"rendered":"Tili Notes 5c Roller"},"content":{"rendered":"<p>Com o Tili Notes, voc\u00ea nunca mais se esquecer\u00e1 de nada! Esses adesivos autocolantes s\u00e3o perfeitos para anotar lembretes, ideias, compromissos e at\u00e9 para decorar seus cadernos, agendas e planners.<br \/>\nCom diversas cores dispon\u00edveis, os Tili Notes d\u00e3o um toque divertido para sua organiza\u00e7\u00e3o de estudos ou trabalho. O produto \u00e9 f\u00e1cil de destacar e colar em qualquer superf\u00edcie, sem deixar res\u00edduos.<br \/>\nVoc\u00ea pode us\u00e1-lo para destacar anota\u00e7\u00f5es, marcar p\u00e1ginas importantes em livros e documentos, ou at\u00e9 mesmo para deixar mensagens inspiradoras em lugares estrat\u00e9gicos.<\/p>\n","protected":false},"excerpt":{"rendered":"<p>Com o Tili Notes, voc\u00ea nunca mais se esquecer\u00e1 de nada! Esses adesivos servem para anotar compromissos e at\u00e9 para decorar cadernos, agendas e planners.<\/p>\n","protected":false},"featured_media":1893,"comment_status":"open","ping_status":"closed","template":"","meta":{"_monsterinsights_skip_tracking":false,"_monsterinsights_sitenote_active":false,"_monsterinsights_sitenote_note":"","_monsterinsights_sitenote_category":0,"site-sidebar-layout":"default","site-content-layout":"","ast-site-content-layout":"default","site-content-style":"default","site-sidebar-style":"default","ast-global-header-display":"","ast-banner-title-visibility":"","ast-main-header-display":"","ast-hfb-above-header-display":"","ast-hfb-below-header-display":"","ast-hfb-mobile-header-display":"","site-post-title":"","ast-breadcrumbs-content":"","ast-featured-img":"","footer-sml-layout":"","theme-transparent-header-meta":"default","adv-header-id-meta":"","stick-header-meta":"","header-above-stick-meta":"","header-main-stick-meta":"","header-below-stick-meta":"","astra-migrate-meta-layouts":"set"},"product_cat":[17,16],"product_tag":[107,60],"class_list":{"0":"post-1819","1":"product","2":"type-product","3":"status-publish","4":"has-post-thumbnail","6":"product_cat-acessorios","7":"product_cat-organizacao","8":"product_tag-bloco-de-notas","9":"product_tag-tilibra","10":"desktop-align-left","11":"tablet-align-left","12":"mobile-align-left","14":"first","15":"instock","16":"purchasable","17":"product-type-simple"},"aioseo_notices":[],"_links":{"self":[{"href":"https:\/\/bemfeitos.com.br\/index.php\/wp-json\/wp\/v2\/product\/1819"}],"collection":[{"href":"https:\/\/bemfeitos.com.br\/index.php\/wp-json\/wp\/v2\/product"}],"about":[{"href":"https:\/\/bemfeitos.com.br\/index.php\/wp-json\/wp\/v2\/types\/product"}],"replies":[{"embeddable":true,"href":"https:\/\/bemfeitos.com.br\/index.php\/wp-json\/wp\/v2\/comments?post=1819"}],"version-history":[{"count":1,"href":"https:\/\/bemfeitos.com.br\/index.php\/wp-json\/wp\/v2\/product\/1819\/revisions"}],"predecessor-version":[{"id":1892,"href":"https:\/\/bemfeitos.com.br\/index.php\/wp-json\/wp\/v2\/product\/1819\/revisions\/1892"}],"wp:featuredmedia":[{"embeddable":true,"href":"https:\/\/bemfeitos.com.br\/index.php\/wp-json\/wp\/v2\/media\/1893"}],"wp:attachment":[{"href":"https:\/\/bemfeitos.com.br\/index.php\/wp-json\/wp\/v2\/media?parent=1819"}],"wp:term":[{"taxonomy":"product_cat","embeddable":true,"href":"https:\/\/bemfeitos.com.br\/index.php\/wp-json\/wp\/v2\/product_cat?post=1819"},{"taxonomy":"product_tag","embeddable":true,"href":"https:\/\/bemfeitos.com.br\/index.php\/wp-json\/wp\/v2\/product_tag?post=1819"}],"curies":[{"name":"wp","href":"https:\/\/api.w.org\/{rel}","templated":true}]}}