{"id":1820,"date":"2024-02-13T01:56:29","date_gmt":"2024-02-13T04:56:29","guid":{"rendered":"https:\/\/bemfeitos.com.br\/?post_type=product&#038;p=1820"},"modified":"2024-11-17T00:11:33","modified_gmt":"2024-11-17T03:11:33","slug":"grampeador-25-folhas-mesa-g105-pt-bl","status":"publish","type":"product","link":"https:\/\/bemfeitos.com.br\/index.php\/product\/grampeador-25-folhas-mesa-g105-pt-bl\/","title":{"rendered":"Grampeador 25 Folhas de Mesa Preto"},"content":{"rendered":"<p>Para evitar que pap\u00e9is se percam ou se separem, \u00e9 muito mais pr\u00e1tico grampe\u00e1-los e o Grampeador 25 Folhas Met\u00e1lico de Mesa G104 Preto \u00e9 resistente e seguro, ideal para o dia a dia na escola, no escrit\u00f3rio ou em casa.<\/p>\n<p>Os grampeadores encontrados na <a href=\"https:\/\/bemfeitos.com.br\/?s=grampeador\">Bem-Feito Presentes e Papelaria<\/a> podem ser usados na escola, escrit\u00f3rio ou em casa. H\u00e1 diversos modelos, com tamanhos e cores variadas, para grampear entre 12 e 160 folhas. Este modelo possui base met\u00e1lica, com 12,9 cent\u00edmetros, e capacidade para grampear 25 folhas.<\/p>\n","protected":false},"excerpt":{"rendered":"<p>O Grampeador 25 Folhas Met\u00e1lico de Mesa G104 Preto \u00e9 resistente e seguro, ideal para o dia a dia na escola, no escrit\u00f3rio ou em casa.<\/p>\n","protected":false},"featured_media":1928,"comment_status":"open","ping_status":"closed","template":"","meta":{"_monsterinsights_skip_tracking":false,"_monsterinsights_sitenote_active":false,"_monsterinsights_sitenote_note":"","_monsterinsights_sitenote_category":0,"site-sidebar-layout":"default","site-content-layout":"","ast-site-content-layout":"default","site-content-style":"default","site-sidebar-style":"default","ast-global-header-display":"","ast-banner-title-visibility":"","ast-main-header-display":"","ast-hfb-above-header-display":"","ast-hfb-below-header-display":"","ast-hfb-mobile-header-display":"","site-post-title":"","ast-breadcrumbs-content":"","ast-featured-img":"","footer-sml-layout":"","theme-transparent-header-meta":"default","adv-header-id-meta":"","stick-header-meta":"","header-above-stick-meta":"","header-main-stick-meta":"","header-below-stick-meta":"","astra-migrate-meta-layouts":"set"},"product_cat":[17],"product_tag":[108,60],"class_list":{"0":"post-1820","1":"product","2":"type-product","3":"status-publish","4":"has-post-thumbnail","6":"product_cat-acessorios","7":"product_tag-grampeador","8":"product_tag-tilibra","9":"desktop-align-left","10":"tablet-align-left","11":"mobile-align-left","13":"first","14":"instock","15":"purchasable","16":"product-type-simple"},"aioseo_notices":[],"_links":{"self":[{"href":"https:\/\/bemfeitos.com.br\/index.php\/wp-json\/wp\/v2\/product\/1820"}],"collection":[{"href":"https:\/\/bemfeitos.com.br\/index.php\/wp-json\/wp\/v2\/product"}],"about":[{"href":"https:\/\/bemfeitos.com.br\/index.php\/wp-json\/wp\/v2\/types\/product"}],"replies":[{"embeddable":true,"href":"https:\/\/bemfeitos.com.br\/index.php\/wp-json\/wp\/v2\/comments?post=1820"}],"version-history":[{"count":2,"href":"https:\/\/bemfeitos.com.br\/index.php\/wp-json\/wp\/v2\/product\/1820\/revisions"}],"predecessor-version":[{"id":2870,"href":"https:\/\/bemfeitos.com.br\/index.php\/wp-json\/wp\/v2\/product\/1820\/revisions\/2870"}],"wp:featuredmedia":[{"embeddable":true,"href":"https:\/\/bemfeitos.com.br\/index.php\/wp-json\/wp\/v2\/media\/1928"}],"wp:attachment":[{"href":"https:\/\/bemfeitos.com.br\/index.php\/wp-json\/wp\/v2\/media?parent=1820"}],"wp:term":[{"taxonomy":"product_cat","embeddable":true,"href":"https:\/\/bemfeitos.com.br\/index.php\/wp-json\/wp\/v2\/product_cat?post=1820"},{"taxonomy":"product_tag","embeddable":true,"href":"https:\/\/bemfeitos.com.br\/index.php\/wp-json\/wp\/v2\/product_tag?post=1820"}],"curies":[{"name":"wp","href":"https:\/\/api.w.org\/{rel}","templated":true}]}}