{"id":1822,"date":"2024-02-13T01:56:29","date_gmt":"2024-02-13T04:56:29","guid":{"rendered":"https:\/\/bemfeitos.com.br\/?post_type=product&#038;p=1822"},"modified":"2024-11-17T00:11:32","modified_gmt":"2024-11-17T03:11:32","slug":"gramp-12fl-benice-c-grampo-blt","status":"publish","type":"product","link":"https:\/\/bemfeitos.com.br\/index.php\/product\/gramp-12fl-benice-c-grampo-blt\/","title":{"rendered":"Grampeador 12 Folhas Mini Extrator Be Nice + 830 Grampos"},"content":{"rendered":"<p>O Grampeador 12 Folhas Mini com Extrator G101 Aqua \u00e9 resistente e seguro, ideal para o dia a dia na escola, no escrit\u00f3rio ou em casa. Ideal para evitar que pap\u00e9is se percam ou se separem, bastando para isso grampe\u00e1-los. <\/p>\n<p>Caracter\u00edsticas:<br \/>\nAlta qualidade: Sim<br \/>\nBase: 5,8cm<br \/>\nCom extrator de grampos integrado: Sim<br \/>\nCor: Branco<br \/>\nEspa\u00e7o de: 25mm para as folhas<br \/>\nEstrutura: Pl\u00e1stica<br \/>\nGarantia: 2 Anos<br \/>\nGrampeia at\u00e9: 12 folhas<br \/>\nGrampos compat\u00edveis: 24\/6 e 26\/6<br \/>\nModelo: Mini<br \/>\nResistente: Sim<br \/>\nTipos de fixa\u00e7\u00e3o: 1<\/p>\n","protected":false},"excerpt":{"rendered":"<p>O Grampeador 12 Folhas Mini com Extrator G101 Aqua \u00e9 resistente e seguro, ideal para o dia a dia na escola, no escrit\u00f3rio ou em casa. <\/p>\n","protected":false},"featured_media":1898,"comment_status":"open","ping_status":"closed","template":"","meta":{"_monsterinsights_skip_tracking":false,"_monsterinsights_sitenote_active":false,"_monsterinsights_sitenote_note":"","_monsterinsights_sitenote_category":0,"site-sidebar-layout":"default","site-content-layout":"","ast-site-content-layout":"default","site-content-style":"default","site-sidebar-style":"default","ast-global-header-display":"","ast-banner-title-visibility":"","ast-main-header-display":"","ast-hfb-above-header-display":"","ast-hfb-below-header-display":"","ast-hfb-mobile-header-display":"","site-post-title":"","ast-breadcrumbs-content":"","ast-featured-img":"","footer-sml-layout":"","theme-transparent-header-meta":"default","adv-header-id-meta":"","stick-header-meta":"","header-above-stick-meta":"","header-main-stick-meta":"","header-below-stick-meta":"","astra-migrate-meta-layouts":"set"},"product_cat":[17],"product_tag":[108,60],"class_list":{"0":"post-1822","1":"product","2":"type-product","3":"status-publish","4":"has-post-thumbnail","6":"product_cat-acessorios","7":"product_tag-grampeador","8":"product_tag-tilibra","9":"desktop-align-left","10":"tablet-align-left","11":"mobile-align-left","13":"first","14":"instock","15":"purchasable","16":"product-type-simple"},"aioseo_notices":[],"_links":{"self":[{"href":"https:\/\/bemfeitos.com.br\/index.php\/wp-json\/wp\/v2\/product\/1822"}],"collection":[{"href":"https:\/\/bemfeitos.com.br\/index.php\/wp-json\/wp\/v2\/product"}],"about":[{"href":"https:\/\/bemfeitos.com.br\/index.php\/wp-json\/wp\/v2\/types\/product"}],"replies":[{"embeddable":true,"href":"https:\/\/bemfeitos.com.br\/index.php\/wp-json\/wp\/v2\/comments?post=1822"}],"version-history":[{"count":2,"href":"https:\/\/bemfeitos.com.br\/index.php\/wp-json\/wp\/v2\/product\/1822\/revisions"}],"predecessor-version":[{"id":2868,"href":"https:\/\/bemfeitos.com.br\/index.php\/wp-json\/wp\/v2\/product\/1822\/revisions\/2868"}],"wp:featuredmedia":[{"embeddable":true,"href":"https:\/\/bemfeitos.com.br\/index.php\/wp-json\/wp\/v2\/media\/1898"}],"wp:attachment":[{"href":"https:\/\/bemfeitos.com.br\/index.php\/wp-json\/wp\/v2\/media?parent=1822"}],"wp:term":[{"taxonomy":"product_cat","embeddable":true,"href":"https:\/\/bemfeitos.com.br\/index.php\/wp-json\/wp\/v2\/product_cat?post=1822"},{"taxonomy":"product_tag","embeddable":true,"href":"https:\/\/bemfeitos.com.br\/index.php\/wp-json\/wp\/v2\/product_tag?post=1822"}],"curies":[{"name":"wp","href":"https:\/\/api.w.org\/{rel}","templated":true}]}}