{"id":1825,"date":"2024-02-13T01:56:53","date_gmt":"2024-02-13T04:56:53","guid":{"rendered":"https:\/\/bemfeitos.com.br\/?post_type=product&#038;p=1825"},"modified":"2024-02-13T23:52:16","modified_gmt":"2024-02-14T02:52:16","slug":"apont-2-furos-cd-be-nice-cx","status":"publish","type":"product","link":"https:\/\/bemfeitos.com.br\/index.php\/product\/apont-2-furos-cd-be-nice-cx\/","title":{"rendered":"Apontador 2 Furos com Dep\u00f3sito Be Nice"},"content":{"rendered":"<p>Apontador 2 furos Be Nice da Tilibra \u00e9 um apontador de l\u00e1pis com design moderno e eficiente para seu material escolar ou de trabalho! Esse apontador possui uma l\u00e2mina de alta qualidade de a\u00e7o carbono e dep\u00f3sito, garante uma ponta perfeita para voc\u00ea escrever ou desenhar.<\/p>\n","protected":false},"excerpt":{"rendered":"<p>Apontador 2 furos Be Nice da Tilibra \u00e9 um apontador de l\u00e1pis com design moderno e eficiente para seu material escolar ou de trabalho! <\/p>\n","protected":false},"featured_media":1886,"comment_status":"open","ping_status":"closed","template":"","meta":{"_monsterinsights_skip_tracking":false,"_monsterinsights_sitenote_active":false,"_monsterinsights_sitenote_note":"","_monsterinsights_sitenote_category":0,"site-sidebar-layout":"default","site-content-layout":"","ast-site-content-layout":"default","site-content-style":"default","site-sidebar-style":"default","ast-global-header-display":"","ast-banner-title-visibility":"","ast-main-header-display":"","ast-hfb-above-header-display":"","ast-hfb-below-header-display":"","ast-hfb-mobile-header-display":"","site-post-title":"","ast-breadcrumbs-content":"","ast-featured-img":"","footer-sml-layout":"","theme-transparent-header-meta":"default","adv-header-id-meta":"","stick-header-meta":"","header-above-stick-meta":"","header-main-stick-meta":"","header-below-stick-meta":"","astra-migrate-meta-layouts":"set"},"product_cat":[24],"product_tag":[104,60],"class_list":{"0":"post-1825","1":"product","2":"type-product","3":"status-publish","4":"has-post-thumbnail","6":"product_cat-apontadores","7":"product_tag-apontador","8":"product_tag-tilibra","9":"desktop-align-left","10":"tablet-align-left","11":"mobile-align-left","13":"first","14":"instock","15":"purchasable","16":"product-type-simple"},"aioseo_notices":[],"_links":{"self":[{"href":"https:\/\/bemfeitos.com.br\/index.php\/wp-json\/wp\/v2\/product\/1825"}],"collection":[{"href":"https:\/\/bemfeitos.com.br\/index.php\/wp-json\/wp\/v2\/product"}],"about":[{"href":"https:\/\/bemfeitos.com.br\/index.php\/wp-json\/wp\/v2\/types\/product"}],"replies":[{"embeddable":true,"href":"https:\/\/bemfeitos.com.br\/index.php\/wp-json\/wp\/v2\/comments?post=1825"}],"version-history":[{"count":1,"href":"https:\/\/bemfeitos.com.br\/index.php\/wp-json\/wp\/v2\/product\/1825\/revisions"}],"predecessor-version":[{"id":1884,"href":"https:\/\/bemfeitos.com.br\/index.php\/wp-json\/wp\/v2\/product\/1825\/revisions\/1884"}],"wp:featuredmedia":[{"embeddable":true,"href":"https:\/\/bemfeitos.com.br\/index.php\/wp-json\/wp\/v2\/media\/1886"}],"wp:attachment":[{"href":"https:\/\/bemfeitos.com.br\/index.php\/wp-json\/wp\/v2\/media?parent=1825"}],"wp:term":[{"taxonomy":"product_cat","embeddable":true,"href":"https:\/\/bemfeitos.com.br\/index.php\/wp-json\/wp\/v2\/product_cat?post=1825"},{"taxonomy":"product_tag","embeddable":true,"href":"https:\/\/bemfeitos.com.br\/index.php\/wp-json\/wp\/v2\/product_tag?post=1825"}],"curies":[{"name":"wp","href":"https:\/\/api.w.org\/{rel}","templated":true}]}}