{"id":183,"date":"2023-08-27T00:47:53","date_gmt":"2023-08-27T03:47:53","guid":{"rendered":"https:\/\/bemfeitos.com.br\/?post_type=product&#038;p=183"},"modified":"2023-09-27T03:44:41","modified_gmt":"2023-09-27T06:44:41","slug":"lapis-de-cor-ecolapis-supersoft-cores-quentes-15-cores-faber-castell","status":"publish","type":"product","link":"https:\/\/bemfeitos.com.br\/index.php\/product\/lapis-de-cor-ecolapis-supersoft-cores-quentes-15-cores-faber-castell\/","title":{"rendered":"L\u00e1pis de Cor EcoL\u00e1pis SuperSoft Cores Quentes Faber Castell"},"content":{"rendered":"<div id=\"dvInmetro\" class=\"descricaoproduto__inmetro dvInmetro\"><\/div>\n<div id=\"descricaoPadrao\" class=\"descricaoproduto__item descricaoPadrao\">\n<p><b><\/b>Com o L\u00e1pis de cor SuperSoft Faber Castell voc\u00ea ter\u00e1 a melhor qualidade e uma linda apar\u00eancia em seus trabalhos! Eles possuem cores mais vivas e com \u00f3tima cobertura.<\/p>\n<hr \/>\n<p><strong><u>Especifica\u00e7\u00f5es<\/u><\/strong><\/p>\n<ul>\n<li>Tons quentes<\/li>\n<li>Mina supermacia exclusiva<\/li>\n<li>Ecolapis de Cor Supersoft 15 CORES QUENTES<\/li>\n<li>Produzido com madeira 100% reflorestada , certificado pelo FSC\u00ae<\/li>\n<\/ul>\n<p>&nbsp;<\/p>\n<p><a href=\"https:\/\/bemfeitos.com.br\">Bem-Feito Presentes e Papelaria<\/a><\/p>\n<\/div>\n","protected":false},"excerpt":{"rendered":"<p>Com o L\u00e1pis de cor SuperSoft Faber Castell voc\u00ea ter\u00e1 a melhor qualidade e uma linda apar\u00eancia em seus trabalhos!<\/p>\n","protected":false},"featured_media":184,"comment_status":"open","ping_status":"closed","template":"","meta":{"_monsterinsights_skip_tracking":false,"_monsterinsights_sitenote_active":false,"_monsterinsights_sitenote_note":"","_monsterinsights_sitenote_category":0,"site-sidebar-layout":"default","site-content-layout":"","ast-site-content-layout":"default","site-content-style":"default","site-sidebar-style":"default","ast-global-header-display":"","ast-banner-title-visibility":"","ast-main-header-display":"","ast-hfb-above-header-display":"","ast-hfb-below-header-display":"","ast-hfb-mobile-header-display":"","site-post-title":"","ast-breadcrumbs-content":"","ast-featured-img":"","footer-sml-layout":"","theme-transparent-header-meta":"default","adv-header-id-meta":"","stick-header-meta":"","header-above-stick-meta":"","header-main-stick-meta":"","header-below-stick-meta":"","astra-migrate-meta-layouts":"set"},"product_cat":[21,25],"product_tag":[47],"class_list":{"0":"post-183","1":"product","2":"type-product","3":"status-publish","4":"has-post-thumbnail","6":"product_cat-lapis-de-cor","7":"product_cat-material-escolar","8":"product_tag-faber-castell","9":"desktop-align-left","10":"tablet-align-left","11":"mobile-align-left","13":"first","14":"instock","15":"purchasable","16":"product-type-simple"},"aioseo_notices":[],"_links":{"self":[{"href":"https:\/\/bemfeitos.com.br\/index.php\/wp-json\/wp\/v2\/product\/183"}],"collection":[{"href":"https:\/\/bemfeitos.com.br\/index.php\/wp-json\/wp\/v2\/product"}],"about":[{"href":"https:\/\/bemfeitos.com.br\/index.php\/wp-json\/wp\/v2\/types\/product"}],"replies":[{"embeddable":true,"href":"https:\/\/bemfeitos.com.br\/index.php\/wp-json\/wp\/v2\/comments?post=183"}],"version-history":[{"count":3,"href":"https:\/\/bemfeitos.com.br\/index.php\/wp-json\/wp\/v2\/product\/183\/revisions"}],"predecessor-version":[{"id":1175,"href":"https:\/\/bemfeitos.com.br\/index.php\/wp-json\/wp\/v2\/product\/183\/revisions\/1175"}],"wp:featuredmedia":[{"embeddable":true,"href":"https:\/\/bemfeitos.com.br\/index.php\/wp-json\/wp\/v2\/media\/184"}],"wp:attachment":[{"href":"https:\/\/bemfeitos.com.br\/index.php\/wp-json\/wp\/v2\/media?parent=183"}],"wp:term":[{"taxonomy":"product_cat","embeddable":true,"href":"https:\/\/bemfeitos.com.br\/index.php\/wp-json\/wp\/v2\/product_cat?post=183"},{"taxonomy":"product_tag","embeddable":true,"href":"https:\/\/bemfeitos.com.br\/index.php\/wp-json\/wp\/v2\/product_tag?post=183"}],"curies":[{"name":"wp","href":"https:\/\/api.w.org\/{rel}","templated":true}]}}