{"id":1830,"date":"2024-02-13T01:56:53","date_gmt":"2024-02-13T04:56:53","guid":{"rendered":"https:\/\/bemfeitos.com.br\/?post_type=product&#038;p=1830"},"modified":"2024-02-14T20:26:05","modified_gmt":"2024-02-14T23:26:05","slug":"marc-artistico-outline-sort-dp","status":"publish","type":"product","link":"https:\/\/bemfeitos.com.br\/index.php\/product\/marc-artistico-outline-sort-dp\/","title":{"rendered":"Marcador Art\u00edstico Outline"},"content":{"rendered":"<p>Dispon\u00edvel em 4 cores, o Marcador Art\u00edstico Outline proporciona dois tra\u00e7os em um e efeito prateado com contorno colorido, de acordo com a cor da tampa. \u00c9 indicado para pap\u00e9is com maior gramatura e tons claros.<\/p>\n<p>Item sortido: n\u00e3o garantimos a entrega de todas as estampas\/cores mostradas<\/p>\n<p>Alta qualidade: Sim<br \/>\nC\u00f3digo de barras individual: Sim<br \/>\nCores vivas e vibrantes: Sim<br \/>\nN\u00e3o t\u00f3xico: Sim<br \/>\nPonta redonda: Sim<\/p>\n","protected":false},"excerpt":{"rendered":"<p>Dispon\u00edvel em 4 cores, o Marcador Art\u00edstico Outline proporciona dois tra\u00e7os em um e efeito prateado com contorno colorido, de acordo com a cor da tampa.<\/p>\n","protected":false},"featured_media":1963,"comment_status":"open","ping_status":"closed","template":"","meta":{"_monsterinsights_skip_tracking":false,"_monsterinsights_sitenote_active":false,"_monsterinsights_sitenote_note":"","_monsterinsights_sitenote_category":0,"site-sidebar-layout":"default","site-content-layout":"","ast-site-content-layout":"default","site-content-style":"default","site-sidebar-style":"default","ast-global-header-display":"","ast-banner-title-visibility":"","ast-main-header-display":"","ast-hfb-above-header-display":"","ast-hfb-below-header-display":"","ast-hfb-mobile-header-display":"","site-post-title":"","ast-breadcrumbs-content":"","ast-featured-img":"","footer-sml-layout":"","theme-transparent-header-meta":"default","adv-header-id-meta":"","stick-header-meta":"","header-above-stick-meta":"","header-main-stick-meta":"","header-below-stick-meta":"","astra-migrate-meta-layouts":"set"},"product_cat":[17,34],"product_tag":[60],"class_list":{"0":"post-1830","1":"product","2":"type-product","3":"status-publish","4":"has-post-thumbnail","6":"product_cat-acessorios","7":"product_cat-marca-texto","8":"product_tag-tilibra","9":"desktop-align-left","10":"tablet-align-left","11":"mobile-align-left","13":"first","14":"instock","15":"purchasable","16":"product-type-simple"},"aioseo_notices":[],"_links":{"self":[{"href":"https:\/\/bemfeitos.com.br\/index.php\/wp-json\/wp\/v2\/product\/1830"}],"collection":[{"href":"https:\/\/bemfeitos.com.br\/index.php\/wp-json\/wp\/v2\/product"}],"about":[{"href":"https:\/\/bemfeitos.com.br\/index.php\/wp-json\/wp\/v2\/types\/product"}],"replies":[{"embeddable":true,"href":"https:\/\/bemfeitos.com.br\/index.php\/wp-json\/wp\/v2\/comments?post=1830"}],"version-history":[{"count":0,"href":"https:\/\/bemfeitos.com.br\/index.php\/wp-json\/wp\/v2\/product\/1830\/revisions"}],"wp:featuredmedia":[{"embeddable":true,"href":"https:\/\/bemfeitos.com.br\/index.php\/wp-json\/wp\/v2\/media\/1963"}],"wp:attachment":[{"href":"https:\/\/bemfeitos.com.br\/index.php\/wp-json\/wp\/v2\/media?parent=1830"}],"wp:term":[{"taxonomy":"product_cat","embeddable":true,"href":"https:\/\/bemfeitos.com.br\/index.php\/wp-json\/wp\/v2\/product_cat?post=1830"},{"taxonomy":"product_tag","embeddable":true,"href":"https:\/\/bemfeitos.com.br\/index.php\/wp-json\/wp\/v2\/product_tag?post=1830"}],"curies":[{"name":"wp","href":"https:\/\/api.w.org\/{rel}","templated":true}]}}